{"id":344,"date":"2026-03-04T04:06:07","date_gmt":"2026-03-04T04:06:07","guid":{"rendered":"https:\/\/artigonews.com\/?page_id=344"},"modified":"2026-03-04T04:06:07","modified_gmt":"2026-03-04T04:06:07","slug":"%d9%85%d9%86-%d9%86%d8%ad%d9%86","status":"publish","type":"page","link":"https:\/\/artigonews.com\/ar\/quem-somos\/","title":{"rendered":"\u0645\u0646 \u0646\u062d\u0646"},"content":{"rendered":"<p>\u0646\u062d\u0646 <strong>\u0623\u062e\u0628\u0627\u0631 \u0627\u0644\u0645\u0642\u0627\u0644\u0627\u062a<\/strong>, \u060c \u0648\u0647\u0648 \u0645\u0648\u0642\u0639 \u0625\u0644\u0643\u062a\u0631\u0648\u0646\u064a \u062a\u0645 \u0625\u0646\u0634\u0627\u0624\u0647 \u0644\u0623\u0648\u0644\u0626\u0643 \u0627\u0644\u0630\u064a\u0646 \u064a\u0631\u063a\u0628\u0648\u0646 \u0641\u064a \u0627\u0644\u0628\u0642\u0627\u0621 \u0639\u0644\u0649 \u0627\u0637\u0644\u0627\u0639 \u062f\u0627\u0626\u0645 \u0628\u0645\u0627 \u064a\u062d\u062f\u062b \u0641\u064a \u0627\u0644\u0639\u0627\u0644\u0645 \u0627\u0644\u0631\u0642\u0645\u064a - \u0628\u0637\u0631\u064a\u0642\u0629 \u0628\u0633\u064a\u0637\u0629 \u0648\u0645\u0628\u0627\u0634\u0631\u0629 \u0648\u062d\u062f\u064a\u062b\u0629.<\/p>\n\n\n\n<p>\u0633\u062a\u062c\u062f \u0647\u0646\u0627 \u0645\u062d\u062a\u0648\u0649 \u062d\u0648\u0644 <strong>\u0627\u0644\u062a\u0637\u0628\u064a\u0642\u0627\u062a<\/strong>, \u0646\u0642\u062f\u0645 \u0627\u0642\u062a\u0631\u0627\u062d\u0627\u062a \u0648\u062a\u062d\u0644\u064a\u0644\u0627\u062a \u0644\u0645\u0633\u0627\u0639\u062f\u062a\u0643 \u0641\u064a \u0627\u062e\u062a\u064a\u0627\u0631 \u0623\u062f\u0648\u0627\u062a \u0645\u0641\u064a\u062f\u0629 \u0644\u0644\u0627\u0633\u062a\u062e\u062f\u0627\u0645 \u0627\u0644\u064a\u0648\u0645\u064a\u060c \u0628\u0627\u0644\u0625\u0636\u0627\u0641\u0629 \u0625\u0644\u0649 \u0623\u062f\u0644\u0629 \u0648\u062a\u0648\u0635\u064a\u0627\u062a \u0644\u062a\u062d\u0642\u064a\u0642 \u0623\u0642\u0635\u0649 \u0627\u0633\u062a\u0641\u0627\u062f\u0629 \u0645\u0646 \u0643\u0644 \u062a\u0637\u0628\u064a\u0642. \u0643\u0645\u0627 \u0646\u062a\u062d\u062f\u062b \u0623\u064a\u0636\u064b\u0627 \u0639\u0646 <strong>\u062a\u0643\u0646\u0648\u0644\u0648\u062c\u064a\u0627<\/strong>, \u062a\u0642\u062f\u064a\u0645 \u0627\u0644\u0627\u062a\u062c\u0627\u0647\u0627\u062a \u0648\u0627\u0644\u0623\u062e\u0628\u0627\u0631 \u0648\u0627\u0644\u062a\u0641\u0633\u064a\u0631\u0627\u062a \u0628\u0637\u0631\u064a\u0642\u0629 \u0645\u0628\u0627\u0634\u0631\u0629\u060c \u0628\u062d\u064a\u062b \u064a\u0645\u0643\u0646 \u0644\u0623\u064a \u0634\u062e\u0635 \u0641\u0647\u0645\u0647\u0627.<\/p>\n\n\n\n<p>\u0641\u064a ArtigoNews\u060c \u0646\u0633\u062a\u0645\u062a\u0639 \u0623\u064a\u0636\u0627\u064b \u0628\u0627\u0644\u0627\u0633\u062a\u0643\u0634\u0627\u0641. <strong>\u062d\u0642\u0627\u0626\u0642 \u0645\u062b\u064a\u0631\u0629 \u0644\u0644\u0627\u0647\u062a\u0645\u0627\u0645<\/strong> (\u0648\u062e\u0627\u0635\u0629\u064b \u0627\u0644\u0645\u0639\u0644\u0648\u0645\u0627\u062a \u0627\u0644\u062a\u0642\u0646\u064a\u0629 \u0645\u0646\u0647\u0627)\u060c \u062a\u0644\u0643 \u0627\u0644\u0645\u0639\u0644\u0648\u0645\u0627\u062a \u0627\u0644\u0634\u064a\u0642\u0629 \u0627\u0644\u062a\u064a \u0631\u0628\u0645\u0627 \u0644\u0645 \u062a\u0643\u0646 \u062a\u0639\u0631\u0641\u0647\u0627 \u0645\u0646 \u0642\u0628\u0644\u060c \u0648\u0627\u0644\u062a\u064a \u062a\u062c\u0639\u0644\u0643 \u062a\u0646\u0638\u0631 \u0625\u0644\u0649 \u0647\u0627\u062a\u0641\u0643 \u0627\u0644\u0645\u062d\u0645\u0648\u0644 \u0648\u0627\u0644\u0625\u0646\u062a\u0631\u0646\u062a \u0628\u0637\u0631\u064a\u0642\u0629 \u0645\u062e\u062a\u0644\u0641\u0629. \u0648\u0628\u0627\u0644\u0637\u0628\u0639\u060c \u0644\u062f\u064a\u0646\u0627 \u0645\u0646\u0637\u0642\u0629 \u0645\u0644\u064a\u0626\u0629 \u0628\u0640 <strong>\u0646\u0635\u0627\u0626\u062d<\/strong> \u0646\u0635\u0627\u0626\u062d \u0644\u062a\u0633\u0647\u064a\u0644 \u0627\u0644\u062d\u064a\u0627\u0629: \u0645\u0646 \u062d\u064a\u0644 \u0627\u0644\u0647\u0648\u0627\u062a\u0641 \u0627\u0644\u0630\u0643\u064a\u0629 \u0625\u0644\u0649 \u0637\u0631\u0642 \u062a\u0646\u0638\u064a\u0645 \u062a\u0637\u0628\u064a\u0642\u0627\u062a\u0643 \u0628\u0634\u0643\u0644 \u0623\u0641\u0636\u0644\u060c \u0648\u062a\u062d\u0633\u064a\u0646 \u0627\u0644\u0623\u062f\u0627\u0621\u060c \u0648\u0627\u0633\u062a\u062e\u062f\u0627\u0645 \u0627\u0644\u0645\u064a\u0632\u0627\u062a \u0627\u0644\u0645\u062e\u0641\u064a\u0629.<\/p>\n\n\n\n<p>\u0648\u0644\u0625\u0643\u0645\u0627\u0644 \u0627\u0644\u0635\u0648\u0631\u0629\u060c \u0646\u063a\u0637\u064a <strong>\u0623\u0644\u0639\u0627\u0628<\/strong>, \u060c \u0645\u0639 \u0645\u062d\u062a\u0648\u0649 \u0644\u0623\u0648\u0644\u0626\u0643 \u0627\u0644\u0630\u064a\u0646 \u064a\u0644\u0639\u0628\u0648\u0646 \u0639\u0644\u0649 \u0627\u0644\u0647\u0627\u062a\u0641 \u0627\u0644\u0645\u062d\u0645\u0648\u0644 \u0623\u0648 \u0627\u0644\u0643\u0645\u0628\u064a\u0648\u062a\u0631 \u0627\u0644\u0634\u062e\u0635\u064a \u0623\u0648 \u0648\u062d\u062f\u0629 \u0627\u0644\u062a\u062d\u0643\u0645: \u0623\u062e\u0628\u0627\u0631 \u0648\u0627\u062a\u062c\u0627\u0647\u0627\u062a \u0648\u0642\u0648\u0627\u0626\u0645 \u0648\u062a\u0648\u0635\u064a\u0627\u062a \u0644\u062a\u0643\u062a\u0634\u0641 \u0645\u0627 \u064a\u0633\u062a\u062d\u0642 \u0627\u0644\u0644\u0639\u0628.<\/p>\n\n\n\n<p>\u0647\u062f\u0641\u0646\u0627 \u0647\u0648 \u0623\u0646 \u0646\u0643\u0648\u0646 \u0628\u0648\u0627\u0628\u0629 \u0645\u0648\u062b\u0648\u0642\u0629 \u0648\u0633\u0647\u0644\u0629 \u0627\u0644\u0627\u0633\u062a\u062e\u062f\u0627\u0645\u060c \u0628\u0645\u062d\u062a\u0648\u0649 \u064a\u064f\u0641\u064a\u062f \u0648\u064a\u0633\u0627\u0639\u062f \u0648\u064a\u064f\u0633\u0644\u064a - \u0628\u0627\u0633\u062a\u062e\u062f\u0627\u0645 \u0644\u063a\u0629 \u0633\u0647\u0644\u0629 \u0627\u0644\u0641\u0647\u0645 \u0648\u0627\u0644\u062a\u0631\u0643\u064a\u0632 \u0639\u0644\u0649 \u0645\u0627 \u064a\u0647\u0645 \u062d\u0642\u064b\u0627.<\/p>\n\n\n\n<p>\u0623\u0647\u0644\u0627 \u0648\u0633\u0647\u0644\u0627 \u0628\u0643\u0645 <strong>\u0623\u062e\u0628\u0627\u0631 \u0627\u0644\u0645\u0642\u0627\u0644\u0627\u062a<\/strong>. \ud83d\ude80<\/p>","protected":false},"excerpt":{"rendered":"<p>Somos o ArtigoNews, um site criado para quem gosta de estar sempre por dentro do que acontece no mundo digital \u2014 de um jeito simples, direto e atualizado. Aqui voc\u00ea encontra conte\u00fados sobre Aplicativos, com sugest\u00f5es e an\u00e1lises para ajudar a escolher ferramentas \u00fateis no dia a dia, al\u00e9m de guias e recomenda\u00e7\u00f5es para aproveitar [&hellip;]<\/p>\n","protected":false},"author":1,"featured_media":0,"parent":0,"menu_order":0,"comment_status":"closed","ping_status":"closed","template":"","meta":{"footnotes":""},"class_list":["post-344","page","type-page","status-publish"],"_links":{"self":[{"href":"https:\/\/artigonews.com\/ar\/wp-json\/wp\/v2\/pages\/344","targetHints":{"allow":["GET"]}}],"collection":[{"href":"https:\/\/artigonews.com\/ar\/wp-json\/wp\/v2\/pages"}],"about":[{"href":"https:\/\/artigonews.com\/ar\/wp-json\/wp\/v2\/types\/page"}],"author":[{"embeddable":true,"href":"https:\/\/artigonews.com\/ar\/wp-json\/wp\/v2\/users\/1"}],"replies":[{"embeddable":true,"href":"https:\/\/artigonews.com\/ar\/wp-json\/wp\/v2\/comments?post=344"}],"version-history":[{"count":1,"href":"https:\/\/artigonews.com\/ar\/wp-json\/wp\/v2\/pages\/344\/revisions"}],"predecessor-version":[{"id":345,"href":"https:\/\/artigonews.com\/ar\/wp-json\/wp\/v2\/pages\/344\/revisions\/345"}],"wp:attachment":[{"href":"https:\/\/artigonews.com\/ar\/wp-json\/wp\/v2\/media?parent=344"}],"curies":[{"name":"wp","href":"https:\/\/api.w.org\/{rel}","templated":true}]}}