{"id":344,"date":"2026-03-04T04:06:07","date_gmt":"2026-03-04T04:06:07","guid":{"rendered":"https:\/\/artigonews.com\/?page_id=344"},"modified":"2026-03-04T04:06:07","modified_gmt":"2026-03-04T04:06:07","slug":"%d0%ba%d0%be%d0%b8-%d1%81%d0%bc%d0%b5-%d0%bd%d0%b8%d0%b5","status":"publish","type":"page","link":"https:\/\/artigonews.com\/bg\/quem-somos\/","title":{"rendered":"\u041a\u043e\u0438 \u0441\u043c\u0435 \u043d\u0438\u0435"},"content":{"rendered":"<p>\u041d\u0438\u0435 \u0441\u043c\u0435 <strong>\u0421\u0442\u0430\u0442\u0438\u044f\u041d\u043e\u0432\u0438\u043d\u0438<\/strong>, \u0443\u0435\u0431\u0441\u0430\u0439\u0442, \u0441\u044a\u0437\u0434\u0430\u0434\u0435\u043d \u0437\u0430 \u0442\u0435\u0437\u0438, \u043a\u043e\u0438\u0442\u043e \u043e\u0431\u0438\u0447\u0430\u0442 \u0434\u0430 \u0441\u0430 \u0432 \u043a\u0440\u0430\u043a \u0441 \u043d\u043e\u0432\u043e\u0441\u0442\u0438\u0442\u0435 \u0432 \u0434\u0438\u0433\u0438\u0442\u0430\u043b\u043d\u0438\u044f \u0441\u0432\u044f\u0442 \u2014 \u043f\u043e \u043f\u0440\u043e\u0441\u0442, \u0434\u0438\u0440\u0435\u043a\u0442\u0435\u043d \u0438 \u0430\u043a\u0442\u0443\u0430\u043b\u0435\u043d \u043d\u0430\u0447\u0438\u043d.<\/p>\n\n\n\n<p>\u0422\u0443\u043a \u0449\u0435 \u043d\u0430\u043c\u0435\u0440\u0438\u0442\u0435 \u0441\u044a\u0434\u044a\u0440\u0436\u0430\u043d\u0438\u0435 \u0437\u0430 <strong>\u041f\u0440\u0438\u043b\u043e\u0436\u0435\u043d\u0438\u044f<\/strong>, \u0441 \u043f\u0440\u0435\u0434\u043b\u043e\u0436\u0435\u043d\u0438\u044f \u0438 \u0430\u043d\u0430\u043b\u0438\u0437\u0438, \u043a\u043e\u0438\u0442\u043e \u0434\u0430 \u0432\u0438 \u043f\u043e\u043c\u043e\u0433\u043d\u0430\u0442 \u0434\u0430 \u0438\u0437\u0431\u0435\u0440\u0435\u0442\u0435 \u043f\u043e\u043b\u0435\u0437\u043d\u0438 \u0438\u043d\u0441\u0442\u0440\u0443\u043c\u0435\u043d\u0442\u0438 \u0437\u0430 \u0435\u0436\u0435\u0434\u043d\u0435\u0432\u043d\u0430 \u0443\u043f\u043e\u0442\u0440\u0435\u0431\u0430, \u043a\u0430\u043a\u0442\u043e \u0438 \u0440\u044a\u043a\u043e\u0432\u043e\u0434\u0441\u0442\u0432\u0430 \u0438 \u043f\u0440\u0435\u043f\u043e\u0440\u044a\u043a\u0438, \u0437\u0430 \u0434\u0430 \u0441\u0435 \u0432\u044a\u0437\u043f\u043e\u043b\u0437\u0432\u0430\u0442\u0435 \u043c\u0430\u043a\u0441\u0438\u043c\u0430\u043b\u043d\u043e \u043e\u0442 \u0432\u0441\u044f\u043a\u043e \u043f\u0440\u0438\u043b\u043e\u0436\u0435\u043d\u0438\u0435. \u0413\u043e\u0432\u043e\u0440\u0438\u043c \u0438 \u0437\u0430 <strong>\u0422\u0435\u0445\u043d\u043e\u043b\u043e\u0433\u0438\u044f<\/strong>, \u041f\u0440\u0435\u0434\u0441\u0442\u0430\u0432\u044f\u043d\u0435 \u043d\u0430 \u0442\u0435\u043d\u0434\u0435\u043d\u0446\u0438\u0438, \u043d\u043e\u0432\u0438\u043d\u0438 \u0438 \u043e\u0431\u044f\u0441\u043d\u0435\u043d\u0438\u044f \u043f\u043e \u043b\u0435\u0441\u0435\u043d \u0437\u0430 \u0440\u0430\u0437\u0431\u0438\u0440\u0430\u043d\u0435 \u043d\u0430\u0447\u0438\u043d, \u0442\u0430\u043a\u0430 \u0447\u0435 \u0432\u0441\u0435\u043a\u0438 \u0434\u0430 \u043c\u043e\u0436\u0435 \u0434\u0430 \u0433\u0438 \u0440\u0430\u0437\u0431\u0435\u0440\u0435.<\/p>\n\n\n\n<p>\u0412 ArtigoNews \u0441\u044a\u0449\u043e \u043e\u0431\u0438\u0447\u0430\u043c\u0435 \u0434\u0430 \u0438\u0437\u0441\u043b\u0435\u0434\u0432\u0430\u043c\u0435. <strong>\u0418\u043d\u0442\u0435\u0440\u0435\u0441\u043d\u0438 \u0444\u0430\u043a\u0442\u0438<\/strong> (\u043e\u0441\u043e\u0431\u0435\u043d\u043e \u0442\u0435\u0445\u043d\u043e\u043b\u043e\u0433\u0438\u0447\u043d\u0438\u0442\u0435), \u043e\u043d\u0435\u0437\u0438 \u0438\u043d\u0442\u0435\u0440\u0435\u0441\u043d\u0438 \u0438\u043d\u0444\u043e\u0440\u043c\u0430\u0446\u0438\u0438, \u043a\u043e\u0438\u0442\u043e \u0432\u0435\u0440\u043e\u044f\u0442\u043d\u043e \u043d\u0435 \u0441\u0442\u0435 \u0437\u043d\u0430\u0435\u043b\u0438 \u2013 \u0438 \u043a\u043e\u0438\u0442\u043e \u0432\u0438 \u043a\u0430\u0440\u0430\u0442 \u0434\u0430 \u043f\u043e\u0433\u043b\u0435\u0434\u043d\u0435\u0442\u0435 \u043d\u0430 \u043c\u043e\u0431\u0438\u043b\u043d\u0438\u044f \u0441\u0438 \u0442\u0435\u043b\u0435\u0444\u043e\u043d \u0438 \u0438\u043d\u0442\u0435\u0440\u043d\u0435\u0442 \u043f\u043e \u0440\u0430\u0437\u043b\u0438\u0447\u0435\u043d \u043d\u0430\u0447\u0438\u043d. \u0418, \u0440\u0430\u0437\u0431\u0438\u0440\u0430 \u0441\u0435, \u0438\u043c\u0430\u043c\u0435 \u043e\u0431\u043b\u0430\u0441\u0442, \u043f\u044a\u043b\u043d\u0430 \u0441 <strong>\u0421\u044a\u0432\u0435\u0442\u0438<\/strong> \u0421\u044a\u0432\u0435\u0442\u0438 \u0437\u0430 \u0443\u043b\u0435\u0441\u043d\u044f\u0432\u0430\u043d\u0435 \u043d\u0430 \u0436\u0438\u0432\u043e\u0442\u0430: \u043e\u0442 \u0442\u0440\u0438\u043a\u043e\u0432\u0435 \u0437\u0430 \u0441\u043c\u0430\u0440\u0442\u0444\u043e\u043d\u0438 \u0434\u043e \u043d\u0430\u0447\u0438\u043d\u0438 \u0437\u0430 \u043f\u043e-\u0434\u043e\u0431\u0440\u043e \u043e\u0440\u0433\u0430\u043d\u0438\u0437\u0438\u0440\u0430\u043d\u0435 \u043d\u0430 \u043f\u0440\u0438\u043b\u043e\u0436\u0435\u043d\u0438\u044f\u0442\u0430, \u043f\u043e\u0434\u043e\u0431\u0440\u044f\u0432\u0430\u043d\u0435 \u043d\u0430 \u043f\u0440\u043e\u0438\u0437\u0432\u043e\u0434\u0438\u0442\u0435\u043b\u043d\u043e\u0441\u0442\u0442\u0430 \u0438 \u0438\u0437\u043f\u043e\u043b\u0437\u0432\u0430\u043d\u0435 \u043d\u0430 \u0441\u043a\u0440\u0438\u0442\u0438 \u0444\u0443\u043d\u043a\u0446\u0438\u0438.<\/p>\n\n\n\n<p>\u0418 \u0437\u0430 \u0434\u0430 \u0437\u0430\u0432\u044a\u0440\u0448\u0438\u043c, \u0449\u0435 \u0440\u0430\u0437\u0433\u043b\u0435\u0434\u0430\u043c\u0435 <strong>\u0418\u0433\u0440\u0438<\/strong>, \u0441\u044a\u0441 \u0441\u044a\u0434\u044a\u0440\u0436\u0430\u043d\u0438\u0435 \u0437\u0430 \u0442\u0435\u0437\u0438, \u043a\u043e\u0438\u0442\u043e \u0438\u0433\u0440\u0430\u044f\u0442 \u043d\u0430 \u043c\u043e\u0431\u0438\u043b\u043d\u0438 \u0443\u0441\u0442\u0440\u043e\u0439\u0441\u0442\u0432\u0430, \u043a\u043e\u043c\u043f\u044e\u0442\u044a\u0440 \u0438\u043b\u0438 \u043a\u043e\u043d\u0437\u043e\u043b\u0430: \u043d\u043e\u0432\u0438\u043d\u0438, \u0442\u0435\u043d\u0434\u0435\u043d\u0446\u0438\u0438, \u0441\u043f\u0438\u0441\u044a\u0446\u0438 \u0438 \u043f\u0440\u0435\u043f\u043e\u0440\u044a\u043a\u0438, \u0437\u0430 \u0434\u0430 \u043e\u0442\u043a\u0440\u0438\u0435\u0442\u0435 \u043a\u0430\u043a\u0432\u043e \u0441\u0438 \u0441\u0442\u0440\u0443\u0432\u0430 \u0434\u0430 \u0438\u0433\u0440\u0430\u0435\u0442\u0435.<\/p>\n\n\n\n<p>\u041d\u0430\u0448\u0430\u0442\u0430 \u0446\u0435\u043b \u0435 \u0434\u0430 \u0431\u044a\u0434\u0435\u043c \u043d\u0430\u0434\u0435\u0436\u0434\u0435\u043d \u0438 \u043b\u0435\u0441\u0435\u043d \u0437\u0430 \u043f\u043e\u043b\u0437\u0432\u0430\u043d\u0435 \u043f\u043e\u0440\u0442\u0430\u043b, \u0441\u044a\u0441 \u0441\u044a\u0434\u044a\u0440\u0436\u0430\u043d\u0438\u0435, \u043a\u043e\u0435\u0442\u043e \u0438\u043d\u0444\u043e\u0440\u043c\u0438\u0440\u0430, \u043f\u043e\u043c\u0430\u0433\u0430 \u0438 \u0437\u0430\u0431\u0430\u0432\u043b\u044f\u0432\u0430 \u2014 \u0432\u0438\u043d\u0430\u0433\u0438 \u0438\u0437\u043f\u043e\u043b\u0437\u0432\u0430\u0439\u043a\u0438 \u0434\u043e\u0441\u0442\u044a\u043f\u0435\u043d \u0435\u0437\u0438\u043a \u0438 \u0444\u043e\u043a\u0443\u0441\u0438\u0440\u0430\u0439\u043a\u0438 \u0441\u0435 \u0432\u044a\u0440\u0445\u0443 \u0442\u043e\u0432\u0430, \u043a\u043e\u0435\u0442\u043e \u043d\u0430\u0438\u0441\u0442\u0438\u043d\u0430 \u0438\u043c\u0430 \u0437\u043d\u0430\u0447\u0435\u043d\u0438\u0435.<\/p>\n\n\n\n<p>\u0414\u043e\u0431\u0440\u0435 \u0434\u043e\u0448\u043b\u0438 \u0432 <strong>\u0421\u0442\u0430\u0442\u0438\u044f\u041d\u043e\u0432\u0438\u043d\u0438<\/strong>. \ud83d\ude80<\/p>","protected":false},"excerpt":{"rendered":"<p>Somos o ArtigoNews, um site criado para quem gosta de estar sempre por dentro do que acontece no mundo digital \u2014 de um jeito simples, direto e atualizado. Aqui voc\u00ea encontra conte\u00fados sobre Aplicativos, com sugest\u00f5es e an\u00e1lises para ajudar a escolher ferramentas \u00fateis no dia a dia, al\u00e9m de guias e recomenda\u00e7\u00f5es para aproveitar [&hellip;]<\/p>\n","protected":false},"author":1,"featured_media":0,"parent":0,"menu_order":0,"comment_status":"closed","ping_status":"closed","template":"","meta":{"footnotes":""},"class_list":["post-344","page","type-page","status-publish"],"_links":{"self":[{"href":"https:\/\/artigonews.com\/bg\/wp-json\/wp\/v2\/pages\/344","targetHints":{"allow":["GET"]}}],"collection":[{"href":"https:\/\/artigonews.com\/bg\/wp-json\/wp\/v2\/pages"}],"about":[{"href":"https:\/\/artigonews.com\/bg\/wp-json\/wp\/v2\/types\/page"}],"author":[{"embeddable":true,"href":"https:\/\/artigonews.com\/bg\/wp-json\/wp\/v2\/users\/1"}],"replies":[{"embeddable":true,"href":"https:\/\/artigonews.com\/bg\/wp-json\/wp\/v2\/comments?post=344"}],"version-history":[{"count":1,"href":"https:\/\/artigonews.com\/bg\/wp-json\/wp\/v2\/pages\/344\/revisions"}],"predecessor-version":[{"id":345,"href":"https:\/\/artigonews.com\/bg\/wp-json\/wp\/v2\/pages\/344\/revisions\/345"}],"wp:attachment":[{"href":"https:\/\/artigonews.com\/bg\/wp-json\/wp\/v2\/media?parent=344"}],"curies":[{"name":"wp","href":"https:\/\/api.w.org\/{rel}","templated":true}]}}