{"id":344,"date":"2026-03-04T04:06:07","date_gmt":"2026-03-04T04:06:07","guid":{"rendered":"https:\/\/artigonews.com\/?page_id=344"},"modified":"2026-03-04T04:06:07","modified_gmt":"2026-03-04T04:06:07","slug":"%e0%a6%86%e0%a6%ae%e0%a6%b0%e0%a6%be-%e0%a6%95%e0%a6%be%e0%a6%b0%e0%a6%be","status":"publish","type":"page","link":"https:\/\/artigonews.com\/bn\/quem-somos\/","title":{"rendered":"\u0986\u09ae\u09b0\u09be \u0995\u09be\u09b0\u09be"},"content":{"rendered":"<p>\u0986\u09ae\u09b0\u09be\u0987 <strong>\u09aa\u09cd\u09b0\u09ac\u09a8\u09cd\u09a7\u0996\u09ac\u09b0<\/strong>, \u09a1\u09bf\u099c\u09bf\u099f\u09be\u09b2 \u099c\u0997\u09a4\u09c7\u09b0 \u0998\u099f\u09a8\u09be\u09ac\u09b2\u09bf\u09b0 \u09b8\u0999\u09cd\u0997\u09c7 \u09b8\u09b9\u099c, \u09b8\u09b0\u09be\u09b8\u09b0\u09bf \u098f\u09ac\u0982 \u09b8\u09be\u09ae\u09cd\u09aa\u09cd\u09b0\u09a4\u09bf\u0995 \u0989\u09aa\u09be\u09af\u09bc\u09c7 \u0985\u09ac\u0997\u09a4 \u09a5\u09be\u0995\u09a4\u09c7 \u09af\u09be\u09b0\u09be \u09aa\u099b\u09a8\u09cd\u09a6 \u0995\u09b0\u09c7\u09a8, \u09a4\u09be\u09a6\u09c7\u09b0 \u099c\u09a8\u09cd\u09af \u09a4\u09c8\u09b0\u09bf \u098f\u0995\u099f\u09bf \u0993\u09af\u09bc\u09c7\u09ac\u09b8\u09be\u0987\u099f\u0964.<\/p>\n\n\n\n<p>\u098f\u0996\u09be\u09a8\u09c7 \u0986\u09aa\u09a8\u09bf \u098f\u0987 \u09b8\u09ae\u09cd\u09aa\u09b0\u09cd\u0995\u09c7 \u09ac\u09bf\u09b7\u09af\u09bc\u09ac\u09b8\u09cd\u09a4\u09c1 \u09aa\u09be\u09ac\u09c7\u09a8 <strong>\u0985\u09cd\u09af\u09be\u09aa\u09cd\u09b2\u09bf\u0995\u09c7\u09b6\u09a8<\/strong>, \u09a6\u09c8\u09a8\u09a8\u09cd\u09a6\u09bf\u09a8 \u09ac\u09cd\u09af\u09ac\u09b9\u09be\u09b0\u09c7\u09b0 \u099c\u09a8\u09cd\u09af \u09a6\u09b0\u0995\u09be\u09b0\u09bf \u099f\u09c1\u09b2 \u09ac\u09c7\u099b\u09c7 \u09a8\u09bf\u09a4\u09c7 \u09b8\u09be\u09b9\u09be\u09af\u09cd\u09af \u0995\u09b0\u09be\u09b0 \u09ae\u09a4\u09cb \u09aa\u09b0\u09be\u09ae\u09b0\u09cd\u09b6 \u0993 \u09ac\u09bf\u09b6\u09cd\u09b2\u09c7\u09b7\u09a3, \u09b8\u09c7\u0987\u09b8\u09be\u09a5\u09c7 \u09aa\u09cd\u09b0\u09a4\u09bf\u099f\u09bf \u0985\u09cd\u09af\u09be\u09aa\u09c7\u09b0 \u09b8\u09b0\u09cd\u09ac\u09cb\u09a4\u09cd\u09a4\u09ae \u09ac\u09cd\u09af\u09ac\u09b9\u09be\u09b0 \u09a8\u09bf\u09b6\u09cd\u099a\u09bf\u09a4 \u0995\u09b0\u09be\u09b0 \u099c\u09a8\u09cd\u09af \u0997\u09be\u0987\u09a1 \u0993 \u09b8\u09c1\u09aa\u09be\u09b0\u09bf\u09b6 \u09b8\u09b9\u0964 \u0986\u09ae\u09b0\u09be \u0986\u09b0\u0993 \u0986\u09b2\u09cb\u099a\u09a8\u09be \u0995\u09b0\u09bf <strong>\u09aa\u09cd\u09b0\u09af\u09c1\u0995\u09cd\u09a4\u09bf<\/strong>, \u099f\u09cd\u09b0\u09c7\u09a8\u09cd\u09a1, \u0996\u09ac\u09b0 \u098f\u09ac\u0982 \u09ac\u09cd\u09af\u09be\u0996\u09cd\u09af\u09be \u09b8\u09b9\u099c-\u09b8\u09b0\u09b2\u09ad\u09be\u09ac\u09c7 \u09a4\u09c1\u09b2\u09c7 \u09a7\u09b0\u09be, \u09af\u09be\u09a4\u09c7 \u09af\u09c7 \u0995\u09c7\u0989 \u09ac\u09c1\u099d\u09a4\u09c7 \u09aa\u09be\u09b0\u09c7\u0964.<\/p>\n\n\n\n<p>\u0986\u09b0\u09cd\u099f\u09bf\u0997\u09cb\u09a8\u09bf\u0989\u099c\u09c7 \u0986\u09ae\u09b0\u09be\u0993 \u0985\u09a8\u09cd\u09ac\u09c7\u09b7\u09a3 \u0995\u09b0\u09a4\u09c7 \u09ad\u09be\u09b2\u09cb\u09ac\u09be\u09b8\u09bf\u0964 <strong>\u09ae\u099c\u09be\u09b0 \u09a4\u09a5\u09cd\u09af<\/strong> (\u09ac\u09bf\u09b6\u09c7\u09b7 \u0995\u09b0\u09c7 \u09aa\u09cd\u09b0\u09af\u09c1\u0995\u09cd\u09a4\u09bf\u0997\u09a4 \u09ac\u09bf\u09b7\u09af\u09bc\u0997\u09c1\u09b2\u09cb\u09a4\u09c7), \u09b8\u09c7\u0987\u09b8\u09ac \u0986\u0995\u09b0\u09cd\u09b7\u09a3\u09c0\u09af\u09bc \u09a4\u09a5\u09cd\u09af \u09af\u09be \u09b8\u09ae\u09cd\u09ad\u09ac\u09a4 \u0986\u09aa\u09a8\u09be\u09b0 \u0985\u099c\u09be\u09a8\u09be \u099b\u09bf\u09b2\u2014\u098f\u09ac\u0982 \u09af\u09be \u0986\u09aa\u09a8\u09be\u09b0 \u09b8\u09c7\u09b2 \u09ab\u09cb\u09a8 \u0993 \u0987\u09a8\u09cd\u099f\u09be\u09b0\u09a8\u09c7\u099f\u0995\u09c7 \u09ad\u09bf\u09a8\u09cd\u09a8\u09ad\u09be\u09ac\u09c7 \u09a6\u09c7\u0996\u09a4\u09c7 \u09b6\u09c7\u0996\u09be\u09af\u09bc\u0964 \u0986\u09b0, \u0985\u09ac\u09b6\u09cd\u09af\u0987, \u0986\u09ae\u09be\u09a6\u09c7\u09b0 \u0995\u09be\u099b\u09c7 \u098f\u09ae\u09a8 \u098f\u0995\u099f\u09bf \u098f\u09b2\u09be\u0995\u09be \u0986\u099b\u09c7 \u09af\u09be \u09aa\u09b0\u09bf\u09aa\u09c2\u09b0\u09cd\u09a3 <strong>\u09aa\u09b0\u09be\u09ae\u09b0\u09cd\u09b6<\/strong> \u099c\u09c0\u09ac\u09a8\u0995\u09c7 \u0986\u09b0\u0993 \u09b8\u09b9\u099c \u0995\u09b0\u09be\u09b0 \u0995\u09bf\u099b\u09c1 \u099f\u09bf\u09aa\u09b8: \u09b8\u09cd\u09ae\u09be\u09b0\u09cd\u099f\u09ab\u09cb\u09a8\u09c7\u09b0 \u0995\u09cc\u09b6\u09b2 \u09a5\u09c7\u0995\u09c7 \u09b6\u09c1\u09b0\u09c1 \u0995\u09b0\u09c7 \u0986\u09aa\u09a8\u09be\u09b0 \u0985\u09cd\u09af\u09be\u09aa\u0997\u09c1\u09b2\u09cb\u0995\u09c7 \u0986\u09b0\u0993 \u09ad\u09be\u09b2\u09cb\u09ad\u09be\u09ac\u09c7 \u0997\u09cb\u099b\u09be\u09a8\u09cb\u09b0 \u0989\u09aa\u09be\u09af\u09bc, \u09aa\u09be\u09b0\u09ab\u09b0\u09ae\u09cd\u09af\u09be\u09a8\u09cd\u09b8 \u0989\u09a8\u09cd\u09a8\u09a4 \u0995\u09b0\u09be \u098f\u09ac\u0982 \u09b2\u09c1\u0995\u09be\u09a8\u09cb \u09ab\u09bf\u099a\u09be\u09b0\u0997\u09c1\u09b2\u09cb \u09ac\u09cd\u09af\u09ac\u09b9\u09be\u09b0 \u0995\u09b0\u09be\u09b0 \u09aa\u09a6\u09cd\u09a7\u09a4\u09bf\u0964.<\/p>\n\n\n\n<p>\u098f\u09ac\u0982 \u09b8\u09ac\u0995\u09bf\u099b\u09c1\u09b0 \u0989\u09aa\u09b0\u09c7, \u0986\u09ae\u09b0\u09be \u0995\u09ad\u09be\u09b0 \u0995\u09b0\u09bf <strong>\u0997\u09c7\u09ae\u09b8<\/strong>, \u09af\u09be\u09b0\u09be \u09ae\u09cb\u09ac\u09be\u0987\u09b2, \u09aa\u09bf\u09b8\u09bf \u09ac\u09be \u0995\u09a8\u09b8\u09cb\u09b2\u09c7 \u0996\u09c7\u09b2\u09c7\u09a8, \u09a4\u09be\u09a6\u09c7\u09b0 \u099c\u09a8\u09cd\u09af \u09b0\u09af\u09bc\u09c7\u099b\u09c7 \u09ac\u09bf\u09ad\u09bf\u09a8\u09cd\u09a8 \u0995\u09a8\u099f\u09c7\u09a8\u09cd\u099f: \u0996\u09ac\u09b0, \u099f\u09cd\u09b0\u09c7\u09a8\u09cd\u09a1, \u09a4\u09be\u09b2\u09bf\u0995\u09be \u098f\u09ac\u0982 \u09b8\u09c1\u09aa\u09be\u09b0\u09bf\u09b6, \u09af\u09be \u09a5\u09c7\u0995\u09c7 \u0986\u09aa\u09a8\u09bf \u0986\u09ac\u09bf\u09b7\u09cd\u0995\u09be\u09b0 \u0995\u09b0\u09a4\u09c7 \u09aa\u09be\u09b0\u09ac\u09c7\u09a8 \u0995\u09cb\u09a8\u099f\u09bf \u0996\u09c7\u09b2\u09be\u09b0 \u09af\u09cb\u0997\u09cd\u09af\u0964.<\/p>\n\n\n\n<p>\u0986\u09ae\u09be\u09a6\u09c7\u09b0 \u09b2\u0995\u09cd\u09b7\u09cd\u09af \u09b9\u09b2\u09cb \u098f\u0995\u099f\u09bf \u09a8\u09bf\u09b0\u09cd\u09ad\u09b0\u09af\u09cb\u0997\u09cd\u09af \u0993 \u09ac\u09cd\u09af\u09ac\u09b9\u09be\u09b0\u0995\u09be\u09b0\u09c0-\u09ac\u09be\u09a8\u09cd\u09a7\u09ac \u09aa\u09cb\u09b0\u09cd\u099f\u09be\u09b2 \u09b9\u0993\u09af\u09bc\u09be, \u09af\u09c7\u0996\u09be\u09a8\u09c7 \u09a5\u09be\u0995\u09ac\u09c7 \u09a4\u09a5\u09cd\u09af \u09aa\u09cd\u09b0\u09a6\u09be\u09a8\u0995\u09be\u09b0\u09c0, \u09b8\u09b9\u09be\u09af\u09bc\u0995 \u0993 \u09ac\u09bf\u09a8\u09cb\u09a6\u09a8\u09ae\u09c2\u09b2\u0995 \u09ac\u09bf\u09b7\u09af\u09bc\u09ac\u09b8\u09cd\u09a4\u09c1 \u2014 \u09b8\u09b0\u09cd\u09ac\u09a6\u09be \u09b8\u09b9\u099c\u09ac\u09cb\u09a7\u09cd\u09af \u09ad\u09be\u09b7\u09be \u09ac\u09cd\u09af\u09ac\u09b9\u09be\u09b0 \u0995\u09b0\u09c7 \u098f\u09ac\u0982 \u09aa\u09cd\u09b0\u0995\u09c3\u09a4 \u0997\u09c1\u09b0\u09c1\u09a4\u09cd\u09ac\u09aa\u09c2\u09b0\u09cd\u09a3 \u09ac\u09bf\u09b7\u09af\u09bc\u0997\u09c1\u09b2\u09cb\u09b0 \u0993\u09aa\u09b0 \u0986\u09b2\u09cb\u0995\u09aa\u09be\u09a4 \u0995\u09b0\u09c7\u0964.<\/p>\n\n\n\n<p>\u09b8\u09cd\u09ac\u09be\u0997\u09a4\u09ae <strong>\u09aa\u09cd\u09b0\u09ac\u09a8\u09cd\u09a7\u0996\u09ac\u09b0<\/strong>. \ud83d\ude80<\/p>","protected":false},"excerpt":{"rendered":"<p>Somos o ArtigoNews, um site criado para quem gosta de estar sempre por dentro do que acontece no mundo digital \u2014 de um jeito simples, direto e atualizado. Aqui voc\u00ea encontra conte\u00fados sobre Aplicativos, com sugest\u00f5es e an\u00e1lises para ajudar a escolher ferramentas \u00fateis no dia a dia, al\u00e9m de guias e recomenda\u00e7\u00f5es para aproveitar [&hellip;]<\/p>\n","protected":false},"author":1,"featured_media":0,"parent":0,"menu_order":0,"comment_status":"closed","ping_status":"closed","template":"","meta":{"footnotes":""},"class_list":["post-344","page","type-page","status-publish"],"_links":{"self":[{"href":"https:\/\/artigonews.com\/bn\/wp-json\/wp\/v2\/pages\/344","targetHints":{"allow":["GET"]}}],"collection":[{"href":"https:\/\/artigonews.com\/bn\/wp-json\/wp\/v2\/pages"}],"about":[{"href":"https:\/\/artigonews.com\/bn\/wp-json\/wp\/v2\/types\/page"}],"author":[{"embeddable":true,"href":"https:\/\/artigonews.com\/bn\/wp-json\/wp\/v2\/users\/1"}],"replies":[{"embeddable":true,"href":"https:\/\/artigonews.com\/bn\/wp-json\/wp\/v2\/comments?post=344"}],"version-history":[{"count":1,"href":"https:\/\/artigonews.com\/bn\/wp-json\/wp\/v2\/pages\/344\/revisions"}],"predecessor-version":[{"id":345,"href":"https:\/\/artigonews.com\/bn\/wp-json\/wp\/v2\/pages\/344\/revisions\/345"}],"wp:attachment":[{"href":"https:\/\/artigonews.com\/bn\/wp-json\/wp\/v2\/media?parent=344"}],"curies":[{"name":"\u09a1\u09ac\u09cd\u09b2\u09bf\u0989\u09aa\u09bf","href":"https:\/\/api.w.org\/{rel}","templated":true}]}}