{"id":344,"date":"2026-03-04T04:06:07","date_gmt":"2026-03-04T04:06:07","guid":{"rendered":"https:\/\/artigonews.com\/?page_id=344"},"modified":"2026-03-04T04:06:07","modified_gmt":"2026-03-04T04:06:07","slug":"kdo-jsme","status":"publish","type":"page","link":"https:\/\/artigonews.com\/cs\/quem-somos\/","title":{"rendered":"Kdo jsme"},"content":{"rendered":"<p>My jsme <strong>\u010cl\u00e1nekNovinky<\/strong>, webov\u00e9 str\u00e1nky vytvo\u0159en\u00e9 pro ty, kte\u0159\u00ed r\u00e1di z\u016fst\u00e1vaj\u00ed v obraze o d\u011bn\u00ed v digit\u00e1ln\u00edm sv\u011bt\u011b \u2013 jednoduch\u00fdm, p\u0159\u00edm\u00fdm a aktu\u00e1ln\u00edm zp\u016fsobem.<\/p>\n\n\n\n<p>Zde najdete obsah o <strong>Aplikace<\/strong>, s n\u00e1vrhy a anal\u00fdzami, kter\u00e9 v\u00e1m pomohou vybrat u\u017eite\u010dn\u00e9 n\u00e1stroje pro ka\u017edodenn\u00ed pou\u017eit\u00ed, a tak\u00e9 s pr\u016fvodci a doporu\u010den\u00edmi, jak ka\u017edou aplikaci co nejl\u00e9pe vyu\u017e\u00edt. Tak\u00e9 se bav\u00edme o <strong>Technologie<\/strong>, P\u0159in\u00e1\u0161\u00edme trendy, novinky a vysv\u011btlen\u00ed srozumiteln\u00fdm zp\u016fsobem, aby jim porozum\u011bl ka\u017ed\u00fd.<\/p>\n\n\n\n<p>V ArtigoNews si tak\u00e9 r\u00e1di objevujeme. <strong>Zaj\u00edmav\u00e1 fakta<\/strong> (zejm\u00e9na ty technologick\u00e9), ty zaj\u00edmav\u00e9 informace, kter\u00e9 jste pravd\u011bpodobn\u011b neznali \u2013 a kter\u00e9 v\u00e1s donut\u00ed d\u00edvat se na v\u00e1\u0161 mobiln\u00ed telefon a internet jin\u00fdm pohledem. A samoz\u0159ejm\u011b m\u00e1me oblast plnou <strong>Tipy<\/strong> Tipy pro usnadn\u011bn\u00ed \u017eivota: od trik\u016f s chytr\u00fdmi telefony a\u017e po zp\u016fsoby, jak l\u00e9pe uspo\u0159\u00e1dat aplikace, zlep\u0161it v\u00fdkon a pou\u017e\u00edvat skryt\u00e9 funkce.<\/p>\n\n\n\n<p>A aby toho nebylo m\u00e1lo, prob\u00edr\u00e1me <strong>Hry<\/strong>, s obsahem pro ty, kte\u0159\u00ed hraj\u00ed na mobilu, PC nebo konzoli: novinky, trendy, seznamy a doporu\u010den\u00ed, abyste objevili, co stoj\u00ed za to hr\u00e1t.<\/p>\n\n\n\n<p>Na\u0161\u00edm c\u00edlem je b\u00fdt spolehliv\u00fdm a u\u017eivatelsky p\u0159\u00edv\u011btiv\u00fdm port\u00e1lem s obsahem, kter\u00fd informuje, pom\u00e1h\u00e1 a bav\u00ed \u2013 v\u017edy s vyu\u017eit\u00edm srozumiteln\u00e9ho jazyka a se zam\u011b\u0159en\u00edm na to, na \u010dem skute\u010dn\u011b z\u00e1le\u017e\u00ed.<\/p>\n\n\n\n<p>V\u00edtejte v <strong>\u010cl\u00e1nekNovinky<\/strong>. \ud83d\ude80<\/p>","protected":false},"excerpt":{"rendered":"<p>Somos o ArtigoNews, um site criado para quem gosta de estar sempre por dentro do que acontece no mundo digital \u2014 de um jeito simples, direto e atualizado. Aqui voc\u00ea encontra conte\u00fados sobre Aplicativos, com sugest\u00f5es e an\u00e1lises para ajudar a escolher ferramentas \u00fateis no dia a dia, al\u00e9m de guias e recomenda\u00e7\u00f5es para aproveitar [&hellip;]<\/p>\n","protected":false},"author":1,"featured_media":0,"parent":0,"menu_order":0,"comment_status":"closed","ping_status":"closed","template":"","meta":{"footnotes":""},"class_list":["post-344","page","type-page","status-publish"],"_links":{"self":[{"href":"https:\/\/artigonews.com\/cs\/wp-json\/wp\/v2\/pages\/344","targetHints":{"allow":["GET"]}}],"collection":[{"href":"https:\/\/artigonews.com\/cs\/wp-json\/wp\/v2\/pages"}],"about":[{"href":"https:\/\/artigonews.com\/cs\/wp-json\/wp\/v2\/types\/page"}],"author":[{"embeddable":true,"href":"https:\/\/artigonews.com\/cs\/wp-json\/wp\/v2\/users\/1"}],"replies":[{"embeddable":true,"href":"https:\/\/artigonews.com\/cs\/wp-json\/wp\/v2\/comments?post=344"}],"version-history":[{"count":1,"href":"https:\/\/artigonews.com\/cs\/wp-json\/wp\/v2\/pages\/344\/revisions"}],"predecessor-version":[{"id":345,"href":"https:\/\/artigonews.com\/cs\/wp-json\/wp\/v2\/pages\/344\/revisions\/345"}],"wp:attachment":[{"href":"https:\/\/artigonews.com\/cs\/wp-json\/wp\/v2\/media?parent=344"}],"curies":[{"name":"wp","href":"https:\/\/api.w.org\/{rel}","templated":true}]}}