{"id":344,"date":"2026-03-04T04:06:07","date_gmt":"2026-03-04T04:06:07","guid":{"rendered":"https:\/\/artigonews.com\/?page_id=344"},"modified":"2026-03-04T04:06:07","modified_gmt":"2026-03-04T04:06:07","slug":"wer-wir-sind","status":"publish","type":"page","link":"https:\/\/artigonews.com\/de\/quem-somos\/","title":{"rendered":"Wer wir sind"},"content":{"rendered":"<p>Wir sind die <strong>ArtikelNews<\/strong>, eine Website f\u00fcr alle, die auf dem Laufenden bleiben m\u00f6chten, was in der digitalen Welt passiert \u2013 auf einfache, direkte und aktuelle Weise.<\/p>\n\n\n\n<p>Hier finden Sie Inhalte \u00fcber <strong>Anwendungen<\/strong>, Wir bieten Ihnen Vorschl\u00e4ge und Analysen, die Ihnen bei der Auswahl n\u00fctzlicher Tools f\u00fcr den Alltag helfen, sowie Anleitungen und Empfehlungen, wie Sie jede App optimal nutzen k\u00f6nnen. Au\u00dferdem sprechen wir \u00fcber <strong>Technologie<\/strong>, Trends, Neuigkeiten und Erkl\u00e4rungen werden auf einfache Weise pr\u00e4sentiert, damit sie jeder verstehen kann.<\/p>\n\n\n\n<p>Wir bei ArtigoNews haben auch Freude am Erkunden. <strong>Interessante Fakten<\/strong> (insbesondere technologische), jene interessanten Informationen, die Sie wahrscheinlich noch nicht kannten \u2013 und die Ihren Blick auf Ihr Handy und das Internet ver\u00e4ndern. Und nat\u00fcrlich haben wir einen Bereich voller <strong>Tipps<\/strong> Tipps, die Ihnen das Leben erleichtern: von Smartphone-Tricks bis hin zu M\u00f6glichkeiten, Ihre Apps besser zu organisieren, die Leistung zu verbessern und versteckte Funktionen zu nutzen.<\/p>\n\n\n\n<p>Und zum Abschluss behandeln wir Folgendes: <strong>Spiele<\/strong>, Mit Inhalten f\u00fcr alle, die auf Mobilger\u00e4ten, PCs oder Konsolen spielen: Neuigkeiten, Trends, Listen und Empfehlungen, damit Sie entdecken k\u00f6nnen, was sich zu spielen lohnt.<\/p>\n\n\n\n<p>Unser Ziel ist es, ein zuverl\u00e4ssiges und benutzerfreundliches Portal zu sein, mit Inhalten, die informieren, helfen und unterhalten \u2013 immer in verst\u00e4ndlicher Sprache und mit Fokus auf das Wesentliche.<\/p>\n\n\n\n<p>Willkommen bei <strong>ArtikelNews<\/strong>. \ud83d\ude80<\/p>","protected":false},"excerpt":{"rendered":"<p>Somos o ArtigoNews, um site criado para quem gosta de estar sempre por dentro do que acontece no mundo digital \u2014 de um jeito simples, direto e atualizado. Aqui voc\u00ea encontra conte\u00fados sobre Aplicativos, com sugest\u00f5es e an\u00e1lises para ajudar a escolher ferramentas \u00fateis no dia a dia, al\u00e9m de guias e recomenda\u00e7\u00f5es para aproveitar [&hellip;]<\/p>\n","protected":false},"author":1,"featured_media":0,"parent":0,"menu_order":0,"comment_status":"closed","ping_status":"closed","template":"","meta":{"footnotes":""},"class_list":["post-344","page","type-page","status-publish"],"_links":{"self":[{"href":"https:\/\/artigonews.com\/de\/wp-json\/wp\/v2\/pages\/344","targetHints":{"allow":["GET"]}}],"collection":[{"href":"https:\/\/artigonews.com\/de\/wp-json\/wp\/v2\/pages"}],"about":[{"href":"https:\/\/artigonews.com\/de\/wp-json\/wp\/v2\/types\/page"}],"author":[{"embeddable":true,"href":"https:\/\/artigonews.com\/de\/wp-json\/wp\/v2\/users\/1"}],"replies":[{"embeddable":true,"href":"https:\/\/artigonews.com\/de\/wp-json\/wp\/v2\/comments?post=344"}],"version-history":[{"count":1,"href":"https:\/\/artigonews.com\/de\/wp-json\/wp\/v2\/pages\/344\/revisions"}],"predecessor-version":[{"id":345,"href":"https:\/\/artigonews.com\/de\/wp-json\/wp\/v2\/pages\/344\/revisions\/345"}],"wp:attachment":[{"href":"https:\/\/artigonews.com\/de\/wp-json\/wp\/v2\/media?parent=344"}],"curies":[{"name":"wp","href":"https:\/\/api.w.org\/{rel}","templated":true}]}}