{"id":344,"date":"2026-03-04T04:06:07","date_gmt":"2026-03-04T04:06:07","guid":{"rendered":"https:\/\/artigonews.com\/?page_id=344"},"modified":"2026-03-04T04:06:07","modified_gmt":"2026-03-04T04:06:07","slug":"%cf%80%ce%bf%ce%b9%ce%bf%ce%b9-%ce%b5%ce%af%ce%bc%ce%b1%cf%83%cf%84%ce%b5","status":"publish","type":"page","link":"https:\/\/artigonews.com\/el\/quem-somos\/","title":{"rendered":"\u03a0\u03bf\u03b9\u03bf\u03b9 \u0395\u03af\u03bc\u03b1\u03c3\u03c4\u03b5"},"content":{"rendered":"<p>\u0395\u03af\u03bc\u03b1\u03c3\u03c4\u03b5 \u03bf\u03b9 <strong>\u0386\u03c1\u03b8\u03c1\u03bf\u039d\u03ad\u03b1<\/strong>, \u03ad\u03bd\u03b1\u03c2 \u03b9\u03c3\u03c4\u03cc\u03c4\u03bf\u03c0\u03bf\u03c2 \u03c0\u03bf\u03c5 \u03b4\u03b7\u03bc\u03b9\u03bf\u03c5\u03c1\u03b3\u03ae\u03b8\u03b7\u03ba\u03b5 \u03b3\u03b9\u03b1 \u03cc\u03c3\u03bf\u03c5\u03c2 \u03b8\u03ad\u03bb\u03bf\u03c5\u03bd \u03bd\u03b1 \u03c0\u03b1\u03c1\u03b1\u03bc\u03ad\u03bd\u03bf\u03c5\u03bd \u03b5\u03bd\u03b7\u03bc\u03b5\u03c1\u03c9\u03bc\u03ad\u03bd\u03bf\u03b9 \u03b3\u03b9\u03b1 \u03cc,\u03c4\u03b9 \u03c3\u03c5\u03bc\u03b2\u03b1\u03af\u03bd\u03b5\u03b9 \u03c3\u03c4\u03bf\u03bd \u03c8\u03b7\u03c6\u03b9\u03b1\u03ba\u03cc \u03ba\u03cc\u03c3\u03bc\u03bf \u2014 \u03bc\u03b5 \u03b1\u03c0\u03bb\u03cc, \u03ac\u03bc\u03b5\u03c3\u03bf \u03ba\u03b1\u03b9 \u03b5\u03bd\u03b7\u03bc\u03b5\u03c1\u03c9\u03bc\u03ad\u03bd\u03bf \u03c4\u03c1\u03cc\u03c0\u03bf.<\/p>\n\n\n\n<p>\u0395\u03b4\u03ce \u03b8\u03b1 \u03b2\u03c1\u03b5\u03af\u03c4\u03b5 \u03c0\u03b5\u03c1\u03b9\u03b5\u03c7\u03cc\u03bc\u03b5\u03bd\u03bf \u03c3\u03c7\u03b5\u03c4\u03b9\u03ba\u03ac \u03bc\u03b5 <strong>\u0395\u03c6\u03b1\u03c1\u03bc\u03bf\u03b3\u03ad\u03c2<\/strong>, \u03bc\u03b5 \u03c0\u03c1\u03bf\u03c4\u03ac\u03c3\u03b5\u03b9\u03c2 \u03ba\u03b1\u03b9 \u03b1\u03bd\u03b1\u03bb\u03cd\u03c3\u03b5\u03b9\u03c2 \u03c0\u03bf\u03c5 \u03b8\u03b1 \u03c3\u03b1\u03c2 \u03b2\u03bf\u03b7\u03b8\u03ae\u03c3\u03bf\u03c5\u03bd \u03bd\u03b1 \u03b5\u03c0\u03b9\u03bb\u03ad\u03be\u03b5\u03c4\u03b5 \u03c7\u03c1\u03ae\u03c3\u03b9\u03bc\u03b1 \u03b5\u03c1\u03b3\u03b1\u03bb\u03b5\u03af\u03b1 \u03b3\u03b9\u03b1 \u03ba\u03b1\u03b8\u03b7\u03bc\u03b5\u03c1\u03b9\u03bd\u03ae \u03c7\u03c1\u03ae\u03c3\u03b7, \u03ba\u03b1\u03b8\u03ce\u03c2 \u03ba\u03b1\u03b9 \u03bf\u03b4\u03b7\u03b3\u03bf\u03cd\u03c2 \u03ba\u03b1\u03b9 \u03c3\u03c5\u03c3\u03c4\u03ac\u03c3\u03b5\u03b9\u03c2 \u03b3\u03b9\u03b1 \u03bd\u03b1 \u03b1\u03be\u03b9\u03bf\u03c0\u03bf\u03b9\u03ae\u03c3\u03b5\u03c4\u03b5 \u03c3\u03c4\u03bf \u03ad\u03c0\u03b1\u03ba\u03c1\u03bf \u03ba\u03ac\u03b8\u03b5 \u03b5\u03c6\u03b1\u03c1\u03bc\u03bf\u03b3\u03ae. \u03a3\u03c5\u03b6\u03b7\u03c4\u03ac\u03bc\u03b5 \u03b5\u03c0\u03af\u03c3\u03b7\u03c2 \u03b3\u03b9\u03b1 <strong>\u03a4\u03b5\u03c7\u03bd\u03bf\u03bb\u03bf\u03b3\u03af\u03b1<\/strong>, \u03a0\u03b1\u03c1\u03bf\u03c5\u03c3\u03b9\u03ac\u03b6\u03bf\u03bd\u03c4\u03b1\u03c2 \u03c4\u03ac\u03c3\u03b5\u03b9\u03c2, \u03bd\u03ad\u03b1 \u03ba\u03b1\u03b9 \u03b5\u03be\u03b7\u03b3\u03ae\u03c3\u03b5\u03b9\u03c2 \u03bc\u03b5 \u03b1\u03c0\u03bb\u03cc \u03c4\u03c1\u03cc\u03c0\u03bf, \u03ce\u03c3\u03c4\u03b5 \u03bf \u03ba\u03b1\u03b8\u03ad\u03bd\u03b1\u03c2 \u03bd\u03b1 \u03bc\u03c0\u03bf\u03c1\u03b5\u03af \u03bd\u03b1 \u03ba\u03b1\u03c4\u03b1\u03bb\u03ac\u03b2\u03b5\u03b9.<\/p>\n\n\n\n<p>\u03a3\u03c4\u03bf ArtigoNews, \u03bc\u03b1\u03c2 \u03b1\u03c1\u03ad\u03c3\u03b5\u03b9 \u03b5\u03c0\u03af\u03c3\u03b7\u03c2 \u03bd\u03b1 \u03b5\u03be\u03b5\u03c1\u03b5\u03c5\u03bd\u03bf\u03cd\u03bc\u03b5. <strong>\u0395\u03bd\u03b4\u03b9\u03b1\u03c6\u03ad\u03c1\u03bf\u03bd\u03c4\u03b1 \u03b3\u03b5\u03b3\u03bf\u03bd\u03cc\u03c4\u03b1<\/strong> (\u03b5\u03b9\u03b4\u03b9\u03ba\u03ac \u03c4\u03b5\u03c7\u03bd\u03bf\u03bb\u03bf\u03b3\u03b9\u03ba\u03ac), \u03b1\u03c5\u03c4\u03ad\u03c2 \u03c4\u03b9\u03c2 \u03b5\u03bd\u03b4\u03b9\u03b1\u03c6\u03ad\u03c1\u03bf\u03c5\u03c3\u03b5\u03c2 \u03c0\u03bb\u03b7\u03c1\u03bf\u03c6\u03bf\u03c1\u03af\u03b5\u03c2 \u03c0\u03bf\u03c5 \u03c0\u03b9\u03b8\u03b1\u03bd\u03ce\u03c2 \u03b4\u03b5\u03bd \u03b3\u03bd\u03c9\u03c1\u03af\u03b6\u03b1\u03c4\u03b5\u2014\u03ba\u03b1\u03b9 \u03c0\u03bf\u03c5 \u03c3\u03b1\u03c2 \u03ba\u03ac\u03bd\u03bf\u03c5\u03bd \u03bd\u03b1 \u03b2\u03bb\u03ad\u03c0\u03b5\u03c4\u03b5 \u03c4\u03bf \u03ba\u03b9\u03bd\u03b7\u03c4\u03cc \u03c3\u03b1\u03c2 \u03c4\u03b7\u03bb\u03ad\u03c6\u03c9\u03bd\u03bf \u03ba\u03b1\u03b9 \u03c4\u03bf \u03b4\u03b9\u03b1\u03b4\u03af\u03ba\u03c4\u03c5\u03bf \u03bc\u03b5 \u03b4\u03b9\u03b1\u03c6\u03bf\u03c1\u03b5\u03c4\u03b9\u03ba\u03cc \u03c4\u03c1\u03cc\u03c0\u03bf. \u039a\u03b1\u03b9, \u03c6\u03c5\u03c3\u03b9\u03ba\u03ac, \u03ad\u03c7\u03bf\u03c5\u03bc\u03b5 \u03bc\u03b9\u03b1 \u03c0\u03b5\u03c1\u03b9\u03bf\u03c7\u03ae \u03b3\u03b5\u03bc\u03ac\u03c4\u03b7 <strong>\u03a3\u03c5\u03bc\u03b2\u03bf\u03c5\u03bb\u03ad\u03c2<\/strong> \u03a3\u03c5\u03bc\u03b2\u03bf\u03c5\u03bb\u03ad\u03c2 \u03b3\u03b9\u03b1 \u03bd\u03b1 \u03ba\u03ac\u03bd\u03b5\u03c4\u03b5 \u03c4\u03b7 \u03b6\u03c9\u03ae \u03c3\u03b1\u03c2 \u03c0\u03b9\u03bf \u03b5\u03cd\u03ba\u03bf\u03bb\u03b7: \u03b1\u03c0\u03cc \u03ba\u03cc\u03bb\u03c0\u03b1 \u03b3\u03b9\u03b1 smartphone \u03bc\u03ad\u03c7\u03c1\u03b9 \u03c4\u03c1\u03cc\u03c0\u03bf\u03c5\u03c2 \u03b3\u03b9\u03b1 \u03bd\u03b1 \u03bf\u03c1\u03b3\u03b1\u03bd\u03ce\u03c3\u03b5\u03c4\u03b5 \u03ba\u03b1\u03bb\u03cd\u03c4\u03b5\u03c1\u03b1 \u03c4\u03b9\u03c2 \u03b5\u03c6\u03b1\u03c1\u03bc\u03bf\u03b3\u03ad\u03c2 \u03c3\u03b1\u03c2, \u03bd\u03b1 \u03b2\u03b5\u03bb\u03c4\u03b9\u03ce\u03c3\u03b5\u03c4\u03b5 \u03c4\u03b7\u03bd \u03b1\u03c0\u03cc\u03b4\u03bf\u03c3\u03b7 \u03ba\u03b1\u03b9 \u03bd\u03b1 \u03c7\u03c1\u03b7\u03c3\u03b9\u03bc\u03bf\u03c0\u03bf\u03b9\u03ae\u03c3\u03b5\u03c4\u03b5 \u03ba\u03c1\u03c5\u03c6\u03ad\u03c2 \u03bb\u03b5\u03b9\u03c4\u03bf\u03c5\u03c1\u03b3\u03af\u03b5\u03c2.<\/p>\n\n\n\n<p>\u039a\u03b1\u03b9 \u03b3\u03b9\u03b1 \u03bd\u03b1 \u03bf\u03bb\u03bf\u03ba\u03bb\u03b7\u03c1\u03ce\u03c3\u03bf\u03c5\u03bc\u03b5, \u03ba\u03b1\u03bb\u03cd\u03c0\u03c4\u03bf\u03c5\u03bc\u03b5 <strong>\u03a0\u03b1\u03b9\u03c7\u03bd\u03af\u03b4\u03b9\u03b1<\/strong>, \u03bc\u03b5 \u03c0\u03b5\u03c1\u03b9\u03b5\u03c7\u03cc\u03bc\u03b5\u03bd\u03bf \u03b3\u03b9\u03b1 \u03cc\u03c3\u03bf\u03c5\u03c2 \u03c0\u03b1\u03af\u03b6\u03bf\u03c5\u03bd \u03c3\u03b5 \u03ba\u03b9\u03bd\u03b7\u03c4\u03cc, \u03c5\u03c0\u03bf\u03bb\u03bf\u03b3\u03b9\u03c3\u03c4\u03ae \u03ae \u03ba\u03bf\u03bd\u03c3\u03cc\u03bb\u03b1: \u03bd\u03ad\u03b1, \u03c4\u03ac\u03c3\u03b5\u03b9\u03c2, \u03bb\u03af\u03c3\u03c4\u03b5\u03c2 \u03ba\u03b1\u03b9 \u03c0\u03c1\u03bf\u03c4\u03ac\u03c3\u03b5\u03b9\u03c2 \u03b3\u03b9\u03b1 \u03bd\u03b1 \u03b1\u03bd\u03b1\u03ba\u03b1\u03bb\u03cd\u03c8\u03b5\u03c4\u03b5 \u03c4\u03b9 \u03b1\u03be\u03af\u03b6\u03b5\u03b9 \u03bd\u03b1 \u03c0\u03b1\u03af\u03be\u03b5\u03c4\u03b5.<\/p>\n\n\n\n<p>\u03a3\u03c4\u03cc\u03c7\u03bf\u03c2 \u03bc\u03b1\u03c2 \u03b5\u03af\u03bd\u03b1\u03b9 \u03bd\u03b1 \u03b5\u03af\u03bc\u03b1\u03c3\u03c4\u03b5 \u03bc\u03b9\u03b1 \u03b1\u03be\u03b9\u03cc\u03c0\u03b9\u03c3\u03c4\u03b7 \u03ba\u03b1\u03b9 \u03c6\u03b9\u03bb\u03b9\u03ba\u03ae \u03c0\u03c1\u03bf\u03c2 \u03c4\u03bf\u03bd \u03c7\u03c1\u03ae\u03c3\u03c4\u03b7 \u03c0\u03cd\u03bb\u03b7, \u03bc\u03b5 \u03c0\u03b5\u03c1\u03b9\u03b5\u03c7\u03cc\u03bc\u03b5\u03bd\u03bf \u03c0\u03bf\u03c5 \u03b5\u03bd\u03b7\u03bc\u03b5\u03c1\u03ce\u03bd\u03b5\u03b9, \u03b2\u03bf\u03b7\u03b8\u03ac\u03b5\u03b9 \u03ba\u03b1\u03b9 \u03c8\u03c5\u03c7\u03b1\u03b3\u03c9\u03b3\u03b5\u03af \u2014 \u03c7\u03c1\u03b7\u03c3\u03b9\u03bc\u03bf\u03c0\u03bf\u03b9\u03ce\u03bd\u03c4\u03b1\u03c2 \u03c0\u03ac\u03bd\u03c4\u03b1 \u03c0\u03c1\u03bf\u03c3\u03b9\u03c4\u03ae \u03b3\u03bb\u03ce\u03c3\u03c3\u03b1 \u03ba\u03b1\u03b9 \u03b5\u03c3\u03c4\u03b9\u03ac\u03b6\u03bf\u03bd\u03c4\u03b1\u03c2 \u03c3\u03b5 \u03cc,\u03c4\u03b9 \u03c0\u03c1\u03b1\u03b3\u03bc\u03b1\u03c4\u03b9\u03ba\u03ac \u03ad\u03c7\u03b5\u03b9 \u03c3\u03b7\u03bc\u03b1\u03c3\u03af\u03b1.<\/p>\n\n\n\n<p>\u039a\u03b1\u03bb\u03ce\u03c2 \u03bf\u03c1\u03af\u03c3\u03b1\u03c4\u03b5 \u03c3\u03c4\u03bf <strong>\u0386\u03c1\u03b8\u03c1\u03bf\u039d\u03ad\u03b1<\/strong>. \ud83d\ude80<\/p>","protected":false},"excerpt":{"rendered":"<p>Somos o ArtigoNews, um site criado para quem gosta de estar sempre por dentro do que acontece no mundo digital \u2014 de um jeito simples, direto e atualizado. Aqui voc\u00ea encontra conte\u00fados sobre Aplicativos, com sugest\u00f5es e an\u00e1lises para ajudar a escolher ferramentas \u00fateis no dia a dia, al\u00e9m de guias e recomenda\u00e7\u00f5es para aproveitar [&hellip;]<\/p>\n","protected":false},"author":1,"featured_media":0,"parent":0,"menu_order":0,"comment_status":"closed","ping_status":"closed","template":"","meta":{"footnotes":""},"class_list":["post-344","page","type-page","status-publish"],"_links":{"self":[{"href":"https:\/\/artigonews.com\/el\/wp-json\/wp\/v2\/pages\/344","targetHints":{"allow":["GET"]}}],"collection":[{"href":"https:\/\/artigonews.com\/el\/wp-json\/wp\/v2\/pages"}],"about":[{"href":"https:\/\/artigonews.com\/el\/wp-json\/wp\/v2\/types\/page"}],"author":[{"embeddable":true,"href":"https:\/\/artigonews.com\/el\/wp-json\/wp\/v2\/users\/1"}],"replies":[{"embeddable":true,"href":"https:\/\/artigonews.com\/el\/wp-json\/wp\/v2\/comments?post=344"}],"version-history":[{"count":1,"href":"https:\/\/artigonews.com\/el\/wp-json\/wp\/v2\/pages\/344\/revisions"}],"predecessor-version":[{"id":345,"href":"https:\/\/artigonews.com\/el\/wp-json\/wp\/v2\/pages\/344\/revisions\/345"}],"wp:attachment":[{"href":"https:\/\/artigonews.com\/el\/wp-json\/wp\/v2\/media?parent=344"}],"curies":[{"name":"\u03b5\u03c1\u03b3\u03b1\u03c3\u03af\u03b1","href":"https:\/\/api.w.org\/{rel}","templated":true}]}}