{"id":344,"date":"2026-03-04T04:06:07","date_gmt":"2026-03-04T04:06:07","guid":{"rendered":"https:\/\/artigonews.com\/?page_id=344"},"modified":"2026-03-04T04:06:07","modified_gmt":"2026-03-04T04:06:07","slug":"who-we-are","status":"publish","type":"page","link":"https:\/\/artigonews.com\/en\/quem-somos\/","title":{"rendered":"Who We Are"},"content":{"rendered":"<p>We are the <strong>ArticleNews<\/strong>, a website created for those who like to stay up-to-date with what&#039;s happening in the digital world \u2014 in a simple, direct, and current way.<\/p>\n\n\n\n<p>Here you will find content about <strong>Applications<\/strong>, with suggestions and analyses to help you choose useful tools for everyday use, as well as guides and recommendations to make the most of each app. We also talk about <strong>Technology<\/strong>, Bringing trends, news, and explanations in a straightforward way, so anyone can understand.<\/p>\n\n\n\n<p>At ArtigoNews, we also enjoy exploring. <strong>Interesting facts<\/strong> (especially technological ones), those interesting pieces of information that you probably didn&#039;t know\u2014and that make you look at your cell phone and the internet in a different way. And, of course, we have an area full of <strong>Tips<\/strong> Tips to make life easier: from smartphone tricks to ways to better organize your apps, improve performance, and use hidden features.<\/p>\n\n\n\n<p>And to top it all off, we cover <strong>Games<\/strong>, with content for those who play on mobile, PC or console: news, trends, lists and recommendations for you to discover what&#039;s worth playing.<\/p>\n\n\n\n<p>Our goal is to be a reliable and user-friendly portal, with content that informs, helps, and entertains \u2014 always using accessible language and focusing on what really matters.<\/p>\n\n\n\n<p>Welcome to <strong>ArticleNews<\/strong>. \ud83d\ude80<\/p>","protected":false},"excerpt":{"rendered":"<p>Somos o ArtigoNews, um site criado para quem gosta de estar sempre por dentro do que acontece no mundo digital \u2014 de um jeito simples, direto e atualizado. Aqui voc\u00ea encontra conte\u00fados sobre Aplicativos, com sugest\u00f5es e an\u00e1lises para ajudar a escolher ferramentas \u00fateis no dia a dia, al\u00e9m de guias e recomenda\u00e7\u00f5es para aproveitar [&hellip;]<\/p>\n","protected":false},"author":1,"featured_media":0,"parent":0,"menu_order":0,"comment_status":"closed","ping_status":"closed","template":"","meta":{"footnotes":""},"class_list":["post-344","page","type-page","status-publish"],"_links":{"self":[{"href":"https:\/\/artigonews.com\/en\/wp-json\/wp\/v2\/pages\/344","targetHints":{"allow":["GET"]}}],"collection":[{"href":"https:\/\/artigonews.com\/en\/wp-json\/wp\/v2\/pages"}],"about":[{"href":"https:\/\/artigonews.com\/en\/wp-json\/wp\/v2\/types\/page"}],"author":[{"embeddable":true,"href":"https:\/\/artigonews.com\/en\/wp-json\/wp\/v2\/users\/1"}],"replies":[{"embeddable":true,"href":"https:\/\/artigonews.com\/en\/wp-json\/wp\/v2\/comments?post=344"}],"version-history":[{"count":1,"href":"https:\/\/artigonews.com\/en\/wp-json\/wp\/v2\/pages\/344\/revisions"}],"predecessor-version":[{"id":345,"href":"https:\/\/artigonews.com\/en\/wp-json\/wp\/v2\/pages\/344\/revisions\/345"}],"wp:attachment":[{"href":"https:\/\/artigonews.com\/en\/wp-json\/wp\/v2\/media?parent=344"}],"curies":[{"name":"wp","href":"https:\/\/api.w.org\/{rel}","templated":true}]}}