{"id":338,"date":"2026-03-04T04:02:45","date_gmt":"2026-03-04T04:02:45","guid":{"rendered":"https:\/\/artigonews.com\/?page_id=338"},"modified":"2026-03-04T04:08:10","modified_gmt":"2026-03-04T04:08:10","slug":"politica-de-privacidad","status":"publish","type":"page","link":"https:\/\/artigonews.com\/es\/politica-de-privacidade\/","title":{"rendered":"pol\u00edtica de privacidad"},"content":{"rendered":"<p>Su privacidad es importante para nosotros. La pol\u00edtica de ArtigoNews es respetar su privacidad con respecto a cualquier informaci\u00f3n que podamos recopilar de usted en el sitio web. <a href=\"https:\/\/artigonews.com\/es\/\">ArtigoNews.com<\/a>, y otros sitios web que poseemos y operamos.<\/p>\n\n\n\n<p>Solo solicitamos informaci\u00f3n personal cuando realmente la necesitamos para prestarle un servicio. Lo hacemos de forma justa y legal, con su conocimiento y consentimiento. Asimismo, le informamos sobre el motivo de nuestra recopilaci\u00f3n y c\u00f3mo se utilizar\u00e1.<\/p>\n\n\n\n<p>Solo conservamos la informaci\u00f3n recopilada el tiempo necesario para prestar el servicio solicitado. Al almacenar datos, los protegemos con medios comercialmente aceptables para evitar p\u00e9rdidas y robos, as\u00ed como el acceso, la divulgaci\u00f3n, la copia, el uso o la modificaci\u00f3n no autorizados.<\/p>\n\n\n\n<p>No compartimos informaci\u00f3n de identificaci\u00f3n personal p\u00fablicamente ni con terceros, excepto cuando lo exige la ley.<\/p>\n\n\n\n<p>Nuestro sitio web puede contener enlaces a sitios externos que no operamos. Tenga en cuenta que no tenemos control sobre el contenido ni las pr\u00e1cticas de estos sitios y no nos hacemos responsables de sus respectivas pol\u00edticas de privacidad.<\/p>\n\n\n\n<p>Usted tiene la libertad de rechazar nuestra solicitud de informaci\u00f3n personal, entendiendo que, en ese caso, es posible que no podamos brindarle algunos de los servicios que desea.<\/p>\n\n\n\n<p>El uso continuado de nuestro sitio web se considerar\u00e1 como la aceptaci\u00f3n de nuestras pr\u00e1cticas de privacidad e informaci\u00f3n personal. Si tiene alguna pregunta sobre c\u00f3mo gestionamos los datos de los usuarios y la informaci\u00f3n personal, p\u00f3ngase en contacto con nosotros.<\/p>\n\n\n\n<h3 class=\"wp-block-heading\" id=\"politica-de-cookies-Ler Artigos\">Pol\u00edtica de cookies Art\u00edculoNoticias<\/h3>\n\n\n\n<h3 class=\"wp-block-heading\" id=\"o-que-sao-cookies\">\u00bfQu\u00e9 son las cookies?<\/h3>\n\n\n\n<p>Como es pr\u00e1ctica habitual en casi todos los sitios web profesionales, este sitio utiliza cookies, que son peque\u00f1os archivos que se descargan en su ordenador, para mejorar su experiencia. Esta p\u00e1gina describe qu\u00e9 informaci\u00f3n recopilan, c\u00f3mo la utilizamos y por qu\u00e9 a veces necesitamos almacenar estas cookies. Tambi\u00e9n le explicaremos c\u00f3mo puede evitar que se almacenen estas cookies; sin embargo, esto podr\u00eda afectar negativamente o incluso inutilizar algunas funciones del sitio.<\/p>\n\n\n\n<h3 class=\"wp-block-heading\" id=\"como-usamos-os-cookies\">\u00bfC\u00f3mo utilizamos las cookies?<\/h3>\n\n\n\n<p>Utilizamos cookies por diversas razones, que se detallan a continuaci\u00f3n. Lamentablemente, en la mayor\u00eda de los casos, no existen opciones est\u00e1ndar para desactivar las cookies sin deshabilitar por completo la funcionalidad y las caracter\u00edsticas que aportan a este sitio web. Le recomendamos que mantenga todas las cookies habilitadas si no est\u00e1 seguro de si las necesita o no, ya que podr\u00edan utilizarse para proporcionarle un servicio que usted utiliza.<\/p>\n\n\n\n<h3 class=\"wp-block-heading\" id=\"desativar-cookies\">Deshabilitar cookies<\/h3>\n\n\n\n<p>Puedes impedir que se instalen cookies ajustando la configuraci\u00f3n de tu navegador (consulta la ayuda de tu navegador para saber c\u00f3mo hacerlo). Ten en cuenta que deshabilitar las cookies afectar\u00e1 al funcionamiento de este y muchos otros sitios web que visites. Deshabilitarlas generalmente tambi\u00e9n deshabilitar\u00e1 ciertas funciones y caracter\u00edsticas de este sitio. Por lo tanto, se recomienda no deshabilitarlas.<\/p>\n\n\n\n<h3 class=\"wp-block-heading\" id=\"cookies-que-definimos\">Cookies que configuramos<\/h3>\n\n\n\n<ul class=\"wp-block-list\">\n<li>Cookies relacionadas con la cuenta: Si crea una cuenta con nosotros, utilizaremos cookies para gestionar el proceso de registro y la administraci\u00f3n general. Estas cookies generalmente se eliminar\u00e1n al cerrar sesi\u00f3n, sin embargo, en algunos casos, pueden permanecer para recordar sus preferencias del sitio cuando abandone la p\u00e1gina.<\/li>\n\n\n\n<li>Cookies relacionadas con el inicio de sesi\u00f3n: Utilizamos cookies cuando inicias sesi\u00f3n para recordar esta acci\u00f3n. Esto evita que tengas que iniciar sesi\u00f3n cada vez que visites una p\u00e1gina nueva. Estas cookies se eliminan o borran normalmente al cerrar sesi\u00f3n para garantizar que solo puedas acceder a recursos y \u00e1reas restringidas cuando hayas iniciado sesi\u00f3n.<\/li>\n\n\n\n<li>Cookies relacionadas con boletines informativos por correo electr\u00f3nico: Este sitio web ofrece servicios de suscripci\u00f3n a boletines informativos o correos electr\u00f3nicos, y se pueden utilizar cookies para recordar si ya est\u00e1 registrado y para mostrar ciertas notificaciones que solo son v\u00e1lidas para usuarios suscritos o no suscritos.<\/li>\n\n\n\n<li>Cookies relacionadas con el procesamiento de pedidos: Este sitio ofrece servicios de comercio electr\u00f3nico o pago, y algunas cookies son esenciales para garantizar que su pedido se recuerde entre p\u00e1ginas y as\u00ed poder procesarlo correctamente.<\/li>\n\n\n\n<li>Cookies relacionadas con encuestas: Peri\u00f3dicamente, realizamos encuestas y cuestionarios para brindar informaci\u00f3n interesante, herramientas \u00fatiles o para comprender mejor a nuestros usuarios. Estas encuestas pueden usar cookies para recordar qui\u00e9n ya ha participado o para mostrar resultados precisos tras cambios de p\u00e1gina.<\/li>\n\n\n\n<li>Cookies relacionadas con formularios: Cuando env\u00edas datos a trav\u00e9s de un formulario, como los que se encuentran en las p\u00e1ginas de contacto o en los formularios de comentarios, se pueden configurar cookies para recordar tus datos de usuario para futuras comunicaciones.<\/li>\n\n\n\n<li>Cookies de preferencias del sitio web: Para brindarle una excelente experiencia en este sitio, ofrecemos la posibilidad de configurar sus preferencias sobre c\u00f3mo se comporta el sitio cuando lo utiliza. Para recordar sus preferencias, necesitamos usar cookies para que esta informaci\u00f3n se pueda recuperar cada vez que interact\u00fae con una p\u00e1gina afectada por sus preferencias.<\/li>\n<\/ul>\n\n\n\n<h3 class=\"wp-block-heading\" id=\"cookies-de-terceiros\">Cookies de terceros<\/h3>\n\n\n\n<p>En algunos casos especiales, tambi\u00e9n utilizamos cookies proporcionadas por terceros de confianza. La siguiente secci\u00f3n detalla las cookies de terceros que puede encontrar en este sitio web.<\/p>\n\n\n\n<ul class=\"wp-block-list\">\n<li>Este sitio web utiliza Google Analytics, una de las soluciones de an\u00e1lisis web m\u00e1s extendidas y fiables, para comprender c\u00f3mo utilizas el sitio y c\u00f3mo podemos mejorar tu experiencia. Estas cookies pueden registrar informaci\u00f3n como el tiempo que pasas en el sitio y las p\u00e1ginas que visitas, lo que nos permite seguir creando contenido interesante.<\/li>\n<\/ul>\n\n\n\n<p>Para obtener m\u00e1s informaci\u00f3n sobre las cookies de Google Analytics, visite la p\u00e1gina oficial de Google Analytics.<\/p>\n\n\n\n<ul class=\"wp-block-list\">\n<li>Utilizamos herramientas de an\u00e1lisis de terceros para rastrear y medir el uso de este sitio web y as\u00ed poder seguir creando contenido interesante. Estas cookies pueden registrar informaci\u00f3n como el tiempo que pasas en el sitio o las p\u00e1ginas que visitas, lo que nos ayuda a comprender c\u00f3mo podemos mejorarlo para ti.<\/li>\n\n\n\n<li>Peri\u00f3dicamente, probamos nuevas funciones y realizamos peque\u00f1os cambios en la presentaci\u00f3n del sitio. Mientras probamos estas nuevas funciones, podemos usar cookies para garantizar una experiencia consistente en el sitio, al tiempo que comprendemos qu\u00e9 optimizaciones aprecian m\u00e1s nuestros usuarios.<\/li>\n\n\n\n<li>Como vendemos productos, es importante para nosotros comprender las estad\u00edsticas sobre cu\u00e1ntos visitantes de nuestro sitio web realizan una compra, y ese es el tipo de datos que estas cookies rastrear\u00e1n. Esto es importante para usted porque nos permite realizar predicciones comerciales precisas que nos ayudan a analizar nuestros costos de publicidad y productos para garantizar el mejor precio posible.<\/li>\n\n\n\n<li>El servicio Google AdSense que utilizamos para mostrar anuncios utiliza una cookie de DoubleClick para ofrecer anuncios m\u00e1s relevantes en la web y limitar la cantidad de veces que se le muestra un anuncio determinado.<br>Para obtener m\u00e1s informaci\u00f3n sobre Google AdSense, consulte las preguntas frecuentes oficiales sobre privacidad de Google AdSense.<\/li>\n\n\n\n<li>Utilizamos publicidad para compensar los costes de mantenimiento de este sitio web y financiar su desarrollo futuro. Las cookies de publicidad conductual que utiliza este sitio est\u00e1n dise\u00f1adas para mostrarle los anuncios m\u00e1s relevantes siempre que sea posible, mediante el seguimiento an\u00f3nimo de sus intereses y la presentaci\u00f3n de contenido similar que pueda ser de su inter\u00e9s.<\/li>\n\n\n\n<li>Varios socios publicitan en nuestro nombre, y las cookies de seguimiento de afiliados simplemente nos permiten ver si nuestros clientes accedieron al sitio a trav\u00e9s de uno de los sitios de nuestros socios, para que podamos acreditarlos adecuadamente y, cuando corresponda, permitir que nuestros socios afiliados ofrezcan cualquier promoci\u00f3n que puedan ofrecer para animarle a realizar una compra.<\/li>\n<\/ul>\n\n\n\n<h3 class=\"wp-block-heading\" id=\"compromisso-do-usuario\">Compromiso del usuario<\/h3>\n\n\n\n<p>El usuario acepta hacer un uso apropiado del contenido y la informaci\u00f3n que ArtigoNews ofrece en el sitio web, incluyendo, entre otros:<\/p>\n\n\n\n<ul class=\"wp-block-list\">\n<li>A) No participar en actividades que sean ilegales o contrarias a la buena fe y al orden p\u00fablico;<\/li>\n\n\n\n<li>B) No difundir propaganda o contenido de naturaleza racista, xen\u00f3foba o de mala suerte, ning\u00fan tipo de pornograf\u00eda ilegal o contenido que promueva el terrorismo o viole los derechos humanos;<\/li>\n\n\n\n<li>C) No causar da\u00f1os a los sistemas f\u00edsicos (hardware) y l\u00f3gicos (software) de ArtigoNews, sus proveedores o terceros, mediante la introducci\u00f3n o difusi\u00f3n de virus inform\u00e1ticos o cualquier otro sistema de hardware o software capaz de causar los da\u00f1os mencionados.<\/li>\n<\/ul>\n\n\n\n<h3 class=\"wp-block-heading\" id=\"mais-informacoes\">M\u00e1s informaci\u00f3n<\/h3>\n\n\n\n<p>Esperamos que esto est\u00e9 claro y, como se mencion\u00f3 anteriormente, si hay algo que no est\u00e1 seguro si necesita o no, generalmente es m\u00e1s seguro dejar las cookies habilitadas en caso de que interact\u00fae con una de las funciones que utiliza en nuestro sitio web.<\/p>\n\n\n\n<p>Esta pol\u00edtica entra en vigor a partir de <strong>Enero<\/strong>\/<strong>2022<\/strong>.<\/p>","protected":false},"excerpt":{"rendered":"<p>A sua privacidade \u00e9 importante para n\u00f3s. \u00c9 pol\u00edtica do ArtigoNews respeitar a sua privacidade em rela\u00e7\u00e3o a qualquer informa\u00e7\u00e3o sua que possamos coletar no site ArtigoNews.com, e outros sites que possu\u00edmos e operamos. Solicitamos informa\u00e7\u00f5es pessoais apenas quando realmente precisamos delas para lhe fornecer um servi\u00e7o. Fazemo-lo por meios justos e legais, com o [&hellip;]<\/p>\n","protected":false},"author":1,"featured_media":0,"parent":0,"menu_order":0,"comment_status":"closed","ping_status":"closed","template":"","meta":{"footnotes":""},"class_list":["post-338","page","type-page","status-publish"],"_links":{"self":[{"href":"https:\/\/artigonews.com\/es\/wp-json\/wp\/v2\/pages\/338","targetHints":{"allow":["GET"]}}],"collection":[{"href":"https:\/\/artigonews.com\/es\/wp-json\/wp\/v2\/pages"}],"about":[{"href":"https:\/\/artigonews.com\/es\/wp-json\/wp\/v2\/types\/page"}],"author":[{"embeddable":true,"href":"https:\/\/artigonews.com\/es\/wp-json\/wp\/v2\/users\/1"}],"replies":[{"embeddable":true,"href":"https:\/\/artigonews.com\/es\/wp-json\/wp\/v2\/comments?post=338"}],"version-history":[{"count":2,"href":"https:\/\/artigonews.com\/es\/wp-json\/wp\/v2\/pages\/338\/revisions"}],"predecessor-version":[{"id":351,"href":"https:\/\/artigonews.com\/es\/wp-json\/wp\/v2\/pages\/338\/revisions\/351"}],"wp:attachment":[{"href":"https:\/\/artigonews.com\/es\/wp-json\/wp\/v2\/media?parent=338"}],"curies":[{"name":"wp","href":"https:\/\/api.w.org\/{rel}","templated":true}]}}