{"id":340,"date":"2026-03-04T04:03:25","date_gmt":"2026-03-04T04:03:25","guid":{"rendered":"https:\/\/artigonews.com\/?page_id=340"},"modified":"2026-03-04T04:08:09","modified_gmt":"2026-03-04T04:08:09","slug":"condiciones-de-uso","status":"publish","type":"page","link":"https:\/\/artigonews.com\/es\/termos-de-uso\/","title":{"rendered":"Condiciones de uso"},"content":{"rendered":"<h3 class=\"wp-block-heading\" id=\"1-termos\">1. Condiciones<\/h3>\n\n\n\n<p>Al acceder al sitio web <a href=\"https:\/\/artigonews.com\/es\/\">Art\u00edculoNoticias<\/a>, Al usar este sitio, usted acepta estar sujeto a estos t\u00e9rminos de servicio y a todas las leyes y regulaciones aplicables, y acepta ser responsable del cumplimiento de todas las leyes locales aplicables. Si no acepta alguno de estos t\u00e9rminos, se le proh\u00edbe usar o acceder a este sitio. Los materiales contenidos en este sitio web est\u00e1n protegidos por las leyes aplicables de derechos de autor y marcas registradas.<\/p>\n\n\n\n<h3 class=\"wp-block-heading\" id=\"2-uso-de-licenca\">2. Uso de la licencia<\/h3>\n\n\n\n<p>Se concede permiso para descargar temporalmente una copia de los materiales (informaci\u00f3n o software) del sitio web de ArtigoNews, \u00fanicamente para su visualizaci\u00f3n personal, no comercial y transitoria. Esta licencia constituye una concesi\u00f3n de licencia, no una transferencia de titularidad, y bajo esta licencia no podr\u00e1:&nbsp;<\/p>\n\n\n\n<ol class=\"wp-block-list\">\n<li>modificar o copiar los materiales;&nbsp;<\/li>\n\n\n\n<li>Utilizar los materiales para cualquier prop\u00f3sito comercial o para exhibici\u00f3n p\u00fablica (comercial o no comercial);&nbsp;<\/li>\n\n\n\n<li>Intentar descompilar o realizar ingenier\u00eda inversa a cualquier software contenido en el sitio web de ArtigoNews; ;&nbsp;<\/li>\n\n\n\n<li>eliminar cualquier derecho de autor u otras notaciones de propiedad de los materiales; o&nbsp;<\/li>\n\n\n\n<li>Transferir los materiales a otra persona o \u2018duplicar\u2019 los materiales en cualquier otro servidor.<\/li>\n<\/ol>\n\n\n\n<p>Esta licencia se rescindir\u00e1 autom\u00e1ticamente si usted infringe cualquiera de estas restricciones y ArtigoNews podr\u00e1 rescindirla en cualquier momento. Al finalizar la visualizaci\u00f3n de estos materiales o al rescindirse esta licencia, deber\u00e1 destruir todos los materiales descargados que tenga en su poder, ya sea en formato electr\u00f3nico o impreso.<\/p>\n\n\n\n<h3 class=\"wp-block-heading\" id=\"3-isencao-de-responsabilidade\">3. Descargo de responsabilidad<\/h3>\n\n\n\n<ol class=\"wp-block-list\">\n<li>Los materiales del sitio web de ArtigoNews se proporcionan tal cual. ArtigoNews no ofrece garant\u00edas, expresas ni impl\u00edcitas, y por la presente renuncia y niega cualquier otra garant\u00eda, incluyendo, entre otras, las garant\u00edas o condiciones impl\u00edcitas de comerciabilidad, idoneidad para un fin espec\u00edfico o no infracci\u00f3n de la propiedad intelectual u otra violaci\u00f3n de derechos.<\/li>\n\n\n\n<li>Adem\u00e1s, ArtigoNews no garantiza ni hace ninguna declaraci\u00f3n sobre la precisi\u00f3n, los resultados probables o la confiabilidad del uso de los materiales en su sitio web o de otro modo relacionados con dichos materiales o en cualquier sitio vinculado a este sitio.<\/li>\n<\/ol>\n\n\n\n<h3 class=\"wp-block-heading\" id=\"4-limitacoes\">4. Limitaciones<\/h3>\n\n\n\n<p>ArtigoNews ni sus proveedores no ser\u00e1n responsables en ning\u00fan caso de ning\u00fan da\u00f1o (incluyendo, sin limitaci\u00f3n, da\u00f1os por p\u00e9rdida de datos o beneficios, o debido a la interrupci\u00f3n del negocio) derivado del uso o la imposibilidad de usar los materiales de ArtigoNews, incluso si ArtigoNews o un representante autorizado de ArtigoNews ha sido notificado oralmente o por escrito de la posibilidad de dichos da\u00f1os. Dado que algunas jurisdicciones no permiten limitaciones a las garant\u00edas impl\u00edcitas ni limitaciones de responsabilidad por da\u00f1os consecuentes o incidentales, es posible que estas limitaciones no le sean aplicables.<\/p>\n\n\n\n<h3 class=\"wp-block-heading\" id=\"5-precisao-dos-materiais\">5. Precisi\u00f3n de los materiales<\/h3>\n\n\n\n<p>Los materiales publicados en el sitio web de ArtigoNews pueden contener errores t\u00e9cnicos, tipogr\u00e1ficos o fotogr\u00e1ficos. ArtigoNews no garantiza la exactitud, integridad ni actualidad del material de su sitio web. ArtigoNews podr\u00e1 modificar los materiales de su sitio web en cualquier momento sin previo aviso. Sin embargo, ArtigoNews no se compromete a actualizarlos.<\/p>\n\n\n\n<h3 class=\"wp-block-heading\" id=\"6-links\">6. Enlaces<\/h3>\n\n\n\n<p>ArtigoNews no ha revisado todos los sitios enlazados a su sitio web y no se responsabiliza del contenido de ninguno de ellos. La inclusi\u00f3n de un enlace no implica la aprobaci\u00f3n del sitio por parte de ArtigoNews. El uso de cualquier sitio web enlazado es bajo el propio riesgo del usuario.<\/p>\n\n\n\n<h3 class=\"wp-block-heading\" id=\"modificacoes\">Modificaciones<\/h3>\n\n\n\n<p>ArtigoNews podr\u00e1 modificar estas condiciones de servicio en cualquier momento sin previo aviso. Al utilizar este sitio web, usted acepta la versi\u00f3n vigente de estas condiciones de servicio.<\/p>\n\n\n\n<h3 class=\"wp-block-heading\" id=\"lei-aplicavel\">Ley aplicable<\/h3>\n\n\n\n<p>Estos t\u00e9rminos y condiciones se rigen e interpretan de conformidad con las leyes de ArtigoNews, y usted se somete irrevocablemente a la jurisdicci\u00f3n exclusiva de los tribunales de ese estado o localidad.<\/p>","protected":false},"excerpt":{"rendered":"<p>1. Termos Ao acessar ao site ArtigoNews, concorda em cumprir estes termos de servi\u00e7o, todas as leis e regulamentos aplic\u00e1veis \u200b\u200be concorda que \u00e9 respons\u00e1vel pelo cumprimento de todas as leis locais aplic\u00e1veis. Se voc\u00ea n\u00e3o concordar com algum desses termos, est\u00e1 proibido de usar ou acessar este site. Os materiais contidos neste site s\u00e3o [&hellip;]<\/p>\n","protected":false},"author":1,"featured_media":0,"parent":0,"menu_order":0,"comment_status":"closed","ping_status":"closed","template":"","meta":{"footnotes":""},"class_list":["post-340","page","type-page","status-publish"],"_links":{"self":[{"href":"https:\/\/artigonews.com\/es\/wp-json\/wp\/v2\/pages\/340","targetHints":{"allow":["GET"]}}],"collection":[{"href":"https:\/\/artigonews.com\/es\/wp-json\/wp\/v2\/pages"}],"about":[{"href":"https:\/\/artigonews.com\/es\/wp-json\/wp\/v2\/types\/page"}],"author":[{"embeddable":true,"href":"https:\/\/artigonews.com\/es\/wp-json\/wp\/v2\/users\/1"}],"replies":[{"embeddable":true,"href":"https:\/\/artigonews.com\/es\/wp-json\/wp\/v2\/comments?post=340"}],"version-history":[{"count":2,"href":"https:\/\/artigonews.com\/es\/wp-json\/wp\/v2\/pages\/340\/revisions"}],"predecessor-version":[{"id":350,"href":"https:\/\/artigonews.com\/es\/wp-json\/wp\/v2\/pages\/340\/revisions\/350"}],"wp:attachment":[{"href":"https:\/\/artigonews.com\/es\/wp-json\/wp\/v2\/media?parent=340"}],"curies":[{"name":"wp","href":"https:\/\/api.w.org\/{rel}","templated":true}]}}