{"id":344,"date":"2026-03-04T04:06:07","date_gmt":"2026-03-04T04:06:07","guid":{"rendered":"https:\/\/artigonews.com\/?page_id=344"},"modified":"2026-03-04T04:06:07","modified_gmt":"2026-03-04T04:06:07","slug":"quienes-somos","status":"publish","type":"page","link":"https:\/\/artigonews.com\/es\/quem-somos\/","title":{"rendered":"Quienes somos"},"content":{"rendered":"<p>Somos los <strong>Art\u00edculoNoticias<\/strong>, un sitio web creado para aquellos a quienes les gusta estar al d\u00eda de lo que sucede en el mundo digital, de una manera sencilla, directa y actual.<\/p>\n\n\n\n<p>Aqu\u00ed encontrar\u00e1s contenido sobre <strong>Aplicaciones<\/strong>, con sugerencias y an\u00e1lisis para ayudarte a elegir herramientas \u00fatiles para el uso diario, as\u00ed como gu\u00edas y recomendaciones para sacar el m\u00e1ximo provecho de cada aplicaci\u00f3n. Tambi\u00e9n hablamos de <strong>Tecnolog\u00eda<\/strong>, Presentamos tendencias, noticias y explicaciones de forma sencilla, para que cualquiera pueda entenderlas.<\/p>\n\n\n\n<p>En ArtigoNews, tambi\u00e9n nos gusta explorar. <strong>Datos interesantes<\/strong> (especialmente las tecnol\u00f3gicas), esas piezas interesantes de informaci\u00f3n que probablemente no conoc\u00edas y que te hacen ver tu tel\u00e9fono celular e Internet de una manera diferente. Y, por supuesto, tenemos un \u00e1rea llena de <strong>Consejos<\/strong> Consejos para hacerte la vida m\u00e1s f\u00e1cil: desde trucos para smartphones hasta maneras de organizar mejor tus aplicaciones, mejorar el rendimiento y usar funciones ocultas.<\/p>\n\n\n\n<p>Y para completar, cubrimos <strong>Juegos<\/strong>, Con contenido para quienes juegan en dispositivos m\u00f3viles, PC o consolas: noticias, tendencias, listas y recomendaciones para que descubras qu\u00e9 merece la pena jugar.<\/p>\n\n\n\n<p>Nuestro objetivo es ser un portal fiable y f\u00e1cil de usar, con contenido que informe, ayude y entretenga, utilizando siempre un lenguaje accesible y centr\u00e1ndonos en lo que realmente importa.<\/p>\n\n\n\n<p>Bienvenido a <strong>Art\u00edculoNoticias<\/strong>. \ud83d\ude80<\/p>","protected":false},"excerpt":{"rendered":"<p>Somos o ArtigoNews, um site criado para quem gosta de estar sempre por dentro do que acontece no mundo digital \u2014 de um jeito simples, direto e atualizado. Aqui voc\u00ea encontra conte\u00fados sobre Aplicativos, com sugest\u00f5es e an\u00e1lises para ajudar a escolher ferramentas \u00fateis no dia a dia, al\u00e9m de guias e recomenda\u00e7\u00f5es para aproveitar [&hellip;]<\/p>\n","protected":false},"author":1,"featured_media":0,"parent":0,"menu_order":0,"comment_status":"closed","ping_status":"closed","template":"","meta":{"footnotes":""},"class_list":["post-344","page","type-page","status-publish"],"_links":{"self":[{"href":"https:\/\/artigonews.com\/es\/wp-json\/wp\/v2\/pages\/344","targetHints":{"allow":["GET"]}}],"collection":[{"href":"https:\/\/artigonews.com\/es\/wp-json\/wp\/v2\/pages"}],"about":[{"href":"https:\/\/artigonews.com\/es\/wp-json\/wp\/v2\/types\/page"}],"author":[{"embeddable":true,"href":"https:\/\/artigonews.com\/es\/wp-json\/wp\/v2\/users\/1"}],"replies":[{"embeddable":true,"href":"https:\/\/artigonews.com\/es\/wp-json\/wp\/v2\/comments?post=344"}],"version-history":[{"count":1,"href":"https:\/\/artigonews.com\/es\/wp-json\/wp\/v2\/pages\/344\/revisions"}],"predecessor-version":[{"id":345,"href":"https:\/\/artigonews.com\/es\/wp-json\/wp\/v2\/pages\/344\/revisions\/345"}],"wp:attachment":[{"href":"https:\/\/artigonews.com\/es\/wp-json\/wp\/v2\/media?parent=344"}],"curies":[{"name":"wp","href":"https:\/\/api.w.org\/{rel}","templated":true}]}}