{"id":344,"date":"2026-03-04T04:06:07","date_gmt":"2026-03-04T04:06:07","guid":{"rendered":"https:\/\/artigonews.com\/?page_id=344"},"modified":"2026-03-04T04:06:07","modified_gmt":"2026-03-04T04:06:07","slug":"qui-nous-sommes","status":"publish","type":"page","link":"https:\/\/artigonews.com\/fr\/quem-somos\/","title":{"rendered":"Qui sommes-nous ?"},"content":{"rendered":"<p>Nous sommes les <strong>ArticleActualit\u00e9s<\/strong>, un site web cr\u00e9\u00e9 pour ceux qui aiment rester au courant de l&#039;actualit\u00e9 du monde num\u00e9rique \u2014 de mani\u00e8re simple, directe et actuelle.<\/p>\n\n\n\n<p>Vous trouverez ici du contenu sur <strong>Applications<\/strong>, avec des suggestions et des analyses pour vous aider \u00e0 choisir des outils utiles au quotidien, ainsi que des guides et des recommandations pour tirer le meilleur parti de chaque application. Nous parlons \u00e9galement de <strong>Technologie<\/strong>, Pr\u00e9senter les tendances, les actualit\u00e9s et les explications de mani\u00e8re simple et claire, pour que chacun puisse comprendre.<\/p>\n\n\n\n<p>Chez ArtigoNews, nous aimons aussi explorer. <strong>Faits int\u00e9ressants<\/strong> (surtout les informations technologiques), ces d\u00e9tails int\u00e9ressants que vous ignoriez probablement et qui vous font voir votre t\u00e9l\u00e9phone portable et Internet d&#039;un \u0153il nouveau. Et, bien s\u00fbr, nous avons un espace rempli de <strong>Conseils<\/strong> Conseils pour vous simplifier la vie\u00a0: des astuces pour smartphone aux m\u00e9thodes pour mieux organiser vos applications, am\u00e9liorer les performances et utiliser les fonctionnalit\u00e9s cach\u00e9es.<\/p>\n\n\n\n<p>Et pour compl\u00e9ter, nous abordons <strong>Jeux<\/strong>, avec du contenu pour ceux qui jouent sur mobile, PC ou console\u00a0: actualit\u00e9s, tendances, listes et recommandations pour vous aider \u00e0 d\u00e9couvrir les jeux qui valent le d\u00e9tour.<\/p>\n\n\n\n<p>Notre objectif est d&#039;\u00eatre un portail fiable et convivial, avec un contenu qui informe, aide et divertit, en utilisant toujours un langage accessible et en se concentrant sur ce qui compte vraiment.<\/p>\n\n\n\n<p>Bienvenue sur <strong>ArticleActualit\u00e9s<\/strong>. \ud83d\ude80<\/p>","protected":false},"excerpt":{"rendered":"<p>Somos o ArtigoNews, um site criado para quem gosta de estar sempre por dentro do que acontece no mundo digital \u2014 de um jeito simples, direto e atualizado. Aqui voc\u00ea encontra conte\u00fados sobre Aplicativos, com sugest\u00f5es e an\u00e1lises para ajudar a escolher ferramentas \u00fateis no dia a dia, al\u00e9m de guias e recomenda\u00e7\u00f5es para aproveitar [&hellip;]<\/p>\n","protected":false},"author":1,"featured_media":0,"parent":0,"menu_order":0,"comment_status":"closed","ping_status":"closed","template":"","meta":{"footnotes":""},"class_list":["post-344","page","type-page","status-publish"],"_links":{"self":[{"href":"https:\/\/artigonews.com\/fr\/wp-json\/wp\/v2\/pages\/344","targetHints":{"allow":["GET"]}}],"collection":[{"href":"https:\/\/artigonews.com\/fr\/wp-json\/wp\/v2\/pages"}],"about":[{"href":"https:\/\/artigonews.com\/fr\/wp-json\/wp\/v2\/types\/page"}],"author":[{"embeddable":true,"href":"https:\/\/artigonews.com\/fr\/wp-json\/wp\/v2\/users\/1"}],"replies":[{"embeddable":true,"href":"https:\/\/artigonews.com\/fr\/wp-json\/wp\/v2\/comments?post=344"}],"version-history":[{"count":1,"href":"https:\/\/artigonews.com\/fr\/wp-json\/wp\/v2\/pages\/344\/revisions"}],"predecessor-version":[{"id":345,"href":"https:\/\/artigonews.com\/fr\/wp-json\/wp\/v2\/pages\/344\/revisions\/345"}],"wp:attachment":[{"href":"https:\/\/artigonews.com\/fr\/wp-json\/wp\/v2\/media?parent=344"}],"curies":[{"name":"wp","href":"https:\/\/api.w.org\/{rel}","templated":true}]}}