{"id":344,"date":"2026-03-04T04:06:07","date_gmt":"2026-03-04T04:06:07","guid":{"rendered":"https:\/\/artigonews.com\/?page_id=344"},"modified":"2026-03-04T04:06:07","modified_gmt":"2026-03-04T04:06:07","slug":"%d7%9e%d7%99-%d7%90%d7%a0%d7%97%d7%a0%d7%95","status":"publish","type":"page","link":"https:\/\/artigonews.com\/he\/quem-somos\/","title":{"rendered":"\u05de\u05d9 \u05d0\u05e0\u05d7\u05e0\u05d5"},"content":{"rendered":"<p>\u05d0\u05e0\u05d7\u05e0\u05d5 \u05d4- <strong>\u05d7\u05d3\u05e9\u05d5\u05ea \u05de\u05d0\u05de\u05e8<\/strong>, \u05d0\u05ea\u05e8 \u05d0\u05d9\u05e0\u05d8\u05e8\u05e0\u05d8 \u05e9\u05e0\u05d5\u05e6\u05e8 \u05e2\u05d1\u05d5\u05e8 \u05d0\u05dc\u05d5 \u05e9\u05d0\u05d5\u05d4\u05d1\u05d9\u05dd \u05dc\u05d4\u05ea\u05e2\u05d3\u05db\u05df \u05d1\u05de\u05ea\u05e8\u05d7\u05e9 \u05d1\u05e2\u05d5\u05dc\u05dd \u05d4\u05d3\u05d9\u05d2\u05d9\u05d8\u05dc\u05d9 - \u05d1\u05e6\u05d5\u05e8\u05d4 \u05e4\u05e9\u05d5\u05d8\u05d4, \u05d9\u05e9\u05d9\u05e8\u05d4 \u05d5\u05e2\u05d3\u05db\u05e0\u05d9\u05ea.<\/p>\n\n\n\n<p>\u05db\u05d0\u05df \u05ea\u05de\u05e6\u05d0\u05d5 \u05ea\u05d5\u05db\u05df \u05d1\u05e0\u05d5\u05e9\u05d0 <strong>\u05d9\u05d9\u05e9\u05d5\u05de\u05d9\u05dd<\/strong>, \u05e2\u05dd \u05d4\u05e6\u05e2\u05d5\u05ea \u05d5\u05e0\u05d9\u05ea\u05d5\u05d7\u05d9\u05dd \u05e9\u05d9\u05e2\u05d6\u05e8\u05d5 \u05dc\u05db\u05dd \u05dc\u05d1\u05d7\u05d5\u05e8 \u05db\u05dc\u05d9\u05dd \u05e9\u05d9\u05de\u05d5\u05e9\u05d9\u05d9\u05dd \u05dc\u05e9\u05d9\u05de\u05d5\u05e9 \u05d9\u05d5\u05de\u05d9\u05d5\u05de\u05d9, \u05db\u05de\u05d5 \u05d2\u05dd \u05de\u05d3\u05e8\u05d9\u05db\u05d9\u05dd \u05d5\u05d4\u05de\u05dc\u05e6\u05d5\u05ea \u05dc\u05d4\u05e4\u05e7\u05ea \u05d4\u05de\u05e8\u05d1 \u05de\u05db\u05dc \u05d0\u05e4\u05dc\u05d9\u05e7\u05e6\u05d9\u05d4. \u05d0\u05e0\u05d7\u05e0\u05d5 \u05d2\u05dd \u05de\u05d3\u05d1\u05e8\u05d9\u05dd \u05e2\u05dc <strong>\u05d8\u05b6\u05db\u05e0\u05d5\u05b9\u05dc\u05d5\u05b9\u05d2\u05b4\u05d9\u05b8\u05d4<\/strong>, \u05d4\u05d1\u05d0\u05ea \u05de\u05d2\u05de\u05d5\u05ea, \u05d7\u05d3\u05e9\u05d5\u05ea \u05d5\u05d4\u05e1\u05d1\u05e8\u05d9\u05dd \u05d1\u05e6\u05d5\u05e8\u05d4 \u05d9\u05e9\u05d9\u05e8\u05d4, \u05db\u05da \u05e9\u05db\u05dc \u05d0\u05d7\u05d3 \u05d9\u05d5\u05db\u05dc \u05dc\u05d4\u05d1\u05d9\u05df.<\/p>\n\n\n\n<p>\u05d1\u05d0\u05e8\u05d8\u05d9\u05d2\u05d5\u05e0\u05d9\u05d5\u05d6, \u05d0\u05e0\u05d7\u05e0\u05d5 \u05d2\u05dd \u05e0\u05d4\u05e0\u05d9\u05dd \u05dc\u05d7\u05e7\u05d5\u05e8. <strong>\u05e2\u05d5\u05d1\u05d3\u05d5\u05ea \u05de\u05e2\u05e0\u05d9\u05d9\u05e0\u05d5\u05ea<\/strong> (\u05d1\u05de\u05d9\u05d5\u05d7\u05d3 \u05d8\u05db\u05e0\u05d5\u05dc\u05d5\u05d2\u05d9\u05d5\u05ea), \u05d0\u05d5\u05ea\u05dd \u05e4\u05d9\u05e1\u05d5\u05ea \u05de\u05d9\u05d3\u05e2 \u05de\u05e2\u05e0\u05d9\u05d9\u05e0\u05d5\u05ea \u05e9\u05db\u05e0\u05e8\u05d0\u05d4 \u05dc\u05d0 \u05d9\u05d3\u05e2\u05ea\u05dd - \u05d5\u05e9\u05d2\u05d5\u05e8\u05de\u05d5\u05ea \u05dc\u05db\u05dd \u05dc\u05d4\u05e1\u05ea\u05db\u05dc \u05e2\u05dc \u05d4\u05d8\u05dc\u05e4\u05d5\u05df \u05d4\u05e1\u05dc\u05d5\u05dc\u05e8\u05d9 \u05e9\u05dc\u05db\u05dd \u05d5\u05e2\u05dc \u05d4\u05d0\u05d9\u05e0\u05d8\u05e8\u05e0\u05d8 \u05d1\u05e6\u05d5\u05e8\u05d4 \u05e9\u05d5\u05e0\u05d4. \u05d5\u05db\u05de\u05d5\u05d1\u05df, \u05d9\u05e9 \u05dc\u05e0\u05d5 \u05d0\u05d6\u05d5\u05e8 \u05de\u05dc\u05d0 \u05d1 <strong>\u05d8\u05d9\u05e4\u05d9\u05dd<\/strong> \u05d8\u05d9\u05e4\u05d9\u05dd \u05dc\u05d4\u05e7\u05dc \u05e2\u05dc \u05d4\u05d7\u05d9\u05d9\u05dd: \u05d4\u05d7\u05dc \u05de\u05d8\u05e8\u05d9\u05e7\u05d9\u05dd \u05dc\u05e1\u05de\u05d0\u05e8\u05d8\u05e4\u05d5\u05e0\u05d9\u05dd \u05d5\u05e2\u05d3 \u05d3\u05e8\u05db\u05d9\u05dd \u05dc\u05d0\u05e8\u05d2\u05df \u05d8\u05d5\u05d1 \u05d9\u05d5\u05ea\u05e8 \u05d0\u05ea \u05d4\u05d0\u05e4\u05dc\u05d9\u05e7\u05e6\u05d9\u05d5\u05ea \u05e9\u05dc\u05db\u05dd, \u05dc\u05e9\u05e4\u05e8 \u05d1\u05d9\u05e6\u05d5\u05e2\u05d9\u05dd \u05d5\u05dc\u05d4\u05e9\u05ea\u05de\u05e9 \u05d1\u05ea\u05db\u05d5\u05e0\u05d5\u05ea \u05e0\u05e1\u05ea\u05e8\u05d5\u05ea.<\/p>\n\n\n\n<p>\u05d5\u05dc\u05e1\u05d9\u05d5\u05dd, \u05d0\u05e0\u05d5 \u05de\u05db\u05e1\u05d9\u05dd <strong>\u05de\u05e9\u05d7\u05e7\u05d9\u05dd<\/strong>, \u05e2\u05dd \u05ea\u05d5\u05db\u05df \u05dc\u05de\u05e9\u05d7\u05e7\u05d9\u05dd \u05d1\u05e0\u05d9\u05d9\u05d3, \u05d1\u05de\u05d7\u05e9\u05d1 \u05d0\u05d5 \u05d1\u05e7\u05d5\u05e0\u05e1\u05d5\u05dc\u05d4: \u05d7\u05d3\u05e9\u05d5\u05ea, \u05d8\u05e8\u05e0\u05d3\u05d9\u05dd, \u05e8\u05e9\u05d9\u05de\u05d5\u05ea \u05d5\u05d4\u05de\u05dc\u05e6\u05d5\u05ea \u05db\u05d3\u05d9 \u05e9\u05ea\u05d5\u05db\u05dc\u05d5 \u05dc\u05d2\u05dc\u05d5\u05ea \u05de\u05d4 \u05e9\u05d5\u05d5\u05d4 \u05dc\u05e9\u05d7\u05e7.<\/p>\n\n\n\n<p>\u05d4\u05de\u05d8\u05e8\u05d4 \u05e9\u05dc\u05e0\u05d5 \u05d4\u05d9\u05d0 \u05dc\u05d4\u05d9\u05d5\u05ea \u05e4\u05d5\u05e8\u05d8\u05dc \u05d0\u05de\u05d9\u05df \u05d5\u05d9\u05d3\u05d9\u05d3\u05d5\u05ea\u05d9 \u05dc\u05de\u05e9\u05ea\u05de\u05e9, \u05e2\u05dd \u05ea\u05d5\u05db\u05df \u05e9\u05de\u05e1\u05e4\u05e7 \u05de\u05d9\u05d3\u05e2, \u05e2\u05d5\u05d6\u05e8 \u05d5\u05de\u05e9\u05e2\u05e9\u05e2 - \u05ea\u05de\u05d9\u05d3 \u05ea\u05d5\u05da \u05e9\u05d9\u05de\u05d5\u05e9 \u05d1\u05e9\u05e4\u05d4 \u05e0\u05d2\u05d9\u05e9\u05d4 \u05d5\u05d1\u05d4\u05ea\u05de\u05e7\u05d3\u05d5\u05ea \u05d1\u05de\u05d4 \u05e9\u05d7\u05e9\u05d5\u05d1 \u05d1\u05d0\u05de\u05ea.<\/p>\n\n\n\n<p>\u05d1\u05e8\u05d5\u05db\u05d9\u05dd \u05d4\u05d1\u05d0\u05d9\u05dd \u05dc <strong>\u05d7\u05d3\u05e9\u05d5\u05ea \u05de\u05d0\u05de\u05e8<\/strong>. \ud83d\ude80<\/p>","protected":false},"excerpt":{"rendered":"<p>Somos o ArtigoNews, um site criado para quem gosta de estar sempre por dentro do que acontece no mundo digital \u2014 de um jeito simples, direto e atualizado. Aqui voc\u00ea encontra conte\u00fados sobre Aplicativos, com sugest\u00f5es e an\u00e1lises para ajudar a escolher ferramentas \u00fateis no dia a dia, al\u00e9m de guias e recomenda\u00e7\u00f5es para aproveitar [&hellip;]<\/p>\n","protected":false},"author":1,"featured_media":0,"parent":0,"menu_order":0,"comment_status":"closed","ping_status":"closed","template":"","meta":{"footnotes":""},"class_list":["post-344","page","type-page","status-publish"],"_links":{"self":[{"href":"https:\/\/artigonews.com\/he\/wp-json\/wp\/v2\/pages\/344","targetHints":{"allow":["GET"]}}],"collection":[{"href":"https:\/\/artigonews.com\/he\/wp-json\/wp\/v2\/pages"}],"about":[{"href":"https:\/\/artigonews.com\/he\/wp-json\/wp\/v2\/types\/page"}],"author":[{"embeddable":true,"href":"https:\/\/artigonews.com\/he\/wp-json\/wp\/v2\/users\/1"}],"replies":[{"embeddable":true,"href":"https:\/\/artigonews.com\/he\/wp-json\/wp\/v2\/comments?post=344"}],"version-history":[{"count":1,"href":"https:\/\/artigonews.com\/he\/wp-json\/wp\/v2\/pages\/344\/revisions"}],"predecessor-version":[{"id":345,"href":"https:\/\/artigonews.com\/he\/wp-json\/wp\/v2\/pages\/344\/revisions\/345"}],"wp:attachment":[{"href":"https:\/\/artigonews.com\/he\/wp-json\/wp\/v2\/media?parent=344"}],"curies":[{"name":"wp","href":"https:\/\/api.w.org\/{rel}","templated":true}]}}