{"id":344,"date":"2026-03-04T04:06:07","date_gmt":"2026-03-04T04:06:07","guid":{"rendered":"https:\/\/artigonews.com\/?page_id=344"},"modified":"2026-03-04T04:06:07","modified_gmt":"2026-03-04T04:06:07","slug":"%e0%a4%b9%e0%a4%ae-%e0%a4%9c%e0%a5%8b-%e0%a4%b9%e0%a5%88%e0%a4%82","status":"publish","type":"page","link":"https:\/\/artigonews.com\/hi\/quem-somos\/","title":{"rendered":"\u0939\u092e \u091c\u094b \u0939\u0948\u0902"},"content":{"rendered":"<p>\u0939\u092e <strong>\u0932\u0947\u0916 \u0938\u092e\u093e\u091a\u093e\u0930<\/strong>, \u092f\u0939 \u0935\u0947\u092c\u0938\u093e\u0907\u091f \u0909\u0928 \u0932\u094b\u0917\u094b\u0902 \u0915\u0947 \u0932\u093f\u090f \u092c\u0928\u093e\u0908 \u0917\u0908 \u0939\u0948 \u091c\u094b \u0921\u093f\u091c\u093f\u091f\u0932 \u0926\u0941\u0928\u093f\u092f\u093e \u092e\u0947\u0902 \u0939\u094b \u0930\u0939\u0940 \u0918\u091f\u0928\u093e\u0913\u0902 \u0938\u0947 \u0938\u0930\u0932, \u0938\u0940\u0927\u0947 \u0914\u0930 \u0935\u0930\u094d\u0924\u092e\u093e\u0928 \u0924\u0930\u0940\u0915\u0947 \u0938\u0947 \u0905\u0935\u0917\u0924 \u0930\u0939\u0928\u093e \u092a\u0938\u0902\u0926 \u0915\u0930\u0924\u0947 \u0939\u0948\u0902\u0964.<\/p>\n\n\n\n<p>\u092f\u0939\u093e\u0902 \u0906\u092a\u0915\u094b \u0907\u0938\u0915\u0947 \u092c\u093e\u0930\u0947 \u092e\u0947\u0902 \u091c\u093e\u0928\u0915\u093e\u0930\u0940 \u092e\u093f\u0932\u0947\u0917\u0940 <strong>\u0906\u0935\u0947\u0926\u0928<\/strong>, \u0907\u0938\u092e\u0947\u0902 \u0906\u092a\u0915\u094b \u0930\u094b\u091c\u092e\u0930\u094d\u0930\u093e \u0915\u0947 \u0909\u092a\u092f\u094b\u0917 \u0915\u0947 \u0932\u093f\u090f \u0909\u092a\u092f\u094b\u0917\u0940 \u0909\u092a\u0915\u0930\u0923 \u091a\u0941\u0928\u0928\u0947 \u092e\u0947\u0902 \u092e\u0926\u0926 \u0915\u0930\u0928\u0947 \u0915\u0947 \u0932\u093f\u090f \u0938\u0941\u091d\u093e\u0935 \u0914\u0930 \u0935\u093f\u0936\u094d\u0932\u0947\u0937\u0923 \u0915\u0947 \u0938\u093e\u0925-\u0938\u093e\u0925 \u092a\u094d\u0930\u0924\u094d\u092f\u0947\u0915 \u0910\u092a \u0915\u093e \u0905\u0927\u093f\u0915\u0924\u092e \u0932\u093e\u092d \u0909\u0920\u093e\u0928\u0947 \u0915\u0947 \u0932\u093f\u090f \u0917\u093e\u0907\u0921 \u0914\u0930 \u0905\u0928\u0941\u0936\u0902\u0938\u093e\u090f\u0902 \u092d\u0940 \u0936\u093e\u092e\u093f\u0932 \u0939\u0948\u0902\u0964 \u0939\u092e \u0907\u0938\u0915\u0947 \u092c\u093e\u0930\u0947 \u092e\u0947\u0902 \u092d\u0940 \u092c\u093e\u0924 \u0915\u0930\u0924\u0947 \u0939\u0948\u0902\u0964 <strong>\u0924\u0915\u0928\u0940\u0915\u0940<\/strong>, \u0930\u0941\u091d\u093e\u0928\u094b\u0902, \u0916\u092c\u0930\u094b\u0902 \u0914\u0930 \u0938\u094d\u092a\u0937\u094d\u091f\u0940\u0915\u0930\u0923\u094b\u0902 \u0915\u094b \u0938\u0930\u0932 \u0924\u0930\u0940\u0915\u0947 \u0938\u0947 \u092a\u094d\u0930\u0938\u094d\u0924\u0941\u0924 \u0915\u0930\u0928\u093e, \u0924\u093e\u0915\u093f \u0939\u0930 \u0915\u094b\u0908 \u0938\u092e\u091d \u0938\u0915\u0947\u0964.<\/p>\n\n\n\n<p>\u0906\u0930\u094d\u091f\u093f\u0917\u094b\u0928\u094d\u092f\u0942\u091c\u093c \u092e\u0947\u0902, \u0939\u092e \u092d\u0940 \u0916\u094b\u091c\u092c\u0940\u0928 \u0915\u093e \u0906\u0928\u0902\u0926 \u0932\u0947\u0924\u0947 \u0939\u0948\u0902\u0964 <strong>\u0930\u094b\u091a\u0915 \u0924\u0925\u094d\u092f<\/strong> (\u0935\u093f\u0936\u0947\u0937\u0915\u0930 \u0924\u0915\u0928\u0940\u0915\u0940 \u091c\u093e\u0928\u0915\u093e\u0930\u0940), \u0935\u094b \u0930\u094b\u091a\u0915 \u091c\u093e\u0928\u0915\u093e\u0930\u093f\u092f\u093e\u0901 \u091c\u094b \u0936\u093e\u092f\u0926 \u0906\u092a\u0915\u094b \u092a\u0924\u093e \u0928\u0939\u0940\u0902 \u0925\u0940\u0902\u2014\u0914\u0930 \u091c\u094b \u0906\u092a\u0915\u094b \u0905\u092a\u0928\u0947 \u092e\u094b\u092c\u093e\u0907\u0932 \u092b\u094b\u0928 \u0914\u0930 \u0907\u0902\u091f\u0930\u0928\u0947\u091f \u0915\u094b \u090f\u0915 \u0905\u0932\u0917 \u0928\u091c\u093c\u0930\u093f\u090f \u0938\u0947 \u0926\u0947\u0916\u0928\u0947 \u092a\u0930 \u092e\u091c\u092c\u0942\u0930 \u0915\u0930\u0924\u0940 \u0939\u0948\u0902\u0964 \u0914\u0930, \u092c\u0947\u0936\u0915, \u0939\u092e\u093e\u0930\u0947 \u092a\u093e\u0938 \u090f\u0915 \u0910\u0938\u093e \u0915\u094d\u0937\u0947\u0924\u094d\u0930 \u0939\u0948 \u091c\u094b \u092a\u0942\u0930\u0940 \u0924\u0930\u0939 \u0938\u0947 \u092d\u0930\u093e \u0939\u0941\u0906 \u0939\u0948\u0964 <strong>\u0938\u0941\u091d\u093e\u0935\u094b\u0902<\/strong> \u091c\u0940\u0935\u0928 \u0915\u094b \u0906\u0938\u093e\u0928 \u092c\u0928\u093e\u0928\u0947 \u0915\u0947 \u0932\u093f\u090f \u0938\u0941\u091d\u093e\u0935: \u0938\u094d\u092e\u093e\u0930\u094d\u091f\u092b\u094b\u0928 \u0915\u0940 \u091f\u094d\u0930\u093f\u0915\u094d\u0938 \u0938\u0947 \u0932\u0947\u0915\u0930 \u0905\u092a\u0928\u0947 \u0910\u092a\u094d\u0938 \u0915\u094b \u092c\u0947\u0939\u0924\u0930 \u0922\u0902\u0917 \u0938\u0947 \u0935\u094d\u092f\u0935\u0938\u094d\u0925\u093f\u0924 \u0915\u0930\u0928\u0947, \u092a\u094d\u0930\u0926\u0930\u094d\u0936\u0928 \u092e\u0947\u0902 \u0938\u0941\u0927\u093e\u0930 \u0915\u0930\u0928\u0947 \u0914\u0930 \u091b\u093f\u092a\u0940 \u0939\u0941\u0908 \u0938\u0941\u0935\u093f\u0927\u093e\u0913\u0902 \u0915\u093e \u0909\u092a\u092f\u094b\u0917 \u0915\u0930\u0928\u0947 \u0915\u0947 \u0924\u0930\u0940\u0915\u094b\u0902 \u0924\u0915\u0964.<\/p>\n\n\n\n<p>\u0914\u0930 \u0938\u092c\u0938\u0947 \u092c\u0921\u093c\u0940 \u092c\u093e\u0924, \u0939\u092e \u0915\u0935\u0930 \u0915\u0930\u0924\u0947 \u0939\u0948\u0902 <strong>\u0916\u0947\u0932<\/strong>, \u092e\u094b\u092c\u093e\u0907\u0932, \u092a\u0940\u0938\u0940 \u092f\u093e \u0915\u0902\u0938\u094b\u0932 \u092a\u0930 \u0916\u0947\u0932\u0928\u0947 \u0935\u093e\u0932\u094b\u0902 \u0915\u0947 \u0932\u093f\u090f \u0938\u093e\u092e\u0917\u094d\u0930\u0940 \u0915\u0947 \u0938\u093e\u0925: \u0938\u092e\u093e\u091a\u093e\u0930, \u0930\u0941\u091d\u093e\u0928, \u0938\u0942\u091a\u093f\u092f\u093e\u0902 \u0914\u0930 \u0905\u0928\u0941\u0936\u0902\u0938\u093e\u090f\u0902 \u0924\u093e\u0915\u093f \u0906\u092a \u092f\u0939 \u092a\u0924\u093e \u0932\u0917\u093e \u0938\u0915\u0947\u0902 \u0915\u093f \u0915\u094d\u092f\u093e \u0916\u0947\u0932\u0928\u0947 \u0932\u093e\u092f\u0915 \u0939\u0948\u0964.<\/p>\n\n\n\n<p>\u0939\u092e\u093e\u0930\u093e \u0932\u0915\u094d\u0937\u094d\u092f \u090f\u0915 \u0935\u093f\u0936\u094d\u0935\u0938\u0928\u0940\u092f \u0914\u0930 \u0909\u092a\u092f\u094b\u0917\u0915\u0930\u094d\u0924\u093e \u0915\u0947 \u0905\u0928\u0941\u0915\u0942\u0932 \u092a\u094b\u0930\u094d\u091f\u0932 \u092c\u0928\u0928\u093e \u0939\u0948, \u091c\u093f\u0938\u092e\u0947\u0902 \u0910\u0938\u0940 \u0938\u093e\u092e\u0917\u094d\u0930\u0940 \u0939\u094b \u091c\u094b \u091c\u093e\u0928\u0915\u093e\u0930\u0940\u092a\u0942\u0930\u094d\u0923, \u0938\u0939\u093e\u092f\u0915 \u0914\u0930 \u092e\u0928\u094b\u0930\u0902\u091c\u0915 \u0939\u094b - \u0939\u092e\u0947\u0936\u093e \u0938\u0941\u0932\u092d \u092d\u093e\u0937\u093e \u0915\u093e \u0909\u092a\u092f\u094b\u0917 \u0915\u0930\u0924\u0947 \u0939\u0941\u090f \u0914\u0930 \u0935\u093e\u0938\u094d\u0924\u0935 \u092e\u0947\u0902 \u092e\u0939\u0924\u094d\u0935\u092a\u0942\u0930\u094d\u0923 \u092c\u093e\u0924\u094b\u0902 \u092a\u0930 \u0927\u094d\u092f\u093e\u0928 \u0915\u0947\u0902\u0926\u094d\u0930\u093f\u0924 \u0915\u0930\u0924\u0947 \u0939\u0941\u090f\u0964.<\/p>\n\n\n\n<p>\u0906\u092a\u0915\u093e \u0938\u094d\u0935\u093e\u0917\u0924 \u0939\u0948 <strong>\u0932\u0947\u0916 \u0938\u092e\u093e\u091a\u093e\u0930<\/strong>. \ud83d\ude80<\/p>","protected":false},"excerpt":{"rendered":"<p>Somos o ArtigoNews, um site criado para quem gosta de estar sempre por dentro do que acontece no mundo digital \u2014 de um jeito simples, direto e atualizado. Aqui voc\u00ea encontra conte\u00fados sobre Aplicativos, com sugest\u00f5es e an\u00e1lises para ajudar a escolher ferramentas \u00fateis no dia a dia, al\u00e9m de guias e recomenda\u00e7\u00f5es para aproveitar [&hellip;]<\/p>\n","protected":false},"author":1,"featured_media":0,"parent":0,"menu_order":0,"comment_status":"closed","ping_status":"closed","template":"","meta":{"footnotes":""},"class_list":["post-344","page","type-page","status-publish"],"_links":{"self":[{"href":"https:\/\/artigonews.com\/hi\/wp-json\/wp\/v2\/pages\/344","targetHints":{"allow":["GET"]}}],"collection":[{"href":"https:\/\/artigonews.com\/hi\/wp-json\/wp\/v2\/pages"}],"about":[{"href":"https:\/\/artigonews.com\/hi\/wp-json\/wp\/v2\/types\/page"}],"author":[{"embeddable":true,"href":"https:\/\/artigonews.com\/hi\/wp-json\/wp\/v2\/users\/1"}],"replies":[{"embeddable":true,"href":"https:\/\/artigonews.com\/hi\/wp-json\/wp\/v2\/comments?post=344"}],"version-history":[{"count":1,"href":"https:\/\/artigonews.com\/hi\/wp-json\/wp\/v2\/pages\/344\/revisions"}],"predecessor-version":[{"id":345,"href":"https:\/\/artigonews.com\/hi\/wp-json\/wp\/v2\/pages\/344\/revisions\/345"}],"wp:attachment":[{"href":"https:\/\/artigonews.com\/hi\/wp-json\/wp\/v2\/media?parent=344"}],"curies":[{"name":"wp","href":"https:\/\/api.w.org\/{rel}","templated":true}]}}