{"id":344,"date":"2026-03-04T04:06:07","date_gmt":"2026-03-04T04:06:07","guid":{"rendered":"https:\/\/artigonews.com\/?page_id=344"},"modified":"2026-03-04T04:06:07","modified_gmt":"2026-03-04T04:06:07","slug":"tko-smo-mi","status":"publish","type":"page","link":"https:\/\/artigonews.com\/hr\/quem-somos\/","title":{"rendered":"Tko smo mi"},"content":{"rendered":"<p>Mi smo <strong>\u010clanakVijesti<\/strong>, web stranica stvorena za one koji vole biti u tijeku s onim \u0161to se doga\u0111a u digitalnom svijetu \u2014 na jednostavan, izravan i aktualan na\u010din.<\/p>\n\n\n\n<p>Ovdje \u0107ete prona\u0107i sadr\u017eaj o <strong>Primjene<\/strong>, s prijedlozima i analizama koje \u0107e vam pomo\u0107i u odabiru korisnih alata za svakodnevnu upotrebu, kao i vodi\u010dima i preporukama za maksimalno iskori\u0161tavanje svake aplikacije. Tako\u0111er govorimo o <strong>Tehnologija<\/strong>, Donosi trendove, vijesti i obja\u0161njenja na jednostavan na\u010din, tako da svatko mo\u017ee razumjeti.<\/p>\n\n\n\n<p>U ArtigoNewsu tako\u0111er u\u017eivamo u istra\u017eivanju. <strong>Zanimljive \u010dinjenice<\/strong> (posebno tehnolo\u0161ke), one zanimljive informacije koje vjerojatno niste znali - i koje vas tjeraju da na svoj mobitel i internet gledate na druga\u010diji na\u010din. I, naravno, imamo podru\u010dje puno <strong>Savjeti<\/strong> Savjeti za lak\u0161i \u017eivot: od trikova za pametne telefone do na\u010dina za bolju organizaciju aplikacija, pobolj\u0161anje performansi i kori\u0161tenje skrivenih zna\u010dajki.<\/p>\n\n\n\n<p>I da bismo dovr\u0161ili, pokrivamo <strong>Igre<\/strong>, sa sadr\u017eajem za one koji igraju na mobitelu, ra\u010dunalu ili konzoli: vijesti, trendovi, popisi i preporuke kako biste otkrili \u0161to vrijedi igrati.<\/p>\n\n\n\n<p>Na\u0161 je cilj biti pouzdan i korisniku prilago\u0111en portal, sa sadr\u017eajem koji informira, poma\u017ee i zabavlja \u2014 uvijek koriste\u0107i pristupa\u010dan jezik i fokusiraju\u0107i se na ono \u0161to je zaista va\u017eno.<\/p>\n\n\n\n<p>Dobrodo\u0161li u <strong>\u010clanakVijesti<\/strong>. \ud83d\ude80<\/p>","protected":false},"excerpt":{"rendered":"<p>Somos o ArtigoNews, um site criado para quem gosta de estar sempre por dentro do que acontece no mundo digital \u2014 de um jeito simples, direto e atualizado. Aqui voc\u00ea encontra conte\u00fados sobre Aplicativos, com sugest\u00f5es e an\u00e1lises para ajudar a escolher ferramentas \u00fateis no dia a dia, al\u00e9m de guias e recomenda\u00e7\u00f5es para aproveitar [&hellip;]<\/p>\n","protected":false},"author":1,"featured_media":0,"parent":0,"menu_order":0,"comment_status":"closed","ping_status":"closed","template":"","meta":{"footnotes":""},"class_list":["post-344","page","type-page","status-publish"],"_links":{"self":[{"href":"https:\/\/artigonews.com\/hr\/wp-json\/wp\/v2\/pages\/344","targetHints":{"allow":["GET"]}}],"collection":[{"href":"https:\/\/artigonews.com\/hr\/wp-json\/wp\/v2\/pages"}],"about":[{"href":"https:\/\/artigonews.com\/hr\/wp-json\/wp\/v2\/types\/page"}],"author":[{"embeddable":true,"href":"https:\/\/artigonews.com\/hr\/wp-json\/wp\/v2\/users\/1"}],"replies":[{"embeddable":true,"href":"https:\/\/artigonews.com\/hr\/wp-json\/wp\/v2\/comments?post=344"}],"version-history":[{"count":1,"href":"https:\/\/artigonews.com\/hr\/wp-json\/wp\/v2\/pages\/344\/revisions"}],"predecessor-version":[{"id":345,"href":"https:\/\/artigonews.com\/hr\/wp-json\/wp\/v2\/pages\/344\/revisions\/345"}],"wp:attachment":[{"href":"https:\/\/artigonews.com\/hr\/wp-json\/wp\/v2\/media?parent=344"}],"curies":[{"name":"wp","href":"https:\/\/api.w.org\/{rel}","templated":true}]}}