{"id":344,"date":"2026-03-04T04:06:07","date_gmt":"2026-03-04T04:06:07","guid":{"rendered":"https:\/\/artigonews.com\/?page_id=344"},"modified":"2026-03-04T04:06:07","modified_gmt":"2026-03-04T04:06:07","slug":"kik-vagyunk","status":"publish","type":"page","link":"https:\/\/artigonews.com\/hu\/quem-somos\/","title":{"rendered":"Kik vagyunk"},"content":{"rendered":"<p>Mi vagyunk a <strong>CikkH\u00edrek<\/strong>, egy weboldal, amelyet azok sz\u00e1m\u00e1ra hoztak l\u00e9tre, akik szeretn\u00e9nek naprak\u00e9szek maradni a digit\u00e1lis vil\u00e1g esem\u00e9nyeivel \u2013 egyszer\u0171, k\u00f6zvetlen \u00e9s aktu\u00e1lis m\u00f3don.<\/p>\n\n\n\n<p>Itt tal\u00e1lsz tartalmat a t\u00e9m\u00e1ban <strong>Alkalmaz\u00e1sok<\/strong>, javaslatokkal \u00e9s elemz\u00e9sekkel, amelyek seg\u00edtenek kiv\u00e1lasztani a mindennapi haszn\u00e1latra alkalmas hasznos eszk\u00f6z\u00f6ket, valamint \u00fatmutat\u00f3kkal \u00e9s aj\u00e1nl\u00e1sokkal, hogy a legt\u00f6bbet hozhassa ki az egyes alkalmaz\u00e1sokb\u00f3l. Besz\u00e9l\u00fcnk a k\u00f6vetkez\u0151kr\u0151l is <strong>Technol\u00f3gia<\/strong>, Trendeket, h\u00edreket \u00e9s magyar\u00e1zatokat k\u00f6z\u00e9rthet\u0151 m\u00f3don k\u00f6z\u00f6l, hogy b\u00e1rki meg\u00e9rthesse.<\/p>\n\n\n\n<p>Az ArtigoNews-n\u00e1l mi is szeret\u00fcnk felfedezni. <strong>\u00c9rdekes t\u00e9nyek<\/strong> (k\u00fcl\u00f6n\u00f6sen technol\u00f3giai jelleg\u0171ek), azok az \u00e9rdekes inform\u00e1ci\u00f3k, amelyeket val\u00f3sz\u00edn\u0171leg nem tudt\u00e1l \u2013 \u00e9s amelyek miatt m\u00e1sk\u00e9pp tekintesz a mobiltelefonodra \u00e9s az internetre. \u00c9s term\u00e9szetesen van egy olyan ter\u00fclet\u00fcnk, amely tele van <strong>Tippek<\/strong> Tippek az \u00e9let megk\u00f6nny\u00edt\u00e9s\u00e9hez: az okostelefon-tr\u00fckk\u00f6kt\u0151l az alkalmaz\u00e1sok jobb rendszerez\u00e9s\u00e9nek, a teljes\u00edtm\u00e9ny jav\u00edt\u00e1s\u00e1nak \u00e9s a rejtett funkci\u00f3k haszn\u00e1lat\u00e1nak m\u00f3djaiig.<\/p>\n\n\n\n<p>\u00c9s mindennek a tetej\u00e9be lefedj\u00fck <strong>J\u00e1t\u00e9kok<\/strong>, tartalommal azok sz\u00e1m\u00e1ra, akik mobilon, PC-n vagy konzolon j\u00e1tszanak: h\u00edrek, trendek, list\u00e1k \u00e9s aj\u00e1nl\u00e1sok, hogy felfedezhesd, mivel \u00e9rdemes j\u00e1tszani.<\/p>\n\n\n\n<p>C\u00e9lunk, hogy egy megb\u00edzhat\u00f3 \u00e9s felhaszn\u00e1l\u00f3bar\u00e1t port\u00e1l legy\u00fcnk, amelynek tartalma informat\u00edv, seg\u00edt\u0151 \u00e9s sz\u00f3rakoztat\u00f3 \u2013 mindig k\u00f6z\u00e9rthet\u0151 nyelvezettel \u00e9s a val\u00f3ban fontos dolgokra \u00f6sszpontos\u00edtva.<\/p>\n\n\n\n<p>\u00dcdv\u00f6z\u00f6lj\u00fck a <strong>CikkH\u00edrek<\/strong>. \ud83d\ude80<\/p>","protected":false},"excerpt":{"rendered":"<p>Somos o ArtigoNews, um site criado para quem gosta de estar sempre por dentro do que acontece no mundo digital \u2014 de um jeito simples, direto e atualizado. Aqui voc\u00ea encontra conte\u00fados sobre Aplicativos, com sugest\u00f5es e an\u00e1lises para ajudar a escolher ferramentas \u00fateis no dia a dia, al\u00e9m de guias e recomenda\u00e7\u00f5es para aproveitar [&hellip;]<\/p>\n","protected":false},"author":1,"featured_media":0,"parent":0,"menu_order":0,"comment_status":"closed","ping_status":"closed","template":"","meta":{"footnotes":""},"class_list":["post-344","page","type-page","status-publish"],"_links":{"self":[{"href":"https:\/\/artigonews.com\/hu\/wp-json\/wp\/v2\/pages\/344","targetHints":{"allow":["GET"]}}],"collection":[{"href":"https:\/\/artigonews.com\/hu\/wp-json\/wp\/v2\/pages"}],"about":[{"href":"https:\/\/artigonews.com\/hu\/wp-json\/wp\/v2\/types\/page"}],"author":[{"embeddable":true,"href":"https:\/\/artigonews.com\/hu\/wp-json\/wp\/v2\/users\/1"}],"replies":[{"embeddable":true,"href":"https:\/\/artigonews.com\/hu\/wp-json\/wp\/v2\/comments?post=344"}],"version-history":[{"count":1,"href":"https:\/\/artigonews.com\/hu\/wp-json\/wp\/v2\/pages\/344\/revisions"}],"predecessor-version":[{"id":345,"href":"https:\/\/artigonews.com\/hu\/wp-json\/wp\/v2\/pages\/344\/revisions\/345"}],"wp:attachment":[{"href":"https:\/\/artigonews.com\/hu\/wp-json\/wp\/v2\/media?parent=344"}],"curies":[{"name":"wp","href":"https:\/\/api.w.org\/{rel}","templated":true}]}}