{"id":344,"date":"2026-03-04T04:06:07","date_gmt":"2026-03-04T04:06:07","guid":{"rendered":"https:\/\/artigonews.com\/?page_id=344"},"modified":"2026-03-04T04:06:07","modified_gmt":"2026-03-04T04:06:07","slug":"siapa-kita","status":"publish","type":"page","link":"https:\/\/artigonews.com\/id\/quem-somos\/","title":{"rendered":"Siapa Kami"},"content":{"rendered":"<p>Kami adalah <strong>ArtikelBerita<\/strong>, sebuah situs web yang dibuat untuk mereka yang ingin selalu mengikuti perkembangan terkini di dunia digital \u2014 dengan cara yang sederhana, langsung, dan aktual.<\/p>\n\n\n\n<p>Di sini Anda akan menemukan konten tentang <strong>Aplikasi<\/strong>, dengan saran dan analisis untuk membantu Anda memilih alat yang berguna untuk penggunaan sehari-hari, serta panduan dan rekomendasi untuk memaksimalkan setiap aplikasi. Kami juga membahas tentang <strong>Teknologi<\/strong>, Menyajikan tren, berita, dan penjelasan dengan cara yang mudah dipahami, sehingga siapa pun dapat mengerti.<\/p>\n\n\n\n<p>Di ArtigoNews, kami juga senang menjelajah. <strong>Fakta menarik<\/strong> (terutama yang berkaitan dengan teknologi), informasi menarik yang mungkin belum Anda ketahui\u2014dan yang membuat Anda melihat ponsel dan internet dengan cara yang berbeda. Dan, tentu saja, kami memiliki area yang penuh dengan <strong>Tips<\/strong> Tips untuk mempermudah hidup: mulai dari trik ponsel pintar hingga cara mengatur aplikasi dengan lebih baik, meningkatkan kinerja, dan menggunakan fitur tersembunyi.<\/p>\n\n\n\n<p>Dan sebagai penutup, kita akan membahas <strong>Pertandingan<\/strong>, dengan konten untuk mereka yang bermain di perangkat seluler, PC, atau konsol: berita, tren, daftar, dan rekomendasi agar Anda dapat menemukan game yang layak dimainkan.<\/p>\n\n\n\n<p>Tujuan kami adalah menjadi portal yang andal dan ramah pengguna, dengan konten yang informatif, bermanfaat, dan menghibur \u2014 selalu menggunakan bahasa yang mudah dipahami dan berfokus pada hal-hal yang benar-benar penting.<\/p>\n\n\n\n<p>Selamat Datang di <strong>ArtikelBerita<\/strong>. \ud83d\ude80<\/p>","protected":false},"excerpt":{"rendered":"<p>Somos o ArtigoNews, um site criado para quem gosta de estar sempre por dentro do que acontece no mundo digital \u2014 de um jeito simples, direto e atualizado. Aqui voc\u00ea encontra conte\u00fados sobre Aplicativos, com sugest\u00f5es e an\u00e1lises para ajudar a escolher ferramentas \u00fateis no dia a dia, al\u00e9m de guias e recomenda\u00e7\u00f5es para aproveitar [&hellip;]<\/p>\n","protected":false},"author":1,"featured_media":0,"parent":0,"menu_order":0,"comment_status":"closed","ping_status":"closed","template":"","meta":{"footnotes":""},"class_list":["post-344","page","type-page","status-publish"],"_links":{"self":[{"href":"https:\/\/artigonews.com\/id\/wp-json\/wp\/v2\/pages\/344","targetHints":{"allow":["GET"]}}],"collection":[{"href":"https:\/\/artigonews.com\/id\/wp-json\/wp\/v2\/pages"}],"about":[{"href":"https:\/\/artigonews.com\/id\/wp-json\/wp\/v2\/types\/page"}],"author":[{"embeddable":true,"href":"https:\/\/artigonews.com\/id\/wp-json\/wp\/v2\/users\/1"}],"replies":[{"embeddable":true,"href":"https:\/\/artigonews.com\/id\/wp-json\/wp\/v2\/comments?post=344"}],"version-history":[{"count":1,"href":"https:\/\/artigonews.com\/id\/wp-json\/wp\/v2\/pages\/344\/revisions"}],"predecessor-version":[{"id":345,"href":"https:\/\/artigonews.com\/id\/wp-json\/wp\/v2\/pages\/344\/revisions\/345"}],"wp:attachment":[{"href":"https:\/\/artigonews.com\/id\/wp-json\/wp\/v2\/media?parent=344"}],"curies":[{"name":"wp","href":"https:\/\/api.w.org\/{rel}","templated":true}]}}