{"id":340,"date":"2026-03-04T04:03:25","date_gmt":"2026-03-04T04:03:25","guid":{"rendered":"https:\/\/artigonews.com\/?page_id=340"},"modified":"2026-03-04T04:08:09","modified_gmt":"2026-03-04T04:08:09","slug":"termini-di-utilizzo","status":"publish","type":"page","link":"https:\/\/artigonews.com\/it\/termos-de-uso\/","title":{"rendered":"Termini di utilizzo"},"content":{"rendered":"<h3 class=\"wp-block-heading\" id=\"1-termos\">1. Termini<\/h3>\n\n\n\n<p>Quando si accede al sito web <a href=\"https:\/\/artigonews.com\/it\/\">ArticoloNotizie<\/a>, Utilizzando questo sito, l&#039;utente accetta di essere vincolato dai presenti termini di servizio, da tutte le leggi e i regolamenti applicabili e riconosce di essere responsabile del rispetto di tutte le leggi locali applicabili. Qualora non accetti uno qualsiasi di questi termini, l&#039;utente non \u00e8 autorizzato a utilizzare o accedere a questo sito. I materiali contenuti in questo sito web sono protetti dalle leggi applicabili in materia di copyright e marchi registrati.<\/p>\n\n\n\n<h3 class=\"wp-block-heading\" id=\"2-uso-de-licenca\">2. Utilizzo della licenza<\/h3>\n\n\n\n<p>\u00c8 consentito scaricare temporaneamente una copia dei materiali (informazioni o software) presenti sul sito web di ArtigoNews esclusivamente per uso personale, non commerciale e a scopo di visualizzazione temporanea. Questa concessione costituisce una licenza, non un trasferimento di propriet\u00e0, e in base a tale licenza non \u00e8 consentito:&nbsp;<\/p>\n\n\n\n<ol class=\"wp-block-list\">\n<li>modificare o copiare i materiali;&nbsp;<\/li>\n\n\n\n<li>\u00c8 vietato utilizzare i materiali per scopi commerciali o per esposizioni pubbliche (commerciali o non commerciali);&nbsp;<\/li>\n\n\n\n<li>Tentare di decompilare o decodificare tramite reverse engineering qualsiasi software contenuto nel sito web di ArtigoNews; ;&nbsp;<\/li>\n\n\n\n<li>rimuovere qualsiasi avviso di copyright o altra indicazione di propriet\u00e0 dai materiali; oppure&nbsp;<\/li>\n\n\n\n<li>Trasferire i materiali a un&#039;altra persona o &quot;duplicare&quot; i materiali su qualsiasi altro server.<\/li>\n<\/ol>\n\n\n\n<p>La presente licenza si intender\u00e0 automaticamente risolta in caso di violazione di una qualsiasi di queste restrizioni e potr\u00e0 essere revocata da ArtigoNews in qualsiasi momento. Al termine della visualizzazione di questi materiali o alla risoluzione della presente licenza, l&#039;utente \u00e8 tenuto a distruggere tutti i materiali scaricati in suo possesso, sia in formato elettronico che cartaceo.<\/p>\n\n\n\n<h3 class=\"wp-block-heading\" id=\"3-isencao-de-responsabilidade\">3. Dichiarazione di non responsabilit\u00e0<\/h3>\n\n\n\n<ol class=\"wp-block-list\">\n<li>I materiali presenti sul sito web di ArtigoNews sono forniti &quot;cos\u00ec come sono&quot;. ArtigoNews non offre alcuna garanzia, esplicita o implicita, e declina e nega espressamente qualsiasi altra garanzia, incluse, a titolo esemplificativo, le garanzie implicite o le condizioni di commerciabilit\u00e0, idoneit\u00e0 per uno scopo particolare o non violazione della propriet\u00e0 intellettuale o di altri diritti.<\/li>\n\n\n\n<li>Inoltre, ArtigoNews non garantisce n\u00e9 rilascia alcuna dichiarazione in merito all&#039;accuratezza, ai risultati probabili o all&#039;affidabilit\u00e0 dell&#039;utilizzo dei materiali presenti sul proprio sito web o comunque relativi a tali materiali o a qualsiasi sito collegato a questo sito.<\/li>\n<\/ol>\n\n\n\n<h3 class=\"wp-block-heading\" id=\"4-limitacoes\">4. Limitazioni<\/h3>\n\n\n\n<p>In nessun caso ArtigoNews o i suoi fornitori saranno responsabili per eventuali danni (inclusi, a titolo esemplificativo, danni per perdita di dati o di profitto, o dovuti a interruzione dell&#039;attivit\u00e0) derivanti dall&#039;utilizzo o dall&#039;impossibilit\u00e0 di utilizzare i materiali presenti su ArtigoNews, anche qualora ArtigoNews o un suo rappresentante autorizzato siano stati informati oralmente o per iscritto della possibilit\u00e0 di tali danni. Poich\u00e9 alcune giurisdizioni non consentono limitazioni sulle garanzie implicite o limitazioni di responsabilit\u00e0 per danni consequenziali o incidentali, queste limitazioni potrebbero non essere applicabili all&#039;utente.<\/p>\n\n\n\n<h3 class=\"wp-block-heading\" id=\"5-precisao-dos-materiais\">5. Precisione dei materiali<\/h3>\n\n\n\n<p>Il materiale presente sul sito web di ArtigoNews potrebbe contenere errori tecnici, tipografici o fotografici. ArtigoNews non garantisce che il materiale presente sul proprio sito web sia accurato, completo o aggiornato. ArtigoNews si riserva il diritto di apportare modifiche al materiale presente sul proprio sito web in qualsiasi momento e senza preavviso. Tuttavia, ArtigoNews non si impegna ad aggiornare tale materiale.<\/p>\n\n\n\n<h3 class=\"wp-block-heading\" id=\"6-links\">6. Collegamenti<\/h3>\n\n\n\n<p>ArtigoNews non ha esaminato tutti i siti collegati al proprio sito web e non \u00e8 responsabile del contenuto di alcun sito collegato. L&#039;inclusione di un link non implica l&#039;approvazione del sito da parte di ArtigoNews. L&#039;utilizzo di qualsiasi sito web collegato \u00e8 a rischio esclusivo dell&#039;utente.<\/p>\n\n\n\n<h3 class=\"wp-block-heading\" id=\"modificacoes\">Modifiche<\/h3>\n\n\n\n<p>ArtigoNews si riserva il diritto di modificare i presenti termini di servizio del sito web in qualsiasi momento e senza preavviso. Utilizzando questo sito web, l&#039;utente accetta di essere vincolato dalla versione corrente dei presenti termini di servizio.<\/p>\n\n\n\n<h3 class=\"wp-block-heading\" id=\"lei-aplicavel\">Legge applicabile<\/h3>\n\n\n\n<p>I presenti termini e condizioni sono regolati e interpretati in conformit\u00e0 con le leggi di ArtigoNews, e l&#039;utente si sottopone irrevocabilmente alla giurisdizione esclusiva dei tribunali di tale stato o localit\u00e0.<\/p>","protected":false},"excerpt":{"rendered":"<p>1. Termos Ao acessar ao site ArtigoNews, concorda em cumprir estes termos de servi\u00e7o, todas as leis e regulamentos aplic\u00e1veis \u200b\u200be concorda que \u00e9 respons\u00e1vel pelo cumprimento de todas as leis locais aplic\u00e1veis. Se voc\u00ea n\u00e3o concordar com algum desses termos, est\u00e1 proibido de usar ou acessar este site. Os materiais contidos neste site s\u00e3o [&hellip;]<\/p>\n","protected":false},"author":1,"featured_media":0,"parent":0,"menu_order":0,"comment_status":"closed","ping_status":"closed","template":"","meta":{"footnotes":""},"class_list":["post-340","page","type-page","status-publish"],"_links":{"self":[{"href":"https:\/\/artigonews.com\/it\/wp-json\/wp\/v2\/pages\/340","targetHints":{"allow":["GET"]}}],"collection":[{"href":"https:\/\/artigonews.com\/it\/wp-json\/wp\/v2\/pages"}],"about":[{"href":"https:\/\/artigonews.com\/it\/wp-json\/wp\/v2\/types\/page"}],"author":[{"embeddable":true,"href":"https:\/\/artigonews.com\/it\/wp-json\/wp\/v2\/users\/1"}],"replies":[{"embeddable":true,"href":"https:\/\/artigonews.com\/it\/wp-json\/wp\/v2\/comments?post=340"}],"version-history":[{"count":2,"href":"https:\/\/artigonews.com\/it\/wp-json\/wp\/v2\/pages\/340\/revisions"}],"predecessor-version":[{"id":350,"href":"https:\/\/artigonews.com\/it\/wp-json\/wp\/v2\/pages\/340\/revisions\/350"}],"wp:attachment":[{"href":"https:\/\/artigonews.com\/it\/wp-json\/wp\/v2\/media?parent=340"}],"curies":[{"name":"wp","href":"https:\/\/api.w.org\/{rel}","templated":true}]}}