{"id":344,"date":"2026-03-04T04:06:07","date_gmt":"2026-03-04T04:06:07","guid":{"rendered":"https:\/\/artigonews.com\/?page_id=344"},"modified":"2026-03-04T04:06:07","modified_gmt":"2026-03-04T04:06:07","slug":"chi-siamo","status":"publish","type":"page","link":"https:\/\/artigonews.com\/it\/quem-somos\/","title":{"rendered":"Chi siamo"},"content":{"rendered":"<p>Noi siamo i <strong>ArticoloNotizie<\/strong>, un sito web creato per chi ama rimanere aggiornato su ci\u00f2 che accade nel mondo digitale, in modo semplice, diretto e attuale.<\/p>\n\n\n\n<p>Qui troverai contenuti su <strong>Applicazioni<\/strong>, con suggerimenti e analisi per aiutarti a scegliere strumenti utili per l&#039;uso quotidiano, nonch\u00e9 guide e raccomandazioni per sfruttare al meglio ogni app. Parliamo anche di <strong>Tecnologia<\/strong>, Fornire tendenze, notizie e spiegazioni in modo semplice e comprensibile a tutti.<\/p>\n\n\n\n<p>Noi di ArtigoNews amiamo anche esplorare. <strong>Fatti interessanti<\/strong> (specialmente quelle tecnologiche), quelle interessanti informazioni che probabilmente non conoscevi e che ti fanno guardare il tuo cellulare e internet in modo diverso. E, naturalmente, abbiamo un&#039;area piena di <strong>Suggerimenti<\/strong> Consigli per semplificarsi la vita: dai trucchi per smartphone ai modi per organizzare al meglio le app, migliorarne le prestazioni e sfruttare le funzionalit\u00e0 nascoste.<\/p>\n\n\n\n<p>E per completare, trattiamo <strong>Giochi<\/strong>, con contenuti per chi gioca su dispositivi mobili, PC o console: notizie, tendenze, classifiche e consigli per scoprire cosa vale la pena giocare.<\/p>\n\n\n\n<p>Il nostro obiettivo \u00e8 essere un portale affidabile e di facile utilizzo, con contenuti che informino, aiutino e intrattengano, sempre utilizzando un linguaggio accessibile e concentrandoci su ci\u00f2 che conta davvero.<\/p>\n\n\n\n<p>Benvenuti a <strong>ArticoloNotizie<\/strong>. \ud83d\ude80<\/p>","protected":false},"excerpt":{"rendered":"<p>Somos o ArtigoNews, um site criado para quem gosta de estar sempre por dentro do que acontece no mundo digital \u2014 de um jeito simples, direto e atualizado. Aqui voc\u00ea encontra conte\u00fados sobre Aplicativos, com sugest\u00f5es e an\u00e1lises para ajudar a escolher ferramentas \u00fateis no dia a dia, al\u00e9m de guias e recomenda\u00e7\u00f5es para aproveitar [&hellip;]<\/p>\n","protected":false},"author":1,"featured_media":0,"parent":0,"menu_order":0,"comment_status":"closed","ping_status":"closed","template":"","meta":{"footnotes":""},"class_list":["post-344","page","type-page","status-publish"],"_links":{"self":[{"href":"https:\/\/artigonews.com\/it\/wp-json\/wp\/v2\/pages\/344","targetHints":{"allow":["GET"]}}],"collection":[{"href":"https:\/\/artigonews.com\/it\/wp-json\/wp\/v2\/pages"}],"about":[{"href":"https:\/\/artigonews.com\/it\/wp-json\/wp\/v2\/types\/page"}],"author":[{"embeddable":true,"href":"https:\/\/artigonews.com\/it\/wp-json\/wp\/v2\/users\/1"}],"replies":[{"embeddable":true,"href":"https:\/\/artigonews.com\/it\/wp-json\/wp\/v2\/comments?post=344"}],"version-history":[{"count":1,"href":"https:\/\/artigonews.com\/it\/wp-json\/wp\/v2\/pages\/344\/revisions"}],"predecessor-version":[{"id":345,"href":"https:\/\/artigonews.com\/it\/wp-json\/wp\/v2\/pages\/344\/revisions\/345"}],"wp:attachment":[{"href":"https:\/\/artigonews.com\/it\/wp-json\/wp\/v2\/media?parent=344"}],"curies":[{"name":"wp","href":"https:\/\/api.w.org\/{rel}","templated":true}]}}