{"id":338,"date":"2026-03-04T04:02:45","date_gmt":"2026-03-04T04:02:45","guid":{"rendered":"https:\/\/artigonews.com\/?page_id=338"},"modified":"2026-03-04T04:08:10","modified_gmt":"2026-03-04T04:08:10","slug":"%e3%83%97%e3%83%a9%e3%82%a4%e3%83%90%e3%82%b7%e3%83%bc%e3%83%9d%e3%83%aa%e3%82%b7%e3%83%bc","status":"publish","type":"page","link":"https:\/\/artigonews.com\/ja\/politica-de-privacidade\/","title":{"rendered":"\u30d7\u30e9\u30a4\u30d0\u30b7\u30fc\u30dd\u30ea\u30b7\u30fc"},"content":{"rendered":"<p>\u304a\u5ba2\u69d8\u306e\u30d7\u30e9\u30a4\u30d0\u30b7\u30fc\u306f\u5f53\u793e\u306b\u3068\u3063\u3066\u91cd\u8981\u3067\u3059\u3002ArtigoNews\u306f\u3001\u30a6\u30a7\u30d6\u30b5\u30a4\u30c8\u4e0a\u3067\u304a\u5ba2\u69d8\u304b\u3089\u53ce\u96c6\u3059\u308b\u3042\u3089\u3086\u308b\u60c5\u5831\u306b\u95a2\u3057\u3066\u3001\u304a\u5ba2\u69d8\u306e\u30d7\u30e9\u30a4\u30d0\u30b7\u30fc\u3092\u5c0a\u91cd\u3059\u308b\u3053\u3068\u3092\u65b9\u91dd\u3068\u3057\u3066\u3044\u307e\u3059\u3002 <a href=\"https:\/\/artigonews.com\/ja\/\">ArtigoNews.com<\/a>, \u304a\u3088\u3073\u5f53\u793e\u304c\u6240\u6709\u30fb\u904b\u55b6\u3059\u308b\u305d\u306e\u4ed6\u306e\u30a6\u30a7\u30d6\u30b5\u30a4\u30c8\u3002.<\/p>\n\n\n\n<p>\u5f53\u793e\u306f\u3001\u304a\u5ba2\u69d8\u306b\u30b5\u30fc\u30d3\u30b9\u3092\u63d0\u4f9b\u3059\u308b\u305f\u3081\u306b\u771f\u306b\u5fc5\u8981\u3068\u306a\u308b\u5834\u5408\u306b\u306e\u307f\u3001\u500b\u4eba\u60c5\u5831\u306e\u63d0\u4f9b\u3092\u304a\u9858\u3044\u3057\u3066\u304a\u308a\u307e\u3059\u3002\u305d\u306e\u969b\u3001\u304a\u5ba2\u69d8\u306e\u3054\u627f\u8afe\u3092\u5f97\u305f\u4e0a\u3067\u3001\u516c\u6b63\u304b\u3064\u5408\u6cd5\u7684\u306a\u65b9\u6cd5\u3067\u60c5\u5831\u3092\u53ce\u96c6\u3044\u305f\u3057\u307e\u3059\u3002\u307e\u305f\u3001\u53ce\u96c6\u306e\u76ee\u7684\u3068\u5229\u7528\u65b9\u6cd5\u306b\u3064\u3044\u3066\u3082\u3054\u8aac\u660e\u3044\u305f\u3057\u307e\u3059\u3002.<\/p>\n\n\n\n<p>\u5f53\u793e\u306f\u3001\u3054\u4f9d\u983c\u3044\u305f\u3060\u3044\u305f\u30b5\u30fc\u30d3\u30b9\u3092\u63d0\u4f9b\u3059\u308b\u305f\u3081\u306b\u5fc5\u8981\u306a\u671f\u9593\u306e\u307f\u3001\u53ce\u96c6\u3057\u305f\u60c5\u5831\u3092\u4fdd\u6301\u3057\u307e\u3059\u3002\u30c7\u30fc\u30bf\u306e\u4fdd\u7ba1\u306b\u3042\u305f\u3063\u3066\u306f\u3001\u7d1b\u5931\u3084\u76d7\u96e3\u3001\u4e0d\u6b63\u30a2\u30af\u30bb\u30b9\u3001\u958b\u793a\u3001\u8907\u88fd\u3001\u4f7f\u7528\u3001\u6539\u5909\u3092\u9632\u6b62\u3059\u308b\u305f\u3081\u3001\u5546\u696d\u7684\u306b\u8a31\u5bb9\u3055\u308c\u308b\u7bc4\u56f2\u5185\u3067\u30c7\u30fc\u30bf\u3092\u4fdd\u8b77\u3057\u307e\u3059\u3002.<\/p>\n\n\n\n<p>\u5f53\u793e\u306f\u3001\u6cd5\u5f8b\u3067\u7fa9\u52d9\u4ed8\u3051\u3089\u308c\u3066\u3044\u308b\u5834\u5408\u3092\u9664\u304d\u3001\u500b\u4eba\u3092\u7279\u5b9a\u3067\u304d\u308b\u60c5\u5831\u3092\u4e00\u822c\u306b\u516c\u958b\u3057\u305f\u308a\u3001\u7b2c\u4e09\u8005\u3068\u5171\u6709\u3057\u305f\u308a\u3059\u308b\u3053\u3068\u306f\u3042\u308a\u307e\u305b\u3093\u3002.<\/p>\n\n\n\n<p>\u5f53\u30a6\u30a7\u30d6\u30b5\u30a4\u30c8\u306b\u306f\u3001\u5f53\u793e\u304c\u904b\u55b6\u3057\u3066\u3044\u306a\u3044\u5916\u90e8\u30b5\u30a4\u30c8\u3078\u306e\u30ea\u30f3\u30af\u304c\u542b\u307e\u308c\u3066\u3044\u308b\u5834\u5408\u304c\u3042\u308a\u307e\u3059\u3002\u3053\u308c\u3089\u306e\u30b5\u30a4\u30c8\u306e\u30b3\u30f3\u30c6\u30f3\u30c4\u3084\u904b\u55b6\u65b9\u6cd5\u306b\u3064\u3044\u3066\u306f\u5f53\u793e\u306f\u4e00\u5207\u7ba1\u7406\u3057\u3066\u304a\u3089\u305a\u3001\u305d\u308c\u305e\u308c\u306e\u30d7\u30e9\u30a4\u30d0\u30b7\u30fc\u30dd\u30ea\u30b7\u30fc\u306b\u3064\u3044\u3066\u3082\u8cac\u4efb\u3092\u8ca0\u3044\u304b\u306d\u307e\u3059\u306e\u3067\u3054\u4e86\u627f\u304f\u3060\u3055\u3044\u3002.<\/p>\n\n\n\n<p>\u500b\u4eba\u60c5\u5831\u306e\u63d0\u4f9b\u3092\u62d2\u5426\u3059\u308b\u6a29\u5229\u306f\u3042\u308a\u307e\u3059\u304c\u3001\u305d\u306e\u5834\u5408\u3001\u3054\u5e0c\u671b\u306e\u30b5\u30fc\u30d3\u30b9\u306e\u4e00\u90e8\u3092\u63d0\u4f9b\u3067\u304d\u306a\u304f\u306a\u308b\u53ef\u80fd\u6027\u304c\u3042\u308b\u3053\u3068\u3092\u3054\u4e86\u627f\u304f\u3060\u3055\u3044\u3002.<\/p>\n\n\n\n<p>\u5f53\u30a6\u30a7\u30d6\u30b5\u30a4\u30c8\u3092\u7d99\u7d9a\u3057\u3066\u3054\u5229\u7528\u3044\u305f\u3060\u304f\u5834\u5408\u3001\u30d7\u30e9\u30a4\u30d0\u30b7\u30fc\u304a\u3088\u3073\u500b\u4eba\u60c5\u5831\u306b\u95a2\u3059\u308b\u5f53\u793e\u306e\u65b9\u91dd\u306b\u540c\u610f\u3044\u305f\u3060\u3044\u305f\u3082\u306e\u3068\u307f\u306a\u3057\u307e\u3059\u3002\u30e6\u30fc\u30b6\u30fc\u30c7\u30fc\u30bf\u304a\u3088\u3073\u500b\u4eba\u60c5\u5831\u306e\u53d6\u308a\u6271\u3044\u306b\u3064\u3044\u3066\u3054\u8cea\u554f\u304c\u3042\u308b\u5834\u5408\u306f\u3001\u5f53\u793e\u307e\u3067\u304a\u554f\u3044\u5408\u308f\u305b\u304f\u3060\u3055\u3044\u3002.<\/p>\n\n\n\n<h3 class=\"wp-block-heading\" id=\"politica-de-cookies-Ler Artigos\">\u30af\u30c3\u30ad\u30fc\u30dd\u30ea\u30b7\u30fc\u8a18\u4e8b\u30cb\u30e5\u30fc\u30b9<\/h3>\n\n\n\n<h3 class=\"wp-block-heading\" id=\"o-que-sao-cookies\">\u30af\u30c3\u30ad\u30fc\u3068\u306f\u4f55\u3067\u3059\u304b?<\/h3>\n\n\n\n<p>\u307b\u307c\u3059\u3079\u3066\u306e\u30d7\u30ed\u30d5\u30a7\u30c3\u30b7\u30e7\u30ca\u30eb\u306a\u30a6\u30a7\u30d6\u30b5\u30a4\u30c8\u3068\u540c\u69d8\u306b\u3001\u3053\u306e\u30b5\u30a4\u30c8\u3067\u306f\u30e6\u30fc\u30b6\u30fc\u30a8\u30af\u30b9\u30da\u30ea\u30a8\u30f3\u30b9\u3092\u5411\u4e0a\u3055\u305b\u308b\u305f\u3081\u306b\u3001\u30b3\u30f3\u30d4\u30e5\u30fc\u30bf\u30fc\u306b\u30c0\u30a6\u30f3\u30ed\u30fc\u30c9\u3055\u308c\u308b\u5c0f\u3055\u306a\u30d5\u30a1\u30a4\u30eb\u3067\u3042\u308b\u30af\u30c3\u30ad\u30fc\u3092\u4f7f\u7528\u3057\u3066\u3044\u307e\u3059\u3002\u3053\u306e\u30da\u30fc\u30b8\u3067\u306f\u3001\u30af\u30c3\u30ad\u30fc\u304c\u53ce\u96c6\u3059\u308b\u60c5\u5831\u3001\u305d\u306e\u4f7f\u7528\u65b9\u6cd5\u3001\u305d\u3057\u3066\u30af\u30c3\u30ad\u30fc\u3092\u4fdd\u5b58\u3059\u308b\u5fc5\u8981\u304c\u3042\u308b\u7406\u7531\u306b\u3064\u3044\u3066\u8aac\u660e\u3057\u307e\u3059\u3002\u307e\u305f\u3001\u30af\u30c3\u30ad\u30fc\u306e\u4fdd\u5b58\u3092\u9632\u6b62\u3059\u308b\u65b9\u6cd5\u306b\u3064\u3044\u3066\u3082\u8aac\u660e\u3057\u307e\u3059\u304c\u3001\u3053\u308c\u306b\u3088\u308a\u30b5\u30a4\u30c8\u306e\u6a5f\u80fd\u306e\u4e00\u90e8\u304c\u4f4e\u4e0b\u3057\u305f\u308a\u3001\u52d5\u4f5c\u3057\u306a\u304f\u306a\u308b\u53ef\u80fd\u6027\u304c\u3042\u308a\u307e\u3059\u3002.<\/p>\n\n\n\n<h3 class=\"wp-block-heading\" id=\"como-usamos-os-cookies\">\u30af\u30c3\u30ad\u30fc\u306f\u3069\u306e\u3088\u3046\u306b\u4f7f\u7528\u3055\u308c\u307e\u3059\u304b\uff1f<\/h3>\n\n\n\n<p>\u5f53\u30b5\u30a4\u30c8\u3067\u306f\u3001\u4ee5\u4e0b\u306b\u8a73\u8ff0\u3059\u308b\u69d8\u3005\u306a\u7406\u7531\u3067\u30af\u30c3\u30ad\u30fc\u3092\u4f7f\u7528\u3057\u3066\u3044\u307e\u3059\u3002\u6b8b\u5ff5\u306a\u304c\u3089\u3001\u307b\u3068\u3093\u3069\u306e\u5834\u5408\u3001\u30af\u30c3\u30ad\u30fc\u3092\u7121\u52b9\u306b\u3059\u308b\u3068\u3001\u5f53\u30b5\u30a4\u30c8\u306b\u8ffd\u52a0\u3055\u308c\u308b\u6a5f\u80fd\u3084\u7279\u5fb4\u304c\u5b8c\u5168\u306b\u7121\u52b9\u306b\u306a\u3063\u3066\u3057\u307e\u3046\u305f\u3081\u3001\u696d\u754c\u6a19\u6e96\u306e\u30af\u30c3\u30ad\u30fc\u7121\u52b9\u5316\u30aa\u30d7\u30b7\u30e7\u30f3\u306f\u5b58\u5728\u3057\u307e\u305b\u3093\u3002\u30af\u30c3\u30ad\u30fc\u304c\u5fc5\u8981\u304b\u3069\u3046\u304b\u4e0d\u660e\u306a\u5834\u5408\u306f\u3001\u3054\u5229\u7528\u306e\u30b5\u30fc\u30d3\u30b9\u3092\u63d0\u4f9b\u3059\u308b\u305f\u3081\u306b\u30af\u30c3\u30ad\u30fc\u304c\u4f7f\u7528\u3055\u308c\u3066\u3044\u308b\u53ef\u80fd\u6027\u3082\u3042\u308b\u305f\u3081\u3001\u3059\u3079\u3066\u306e\u30af\u30c3\u30ad\u30fc\u3092\u6709\u52b9\u306b\u3057\u3066\u304a\u304f\u3053\u3068\u3092\u304a\u52e7\u3081\u3057\u307e\u3059\u3002.<\/p>\n\n\n\n<h3 class=\"wp-block-heading\" id=\"desativar-cookies\">\u30af\u30c3\u30ad\u30fc\u3092\u7121\u52b9\u306b\u3059\u308b<\/h3>\n\n\n\n<p>\u30d6\u30e9\u30a6\u30b6\u306e\u8a2d\u5b9a\u3092\u5909\u66f4\u3059\u308b\u3053\u3068\u3067\u3001Cookie\u306e\u8a2d\u5b9a\u3092\u9632\u6b62\u3067\u304d\u307e\u3059\uff08\u8a2d\u5b9a\u65b9\u6cd5\u306f\u30d6\u30e9\u30a6\u30b6\u306e\u30d8\u30eb\u30d7\u3092\u3054\u89a7\u304f\u3060\u3055\u3044\uff09\u3002\u305f\u3060\u3057\u3001Cookie\u3092\u7121\u52b9\u306b\u3059\u308b\u3068\u3001\u3053\u306e\u30b5\u30a4\u30c8\u3060\u3051\u3067\u306a\u304f\u3001\u30a2\u30af\u30bb\u30b9\u3059\u308b\u4ed6\u306e\u591a\u304f\u306e\u30a6\u30a7\u30d6\u30b5\u30a4\u30c8\u306e\u6a5f\u80fd\u306b\u3082\u5f71\u97ff\u304c\u51fa\u308b\u3053\u3068\u306b\u3054\u6ce8\u610f\u304f\u3060\u3055\u3044\u3002Cookie\u3092\u7121\u52b9\u306b\u3059\u308b\u3068\u3001\u901a\u5e38\u3001\u3053\u306e\u30b5\u30a4\u30c8\u306e\u4e00\u90e8\u306e\u6a5f\u80fd\u3082\u7121\u52b9\u306b\u306a\u308a\u307e\u3059\u3002\u305d\u306e\u305f\u3081\u3001Cookie\u3092\u7121\u52b9\u306b\u3057\u306a\u3044\u3053\u3068\u3092\u304a\u52e7\u3081\u3057\u307e\u3059\u3002.<\/p>\n\n\n\n<h3 class=\"wp-block-heading\" id=\"cookies-que-definimos\">\u5f53\u793e\u304c\u8a2d\u5b9a\u3059\u308b\u30af\u30c3\u30ad\u30fc<\/h3>\n\n\n\n<ul class=\"wp-block-list\">\n<li>\u30a2\u30ab\u30a6\u30f3\u30c8\u95a2\u9023\u306e\u30af\u30c3\u30ad\u30fc\uff1a\u304a\u5ba2\u69d8\u304c\u5f53\u793e\u3067\u30a2\u30ab\u30a6\u30f3\u30c8\u3092\u4f5c\u6210\u3055\u308c\u305f\u5834\u5408\u3001\u767b\u9332\u624b\u7d9a\u304d\u304a\u3088\u3073\u4e00\u822c\u7684\u306a\u7ba1\u7406\u306e\u305f\u3081\u306b\u30af\u30c3\u30ad\u30fc\u3092\u4f7f\u7528\u3057\u307e\u3059\u3002\u3053\u308c\u3089\u306e\u30af\u30c3\u30ad\u30fc\u306f\u901a\u5e38\u3001\u30b7\u30b9\u30c6\u30e0\u304b\u3089\u30ed\u30b0\u30a2\u30a6\u30c8\u3059\u308b\u3068\u524a\u9664\u3055\u308c\u307e\u3059\u304c\u3001\u5834\u5408\u306b\u3088\u3063\u3066\u306f\u3001\u304a\u5ba2\u69d8\u304c\u30b5\u30a4\u30c8\u3092\u96e2\u308c\u305f\u5f8c\u3082\u8a2d\u5b9a\u3092\u8a18\u61b6\u3059\u308b\u305f\u3081\u306b\u6b8b\u308b\u3053\u3068\u304c\u3042\u308a\u307e\u3059\u3002.<\/li>\n\n\n\n<li>\u30ed\u30b0\u30a4\u30f3\u95a2\u9023\u306e\u30af\u30c3\u30ad\u30fc\uff1a\u30ed\u30b0\u30a4\u30f3\u72b6\u614b\u3092\u8a18\u61b6\u3059\u308b\u305f\u3081\u306b\u3001\u30ed\u30b0\u30a4\u30f3\u6642\u306b\u30af\u30c3\u30ad\u30fc\u3092\u4f7f\u7528\u3057\u307e\u3059\u3002\u3053\u308c\u306b\u3088\u308a\u3001\u65b0\u3057\u3044\u30da\u30fc\u30b8\u306b\u30a2\u30af\u30bb\u30b9\u3059\u308b\u305f\u3073\u306b\u30ed\u30b0\u30a4\u30f3\u3059\u308b\u5fc5\u8981\u304c\u306a\u304f\u306a\u308a\u307e\u3059\u3002\u3053\u308c\u3089\u306e\u30af\u30c3\u30ad\u30fc\u306f\u901a\u5e38\u3001\u30ed\u30b0\u30a2\u30a6\u30c8\u6642\u306b\u524a\u9664\u307e\u305f\u306f\u30af\u30ea\u30a2\u3055\u308c\u3001\u30ed\u30b0\u30a4\u30f3\u3057\u3066\u3044\u308b\u5834\u5408\u306b\u306e\u307f\u5236\u9650\u3055\u308c\u305f\u30ea\u30bd\u30fc\u30b9\u3084\u9818\u57df\u306b\u30a2\u30af\u30bb\u30b9\u3067\u304d\u308b\u3088\u3046\u306b\u3057\u307e\u3059\u3002.<\/li>\n\n\n\n<li>\u30e1\u30fc\u30eb\u30cb\u30e5\u30fc\u30b9\u30ec\u30bf\u30fc\u306b\u95a2\u9023\u3059\u308b\u30af\u30c3\u30ad\u30fc\uff1a\u3053\u306e\u30a6\u30a7\u30d6\u30b5\u30a4\u30c8\u3067\u306f\u30cb\u30e5\u30fc\u30b9\u30ec\u30bf\u30fc\u307e\u305f\u306f\u30e1\u30fc\u30eb\u8cfc\u8aad\u30b5\u30fc\u30d3\u30b9\u3092\u63d0\u4f9b\u3057\u3066\u304a\u308a\u3001\u30af\u30c3\u30ad\u30fc\u3092\u4f7f\u7528\u3057\u3066\u3001\u30e6\u30fc\u30b6\u30fc\u304c\u65e2\u306b\u767b\u9332\u6e08\u307f\u304b\u3069\u3046\u304b\u3001\u307e\u305f\u8cfc\u8aad\u8005\u307e\u305f\u306f\u975e\u8cfc\u8aad\u8005\u306e\u307f\u306b\u6709\u52b9\u306a\u7279\u5b9a\u306e\u901a\u77e5\u3092\u8868\u793a\u3059\u308b\u304b\u3069\u3046\u304b\u3092\u8a18\u61b6\u3059\u308b\u5834\u5408\u304c\u3042\u308a\u307e\u3059\u3002.<\/li>\n\n\n\n<li>\u6ce8\u6587\u51e6\u7406\u95a2\u9023\u306e\u30af\u30c3\u30ad\u30fc\uff1a\u3053\u306e\u30b5\u30a4\u30c8\u306f\u96fb\u5b50\u5546\u53d6\u5f15\u307e\u305f\u306f\u6c7a\u6e08\u6a5f\u80fd\u3092\u63d0\u4f9b\u3057\u3066\u304a\u308a\u3001\u6ce8\u6587\u3092\u9069\u5207\u306b\u51e6\u7406\u3059\u308b\u305f\u3081\u306b\u3001\u30da\u30fc\u30b8\u9593\u3067\u6ce8\u6587\u5185\u5bb9\u3092\u8a18\u61b6\u3057\u3066\u304a\u304f\u5fc5\u8981\u304c\u3042\u308b\u30af\u30c3\u30ad\u30fc\u304c\u3044\u304f\u3064\u304b\u3042\u308a\u307e\u3059\u3002.<\/li>\n\n\n\n<li>\u30a2\u30f3\u30b1\u30fc\u30c8\u95a2\u9023\u306e\u30af\u30c3\u30ad\u30fc\uff1a\u5f53\u793e\u3067\u306f\u3001\u8208\u5473\u6df1\u3044\u60c5\u5831\u3084\u4fbf\u5229\u306a\u30c4\u30fc\u30eb\u3092\u63d0\u4f9b\u3057\u305f\u308a\u3001\u30e6\u30fc\u30b6\u30fc\u5c64\u3092\u3088\u308a\u6b63\u78ba\u306b\u628a\u63e1\u3059\u308b\u305f\u3081\u306b\u3001\u5b9a\u671f\u7684\u306b\u30a2\u30f3\u30b1\u30fc\u30c8\u3084\u8cea\u554f\u7968\u3092\u5b9f\u65bd\u3057\u3066\u3044\u307e\u3059\u3002\u3053\u308c\u3089\u306e\u30a2\u30f3\u30b1\u30fc\u30c8\u3067\u306f\u3001\u65e2\u306b\u30a2\u30f3\u30b1\u30fc\u30c8\u306b\u53c2\u52a0\u3057\u305f\u30e6\u30fc\u30b6\u30fc\u3092\u8a18\u61b6\u3057\u305f\u308a\u3001\u30da\u30fc\u30b8\u9077\u79fb\u5f8c\u3082\u6b63\u78ba\u306a\u7d50\u679c\u3092\u8868\u793a\u3057\u305f\u308a\u3059\u308b\u305f\u3081\u306b\u30af\u30c3\u30ad\u30fc\u3092\u4f7f\u7528\u3059\u308b\u5834\u5408\u304c\u3042\u308a\u307e\u3059\u3002.<\/li>\n\n\n\n<li>\u30d5\u30a9\u30fc\u30e0\u95a2\u9023\u306e\u30af\u30c3\u30ad\u30fc\uff1a\u304a\u554f\u3044\u5408\u308f\u305b\u30da\u30fc\u30b8\u3084\u30b3\u30e1\u30f3\u30c8\u30d5\u30a9\u30fc\u30e0\u306a\u3069\u3001\u30d5\u30a9\u30fc\u30e0\u3092\u901a\u3058\u3066\u30c7\u30fc\u30bf\u3092\u9001\u4fe1\u3059\u308b\u3068\u3001\u4eca\u5f8c\u306e\u3084\u308a\u53d6\u308a\u306e\u305f\u3081\u306b\u30e6\u30fc\u30b6\u30fc\u60c5\u5831\u3092\u8a18\u61b6\u3059\u308b\u305f\u3081\u306e\u30af\u30c3\u30ad\u30fc\u304c\u8a2d\u5b9a\u3055\u308c\u308b\u5834\u5408\u304c\u3042\u308a\u307e\u3059\u3002.<\/li>\n\n\n\n<li>\u30a6\u30a7\u30d6\u30b5\u30a4\u30c8\u8a2d\u5b9a\u30af\u30c3\u30ad\u30fc\uff1a\u3053\u306e\u30b5\u30a4\u30c8\u3092\u5feb\u9069\u306b\u3054\u5229\u7528\u3044\u305f\u3060\u304f\u305f\u3081\u306b\u3001\u30b5\u30a4\u30c8\u306e\u52d5\u4f5c\u306b\u95a2\u3059\u308b\u8a2d\u5b9a\u3092\u884c\u3046\u6a5f\u80fd\u3092\u63d0\u4f9b\u3057\u3066\u3044\u307e\u3059\u3002\u8a2d\u5b9a\u5185\u5bb9\u3092\u8a18\u61b6\u3059\u308b\u305f\u3081\u306b\u30af\u30c3\u30ad\u30fc\u3092\u8a2d\u5b9a\u3059\u308b\u5fc5\u8981\u304c\u3042\u308a\u307e\u3059\u3002\u3053\u308c\u306b\u3088\u308a\u3001\u8a2d\u5b9a\u5185\u5bb9\u304c\u53cd\u6620\u3055\u308c\u308b\u30da\u30fc\u30b8\u306b\u30a2\u30af\u30bb\u30b9\u3059\u308b\u305f\u3073\u306b\u3001\u305d\u306e\u60c5\u5831\u304c\u547c\u3073\u51fa\u3055\u308c\u307e\u3059\u3002.<\/li>\n<\/ul>\n\n\n\n<h3 class=\"wp-block-heading\" id=\"cookies-de-terceiros\">\u30b5\u30fc\u30c9\u30d1\u30fc\u30c6\u30a3Cookie<\/h3>\n\n\n\n<p>\u7279\u5225\u306a\u5834\u5408\u3001\u5f53\u793e\u306f\u4fe1\u983c\u3067\u304d\u308b\u7b2c\u4e09\u8005\u304b\u3089\u63d0\u4f9b\u3055\u308c\u308b\u30af\u30c3\u30ad\u30fc\u3082\u4f7f\u7528\u3057\u307e\u3059\u3002\u4ee5\u4e0b\u306e\u30bb\u30af\u30b7\u30e7\u30f3\u3067\u306f\u3001\u3053\u306e\u30a6\u30a7\u30d6\u30b5\u30a4\u30c8\u3092\u901a\u3058\u3066\u304a\u5ba2\u69d8\u304c\u906d\u9047\u3059\u308b\u53ef\u80fd\u6027\u306e\u3042\u308b\u7b2c\u4e09\u8005\u30af\u30c3\u30ad\u30fc\u306b\u3064\u3044\u3066\u8a73\u3057\u304f\u8aac\u660e\u3057\u307e\u3059\u3002.<\/p>\n\n\n\n<ul class=\"wp-block-list\">\n<li>\u3053\u306e\u30a6\u30a7\u30d6\u30b5\u30a4\u30c8\u3067\u306f\u3001\u30a6\u30a7\u30d6\u4e0a\u3067\u6700\u3082\u5e83\u304f\u5229\u7528\u3055\u308c\u3001\u4fe1\u983c\u3055\u308c\u3066\u3044\u308b\u5206\u6790\u30bd\u30ea\u30e5\u30fc\u30b7\u30e7\u30f3\u306e\u4e00\u3064\u3067\u3042\u308bGoogle Analytics\u3092\u4f7f\u7528\u3057\u3066\u3044\u307e\u3059\u3002\u3053\u308c\u306f\u3001\u304a\u5ba2\u69d8\u304c\u30b5\u30a4\u30c8\u3092\u3069\u306e\u3088\u3046\u306b\u5229\u7528\u3057\u3066\u3044\u308b\u304b\u3092\u628a\u63e1\u3057\u3001\u304a\u5ba2\u69d8\u306e\u5229\u4fbf\u6027\u3092\u5411\u4e0a\u3055\u305b\u308b\u305f\u3081\u306b\u5f79\u7acb\u3061\u307e\u3059\u3002\u3053\u308c\u3089\u306eCookie\u306f\u3001\u304a\u5ba2\u69d8\u304c\u30b5\u30a4\u30c8\u306b\u6ede\u5728\u3057\u305f\u6642\u9593\u3084\u95b2\u89a7\u3057\u305f\u30da\u30fc\u30b8\u306a\u3069\u3092\u8ffd\u8de1\u3057\u3001\u9b45\u529b\u7684\u306a\u30b3\u30f3\u30c6\u30f3\u30c4\u5236\u4f5c\u3092\u7d99\u7d9a\u3059\u308b\u305f\u3081\u306b\u6d3b\u7528\u3055\u308c\u307e\u3059\u3002.<\/li>\n<\/ul>\n\n\n\n<p>Google\u30a2\u30ca\u30ea\u30c6\u30a3\u30af\u30b9\u306eCookie\u306b\u95a2\u3059\u308b\u8a73\u7d30\u306b\u3064\u3044\u3066\u306f\u3001Google\u30a2\u30ca\u30ea\u30c6\u30a3\u30af\u30b9\u306e\u516c\u5f0f\u30da\u30fc\u30b8\u3092\u3054\u89a7\u304f\u3060\u3055\u3044\u3002.<\/p>\n\n\n\n<ul class=\"wp-block-list\">\n<li>\u5f53\u30b5\u30a4\u30c8\u3067\u306f\u3001\u9b45\u529b\u7684\u306a\u30b3\u30f3\u30c6\u30f3\u30c4\u5236\u4f5c\u3092\u7d99\u7d9a\u3059\u308b\u305f\u3081\u306b\u3001\u7b2c\u4e09\u8005\u6a5f\u95a2\u306b\u3088\u308b\u5206\u6790\u30c4\u30fc\u30eb\u3092\u7528\u3044\u3066\u5229\u7528\u72b6\u6cc1\u3092\u8ffd\u8de1\u30fb\u6e2c\u5b9a\u3057\u3066\u3044\u307e\u3059\u3002\u3053\u308c\u3089\u306eCookie\u306f\u3001\u30b5\u30a4\u30c8\u6ede\u5728\u6642\u9593\u3084\u95b2\u89a7\u30da\u30fc\u30b8\u306a\u3069\u3092\u8ffd\u8de1\u3057\u3001\u30b5\u30a4\u30c8\u306e\u6539\u5584\u306b\u5f79\u7acb\u3066\u3066\u3044\u307e\u3059\u3002.<\/li>\n\n\n\n<li>\u5b9a\u671f\u7684\u306b\u65b0\u6a5f\u80fd\u306e\u30c6\u30b9\u30c8\u3084\u30b5\u30a4\u30c8\u306e\u8868\u793a\u65b9\u6cd5\u306e\u5fae\u8abf\u6574\u3092\u884c\u3063\u3066\u3044\u307e\u3059\u3002\u65b0\u6a5f\u80fd\u306e\u30c6\u30b9\u30c8\u4e2d\u306f\u3001\u30b5\u30a4\u30c8\u4e0a\u3067\u306e\u4e00\u8cab\u3057\u305f\u30e6\u30fc\u30b6\u30fc\u30a8\u30af\u30b9\u30da\u30ea\u30a8\u30f3\u30b9\u3092\u78ba\u4fdd\u3059\u308b\u305f\u3081\u3001\u307e\u305f\u30e6\u30fc\u30b6\u30fc\u304c\u3069\u306e\u6700\u9069\u5316\u3092\u6700\u3082\u9ad8\u304f\u8a55\u4fa1\u3057\u3066\u3044\u308b\u304b\u3092\u628a\u63e1\u3059\u308b\u305f\u3081\u306b\u3001\u3053\u308c\u3089\u306eCookie\u3092\u4f7f\u7528\u3059\u308b\u5834\u5408\u304c\u3042\u308a\u307e\u3059\u3002.<\/li>\n\n\n\n<li>\u5f0a\u793e\u3067\u306f\u5546\u54c1\u3092\u8ca9\u58f2\u3059\u308b\u306b\u3042\u305f\u308a\u3001\u30a6\u30a7\u30d6\u30b5\u30a4\u30c8\u8a2a\u554f\u8005\u306e\u3046\u3061\u5b9f\u969b\u306b\u8cfc\u5165\u306b\u81f3\u308b\u4eba\u6570\u3092\u628a\u63e1\u3059\u308b\u3053\u3068\u304c\u91cd\u8981\u3067\u3059\u3002\u3053\u308c\u3089\u306e\u30af\u30c3\u30ad\u30fc\u306f\u3001\u307e\u3055\u306b\u305d\u306e\u3088\u3046\u306a\u30c7\u30fc\u30bf\u3092\u8ffd\u8de1\u3057\u307e\u3059\u3002\u3053\u308c\u306f\u304a\u5ba2\u69d8\u306b\u3068\u3063\u3066\u3082\u91cd\u8981\u3067\u3059\u3002\u306a\u305c\u306a\u3089\u3001\u5f0a\u793e\u304c\u6b63\u78ba\u306a\u4e8b\u696d\u4e88\u6e2c\u3092\u7acb\u3066\u3001\u5e83\u544a\u8cbb\u3084\u5546\u54c1\u30b3\u30b9\u30c8\u3092\u5206\u6790\u3057\u3066\u3001\u53ef\u80fd\u306a\u9650\u308a\u6700\u826f\u306e\u4fa1\u683c\u3092\u63d0\u4f9b\u3067\u304d\u308b\u304b\u3089\u3067\u3059\u3002.<\/li>\n\n\n\n<li>\u5f53\u793e\u304c\u5e83\u544a\u914d\u4fe1\u306b\u4f7f\u7528\u3057\u3066\u3044\u308bGoogle AdSense\u30b5\u30fc\u30d3\u30b9\u306f\u3001DoubleClick Cookie\u3092\u4f7f\u7528\u3057\u3066\u3001\u30a6\u30a7\u30d6\u5168\u4f53\u3067\u3088\u308a\u95a2\u9023\u6027\u306e\u9ad8\u3044\u5e83\u544a\u3092\u914d\u4fe1\u3057\u3001\u7279\u5b9a\u306e\u5e83\u544a\u304c\u8868\u793a\u3055\u308c\u308b\u56de\u6570\u3092\u5236\u9650\u3057\u3066\u3044\u307e\u3059\u3002.<br>Google AdSense\u306b\u95a2\u3059\u308b\u8a73\u7d30\u306b\u3064\u3044\u3066\u306f\u3001Google AdSense\u306e\u516c\u5f0f\u30d7\u30e9\u30a4\u30d0\u30b7\u30fc\u306b\u95a2\u3059\u308b\u3088\u304f\u3042\u308b\u8cea\u554f\uff08FAQ\uff09\u3092\u3054\u89a7\u304f\u3060\u3055\u3044\u3002.<\/li>\n\n\n\n<li>\u5f53\u30b5\u30a4\u30c8\u3067\u306f\u3001\u904b\u55b6\u30b3\u30b9\u30c8\u3092\u76f8\u6bba\u3057\u3001\u4eca\u5f8c\u306e\u958b\u767a\u8cc7\u91d1\u3092\u78ba\u4fdd\u3059\u308b\u305f\u3081\u306b\u5e83\u544a\u3092\u5229\u7528\u3057\u3066\u3044\u307e\u3059\u3002\u5f53\u30b5\u30a4\u30c8\u3067\u4f7f\u7528\u3055\u308c\u3066\u3044\u308b\u884c\u52d5\u30bf\u30fc\u30b2\u30c6\u30a3\u30f3\u30b0\u5e83\u544a\u7528Cookie\u306f\u3001\u304a\u5ba2\u69d8\u306e\u8208\u5473\u95a2\u5fc3\u3092\u533f\u540d\u3067\u8ffd\u8de1\u3057\u3001\u304a\u5ba2\u69d8\u304c\u8208\u5473\u3092\u6301\u3061\u305d\u3046\u306a\u985e\u4f3c\u306e\u30b3\u30f3\u30c6\u30f3\u30c4\u3092\u8868\u793a\u3059\u308b\u3053\u3068\u3067\u3001\u53ef\u80fd\u306a\u9650\u308a\u95a2\u9023\u6027\u306e\u9ad8\u3044\u5e83\u544a\u3092\u63d0\u4f9b\u3067\u304d\u308b\u3088\u3046\u306b\u8a2d\u8a08\u3055\u308c\u3066\u3044\u307e\u3059\u3002.<\/li>\n\n\n\n<li>\u8907\u6570\u306e\u30d1\u30fc\u30c8\u30ca\u30fc\u4f01\u696d\u304c\u5f53\u793e\u306b\u4ee3\u308f\u3063\u3066\u5e83\u544a\u3092\u63b2\u8f09\u3057\u3066\u304a\u308a\u3001\u30a2\u30d5\u30a3\u30ea\u30a8\u30a4\u30c8\u30c8\u30e9\u30c3\u30ad\u30f3\u30b0\u30af\u30c3\u30ad\u30fc\u3092\u4f7f\u7528\u3059\u308b\u3053\u3068\u3067\u3001\u304a\u5ba2\u69d8\u304c\u5f53\u793e\u306e\u30d1\u30fc\u30c8\u30ca\u30fc\u30b5\u30a4\u30c8\u7d4c\u7531\u3067\u30b5\u30a4\u30c8\u306b\u30a2\u30af\u30bb\u30b9\u3057\u305f\u304b\u3069\u3046\u304b\u3092\u78ba\u8a8d\u3067\u304d\u307e\u3059\u3002\u3053\u308c\u306b\u3088\u308a\u3001\u30d1\u30fc\u30c8\u30ca\u30fc\u4f01\u696d\u306b\u9069\u5207\u306a\u5831\u916c\u3092\u652f\u6255\u3046\u3053\u3068\u304c\u3067\u304d\u3001\u307e\u305f\u3001\u8a72\u5f53\u3059\u308b\u5834\u5408\u306f\u3001\u30d1\u30fc\u30c8\u30ca\u30fc\u4f01\u696d\u304c\u304a\u5ba2\u69d8\u306e\u8cfc\u5165\u3092\u4fc3\u3059\u305f\u3081\u306e\u30d7\u30ed\u30e2\u30fc\u30b7\u30e7\u30f3\u3092\u63d0\u4f9b\u3067\u304d\u308b\u3088\u3046\u306b\u306a\u308a\u307e\u3059\u3002.<\/li>\n<\/ul>\n\n\n\n<h3 class=\"wp-block-heading\" id=\"compromisso-do-usuario\">\u30e6\u30fc\u30b6\u30fc\u306e\u30b3\u30df\u30c3\u30c8\u30e1\u30f3\u30c8<\/h3>\n\n\n\n<p>\u5229\u7528\u8005\u306f\u3001ArtigoNews\u304c\u30a6\u30a7\u30d6\u30b5\u30a4\u30c8\u4e0a\u3067\u63d0\u4f9b\u3059\u308b\u30b3\u30f3\u30c6\u30f3\u30c4\u304a\u3088\u3073\u60c5\u5831\u3092\u9069\u5207\u306b\u5229\u7528\u3059\u308b\u3053\u3068\u306b\u540c\u610f\u3059\u308b\u3082\u306e\u3068\u3057\u307e\u3059\u3002\u3053\u308c\u306b\u306f\u3001\u4ee5\u4e0b\u304c\u542b\u307e\u308c\u307e\u3059\u304c\u3001\u3053\u308c\u3089\u306b\u9650\u5b9a\u3055\u308c\u307e\u305b\u3093\u3002<\/p>\n\n\n\n<ul class=\"wp-block-list\">\n<li>A) \u9055\u6cd5\u884c\u70ba\u3001\u307e\u305f\u306f\u4fe1\u7fa9\u8aa0\u5b9f\u304a\u3088\u3073\u516c\u5171\u306e\u79e9\u5e8f\u306b\u53cd\u3059\u308b\u884c\u70ba\u306b\u5f93\u4e8b\u3057\u306a\u3044\u3053\u3068\u3002;<\/li>\n\n\n\n<li>B) \u4eba\u7a2e\u5dee\u5225\u7684\u3001\u5916\u56fd\u4eba\u5acc\u60aa\u7684\u3001\u307e\u305f\u306f\u4e0d\u904b\u3092\u62db\u304f\u3088\u3046\u306a\u5ba3\u4f1d\u3084\u30b3\u30f3\u30c6\u30f3\u30c4\u3001\u3042\u3089\u3086\u308b\u7a2e\u985e\u306e\u9055\u6cd5\u30dd\u30eb\u30ce\u3001\u307e\u305f\u306f\u30c6\u30ed\u3092\u52a9\u9577\u3057\u305f\u308a\u4eba\u6a29\u3092\u4fb5\u5bb3\u3057\u305f\u308a\u3059\u308b\u30b3\u30f3\u30c6\u30f3\u30c4\u3092\u62e1\u6563\u3057\u306a\u3044\u3053\u3068\u3002;<\/li>\n\n\n\n<li>C) \u30b3\u30f3\u30d4\u30e5\u30fc\u30bf\u30a6\u30a4\u30eb\u30b9\u3084\u3001\u524d\u8ff0\u306e\u640d\u5bb3\u3092\u5f15\u304d\u8d77\u3053\u3059\u53ef\u80fd\u6027\u306e\u3042\u308b\u305d\u306e\u4ed6\u306e\u30cf\u30fc\u30c9\u30a6\u30a7\u30a2\u307e\u305f\u306f\u30bd\u30d5\u30c8\u30a6\u30a7\u30a2\u30b7\u30b9\u30c6\u30e0\u3092\u5c0e\u5165\u307e\u305f\u306f\u62e1\u6563\u3059\u308b\u3053\u3068\u306b\u3088\u308a\u3001ArtigoNews\u3001\u305d\u306e\u30b5\u30d7\u30e9\u30a4\u30e4\u30fc\u3001\u307e\u305f\u306f\u7b2c\u4e09\u8005\u306e\u7269\u7406\u7684\uff08\u30cf\u30fc\u30c9\u30a6\u30a7\u30a2\uff09\u30b7\u30b9\u30c6\u30e0\u304a\u3088\u3073\u8ad6\u7406\u7684\uff08\u30bd\u30d5\u30c8\u30a6\u30a7\u30a2\uff09\u30b7\u30b9\u30c6\u30e0\u306b\u640d\u5bb3\u3092\u4e0e\u3048\u306a\u3044\u3053\u3068\u3002.<\/li>\n<\/ul>\n\n\n\n<h3 class=\"wp-block-heading\" id=\"mais-informacoes\">\u8a73\u7d30\u60c5\u5831<\/h3>\n\n\n\n<p>\u3054\u7406\u89e3\u3044\u305f\u3060\u3051\u305f\u3067\u3057\u3087\u3046\u304b\u3002\u307e\u305f\u3001\u524d\u8ff0\u306e\u3068\u304a\u308a\u3001\u5fc5\u8981\u304b\u3069\u3046\u304b\u4e0d\u660e\u306a\u5834\u5408\u306f\u3001\u5f53\u30a6\u30a7\u30d6\u30b5\u30a4\u30c8\u306e\u6a5f\u80fd\u3092\u5229\u7528\u3059\u308b\u969b\u306b\u30af\u30c3\u30ad\u30fc\u304c\u6709\u52b9\u306b\u306a\u3063\u3066\u3044\u308b\u53ef\u80fd\u6027\u304c\u3042\u308b\u305f\u3081\u3001\u30af\u30c3\u30ad\u30fc\u3092\u6709\u52b9\u306b\u3057\u3066\u304a\u304f\u65b9\u304c\u4e00\u822c\u7684\u306b\u5b89\u5168\u3067\u3059\u3002.<\/p>\n\n\n\n<p>\u3053\u306e\u30dd\u30ea\u30b7\u30fc\u306f\u3001 <strong>1\u6708<\/strong>\/<strong>2022<\/strong>.<\/p>","protected":false},"excerpt":{"rendered":"<p>A sua privacidade \u00e9 importante para n\u00f3s. \u00c9 pol\u00edtica do ArtigoNews respeitar a sua privacidade em rela\u00e7\u00e3o a qualquer informa\u00e7\u00e3o sua que possamos coletar no site ArtigoNews.com, e outros sites que possu\u00edmos e operamos. Solicitamos informa\u00e7\u00f5es pessoais apenas quando realmente precisamos delas para lhe fornecer um servi\u00e7o. Fazemo-lo por meios justos e legais, com o seu conhecimento e consentimento. Tamb\u00e9m informamos por que estamos coletando e como ser\u00e1 usado. Apenas retemos as informa\u00e7\u00f5es coletadas pelo tempo necess\u00e1rio para fornecer o servi\u00e7o solicitado. Quando armazenamos dados, protegemos dentro de meios comercialmente aceit\u00e1veis \u200b\u200bpara evitar perdas e roubos, bem como acesso, divulga\u00e7\u00e3o, c\u00f3pia, uso ou modifica\u00e7\u00e3o n\u00e3o autorizados. N\u00e3o compartilhamos informa\u00e7\u00f5es de [&hellip;]<\/p>\n","protected":false},"author":1,"featured_media":0,"parent":0,"menu_order":0,"comment_status":"closed","ping_status":"closed","template":"","meta":{"footnotes":""},"class_list":["post-338","page","type-page","status-publish"],"_links":{"self":[{"href":"https:\/\/artigonews.com\/ja\/wp-json\/wp\/v2\/pages\/338","targetHints":{"allow":["GET"]}}],"collection":[{"href":"https:\/\/artigonews.com\/ja\/wp-json\/wp\/v2\/pages"}],"about":[{"href":"https:\/\/artigonews.com\/ja\/wp-json\/wp\/v2\/types\/page"}],"author":[{"embeddable":true,"href":"https:\/\/artigonews.com\/ja\/wp-json\/wp\/v2\/users\/1"}],"replies":[{"embeddable":true,"href":"https:\/\/artigonews.com\/ja\/wp-json\/wp\/v2\/comments?post=338"}],"version-history":[{"count":2,"href":"https:\/\/artigonews.com\/ja\/wp-json\/wp\/v2\/pages\/338\/revisions"}],"predecessor-version":[{"id":351,"href":"https:\/\/artigonews.com\/ja\/wp-json\/wp\/v2\/pages\/338\/revisions\/351"}],"wp:attachment":[{"href":"https:\/\/artigonews.com\/ja\/wp-json\/wp\/v2\/media?parent=338"}],"curies":[{"name":"wp","href":"https:\/\/api.w.org\/{rel}","templated":true}]}}