{"id":344,"date":"2026-03-04T04:06:07","date_gmt":"2026-03-04T04:06:07","guid":{"rendered":"https:\/\/artigonews.com\/?page_id=344"},"modified":"2026-03-04T04:06:07","modified_gmt":"2026-03-04T04:06:07","slug":"%e7%a7%81%e3%81%9f%e3%81%a1%e3%81%ab%e3%81%a4%e3%81%84%e3%81%a6","status":"publish","type":"page","link":"https:\/\/artigonews.com\/ja\/quem-somos\/","title":{"rendered":"\u79c1\u305f\u3061\u306b\u3064\u3044\u3066"},"content":{"rendered":"<p>\u79c1\u305f\u3061\u306f <strong>\u8a18\u4e8b\u30cb\u30e5\u30fc\u30b9<\/strong>, \u3053\u308c\u306f\u3001\u30c7\u30b8\u30bf\u30eb\u4e16\u754c\u306e\u6700\u65b0\u60c5\u5831\u3092\u3001\u30b7\u30f3\u30d7\u30eb\u3067\u76f4\u63a5\u7684\u304b\u3064\u6700\u65b0\u306e\u65b9\u6cd5\u3067\u5165\u624b\u3057\u305f\u3044\u4eba\u5411\u3051\u306b\u4f5c\u6210\u3055\u308c\u305f\u30a6\u30a7\u30d6\u30b5\u30a4\u30c8\u3067\u3059\u3002.<\/p>\n\n\n\n<p>\u3053\u3053\u3067\u306f\u3001\u4ee5\u4e0b\u306e\u5185\u5bb9\u3092\u3054\u89a7\u3044\u305f\u3060\u3051\u307e\u3059\u3002 <strong>\u30a2\u30d7\u30ea\u30b1\u30fc\u30b7\u30e7\u30f3<\/strong>, \u65e5\u5e38\u7684\u306b\u4f7f\u3048\u308b\u4fbf\u5229\u306a\u30c4\u30fc\u30eb\u3092\u9078\u3076\u306e\u306b\u5f79\u7acb\u3064\u63d0\u6848\u3084\u5206\u6790\u3001\u5404\u30a2\u30d7\u30ea\u3092\u6700\u5927\u9650\u306b\u6d3b\u7528\u3059\u308b\u305f\u3081\u306e\u30ac\u30a4\u30c9\u3084\u63a8\u5968\u4e8b\u9805\u3082\u63b2\u8f09\u3057\u3066\u3044\u307e\u3059\u3002\u307e\u305f\u3001 <strong>\u30c6\u30af\u30ce\u30ed\u30b8\u30fc<\/strong>, \u30c8\u30ec\u30f3\u30c9\u3001\u30cb\u30e5\u30fc\u30b9\u3001\u89e3\u8aac\u3092\u8ab0\u306b\u3067\u3082\u7406\u89e3\u3067\u304d\u308b\u3088\u3046\u306a\u5206\u304b\u308a\u3084\u3059\u3044\u65b9\u6cd5\u3067\u4f1d\u3048\u308b\u3002.<\/p>\n\n\n\n<p>ArtigoNews\u3067\u306f\u3001\u63a2\u6c42\u3059\u308b\u3053\u3068\u3082\u697d\u3057\u3093\u3067\u3044\u307e\u3059\u3002 <strong>\u8208\u5473\u6df1\u3044\u4e8b\u5b9f<\/strong> \uff08\u7279\u306b\u6280\u8853\u7684\u306a\u3082\u306e\uff09\u3042\u306a\u305f\u304c\u77e5\u3089\u306a\u304b\u3063\u305f\u3067\u3042\u308d\u3046\u8208\u5473\u6df1\u3044\u60c5\u5831\u3001\u305d\u3057\u3066\u643a\u5e2f\u96fb\u8a71\u3084\u30a4\u30f3\u30bf\u30fc\u30cd\u30c3\u30c8\u3092\u9055\u3063\u305f\u8996\u70b9\u3067\u898b\u308b\u3053\u3068\u304c\u3067\u304d\u308b\u3088\u3046\u306b\u306a\u308b\u60c5\u5831\u3002\u305d\u3057\u3066\u3082\u3061\u308d\u3093\u3001 <strong>\u30d2\u30f3\u30c8<\/strong> \u751f\u6d3b\u3092\u697d\u306b\u3059\u308b\u305f\u3081\u306e\u30d2\u30f3\u30c8\uff1a\u30b9\u30de\u30fc\u30c8\u30d5\u30a9\u30f3\u306e\u4fbf\u5229\u306a\u4f7f\u3044\u65b9\u304b\u3089\u3001\u30a2\u30d7\u30ea\u306e\u6574\u7406\u65b9\u6cd5\u3001\u30d1\u30d5\u30a9\u30fc\u30de\u30f3\u30b9\u306e\u5411\u4e0a\u3001\u96a0\u308c\u305f\u6a5f\u80fd\u306e\u6d3b\u7528\u6cd5\u307e\u3067\u3002.<\/p>\n\n\n\n<p>\u3055\u3089\u306b\u3001\u79c1\u305f\u3061\u306f <strong>\u30b2\u30fc\u30e0<\/strong>, \u30e2\u30d0\u30a4\u30eb\u3001PC\u3001\u30b3\u30f3\u30bd\u30fc\u30eb\u3067\u30d7\u30ec\u30a4\u3059\u308b\u4eba\u5411\u3051\u306e\u30b3\u30f3\u30c6\u30f3\u30c4\u3082\u5145\u5b9f\u3002\u30cb\u30e5\u30fc\u30b9\u3001\u30c8\u30ec\u30f3\u30c9\u3001\u30e9\u30f3\u30ad\u30f3\u30b0\u3001\u304a\u3059\u3059\u3081\u60c5\u5831\u306a\u3069\u3001\u30d7\u30ec\u30a4\u3059\u308b\u4fa1\u5024\u306e\u3042\u308b\u30b2\u30fc\u30e0\u3092\u898b\u3064\u3051\u308b\u305f\u3081\u306e\u60c5\u5831\u304c\u6e80\u8f09\u3067\u3059\u3002.<\/p>\n\n\n\n<p>\u79c1\u305f\u3061\u306e\u76ee\u6a19\u306f\u3001\u4fe1\u983c\u6027\u304c\u9ad8\u304f\u4f7f\u3044\u3084\u3059\u3044\u30dd\u30fc\u30bf\u30eb\u30b5\u30a4\u30c8\u3068\u306a\u308b\u3053\u3068\u3067\u3059\u3002\u60c5\u5831\u3092\u63d0\u4f9b\u3057\u3001\u5f79\u7acb\u3061\u3001\u697d\u3057\u307e\u305b\u308b\u30b3\u30f3\u30c6\u30f3\u30c4\u3092\u63d0\u4f9b\u3059\u308b\u3053\u3068\u3092\u76ee\u6307\u3057\u3001\u5e38\u306b\u5206\u304b\u308a\u3084\u3059\u3044\u8a00\u8449\u9063\u3044\u3092\u5fc3\u304c\u3051\u3001\u672c\u5f53\u306b\u5927\u5207\u306a\u3053\u3068\u306b\u7126\u70b9\u3092\u5f53\u3066\u3066\u3044\u304d\u307e\u3059\u3002.<\/p>\n\n\n\n<p>\u3088\u3046\u3053\u305d <strong>\u8a18\u4e8b\u30cb\u30e5\u30fc\u30b9<\/strong>. \ud83d\ude80<\/p>","protected":false},"excerpt":{"rendered":"<p>Somos o ArtigoNews, um site criado para quem gosta de estar sempre por dentro do que acontece no mundo digital \u2014 de um jeito simples, direto e atualizado. Aqui voc\u00ea encontra conte\u00fados sobre Aplicativos, com sugest\u00f5es e an\u00e1lises para ajudar a escolher ferramentas \u00fateis no dia a dia, al\u00e9m de guias e recomenda\u00e7\u00f5es para aproveitar melhor cada app. Tamb\u00e9m falamos de Tecnologia, trazendo tend\u00eancias, novidades e explica\u00e7\u00f5es sem complica\u00e7\u00e3o, para qualquer pessoa entender. No ArtigoNews, a gente tamb\u00e9m curte explorar Curiosidades (principalmente as tecnol\u00f3gicas), aquelas informa\u00e7\u00f5es interessantes que voc\u00ea provavelmente n\u00e3o sabia \u2014 e que fazem voc\u00ea olhar para o celular e a internet de outro jeito. E, claro, temos [&hellip;]<\/p>\n","protected":false},"author":1,"featured_media":0,"parent":0,"menu_order":0,"comment_status":"closed","ping_status":"closed","template":"","meta":{"footnotes":""},"class_list":["post-344","page","type-page","status-publish"],"_links":{"self":[{"href":"https:\/\/artigonews.com\/ja\/wp-json\/wp\/v2\/pages\/344","targetHints":{"allow":["GET"]}}],"collection":[{"href":"https:\/\/artigonews.com\/ja\/wp-json\/wp\/v2\/pages"}],"about":[{"href":"https:\/\/artigonews.com\/ja\/wp-json\/wp\/v2\/types\/page"}],"author":[{"embeddable":true,"href":"https:\/\/artigonews.com\/ja\/wp-json\/wp\/v2\/users\/1"}],"replies":[{"embeddable":true,"href":"https:\/\/artigonews.com\/ja\/wp-json\/wp\/v2\/comments?post=344"}],"version-history":[{"count":1,"href":"https:\/\/artigonews.com\/ja\/wp-json\/wp\/v2\/pages\/344\/revisions"}],"predecessor-version":[{"id":345,"href":"https:\/\/artigonews.com\/ja\/wp-json\/wp\/v2\/pages\/344\/revisions\/345"}],"wp:attachment":[{"href":"https:\/\/artigonews.com\/ja\/wp-json\/wp\/v2\/media?parent=344"}],"curies":[{"name":"wp","href":"https:\/\/api.w.org\/{rel}","templated":true}]}}