{"id":344,"date":"2026-03-04T04:06:07","date_gmt":"2026-03-04T04:06:07","guid":{"rendered":"https:\/\/artigonews.com\/?page_id=344"},"modified":"2026-03-04T04:06:07","modified_gmt":"2026-03-04T04:06:07","slug":"%ec%9a%b0%eb%a6%ac%eb%8a%94-%eb%88%84%ea%b5%ac%ec%9d%b8%ea%b0%80","status":"publish","type":"page","link":"https:\/\/artigonews.com\/ko\/quem-somos\/","title":{"rendered":"\uc6b0\ub9ac\ub294 \ub204\uad6c\uc778\uac00"},"content":{"rendered":"<p>\uc6b0\ub9ac\ub294 <strong>\uae30\uc0ac \ub274\uc2a4<\/strong>, \uc774 \uc6f9\uc0ac\uc774\ud2b8\ub294 \ub514\uc9c0\ud138 \uc138\uc0c1\uc5d0\uc11c \uc77c\uc5b4\ub098\ub294 \uc77c\ub4e4\uc744 \uac04\ub2e8\ud558\uace0 \uc9c1\uc811\uc801\uc774\uba70 \ucd5c\uc2e0 \uc815\ubcf4\ub85c \uc811\ud558\uace0 \uc2f6\uc5b4\ud558\ub294 \uc0ac\ub78c\ub4e4\uc744 \uc704\ud574 \ub9cc\ub4e4\uc5b4\uc84c\uc2b5\ub2c8\ub2e4.<\/p>\n\n\n\n<p>\uc5ec\uae30\uc5d0\uc11c\ub294 \ub2e4\uc74c\uacfc \uac19\uc740 \ub0b4\uc6a9\uc744 \ucc3e\uc744 \uc218 \uc788\uc2b5\ub2c8\ub2e4. <strong>\uc751\uc6a9 \ud504\ub85c\uadf8\ub7a8<\/strong>, \uc77c\uc0c1\uc0dd\ud65c\uc5d0 \uc720\uc6a9\ud55c \ub3c4\uad6c\ub97c \uc120\ud0dd\ud558\ub294 \ub370 \ub3c4\uc6c0\uc774 \ub418\ub294 \uc81c\uc548\uacfc \ubd84\uc11d\uc740 \ubb3c\ub860, \uac01 \uc571\uc744 \ucd5c\ub300\ud55c \ud65c\uc6a9\ud558\ub294 \ubc29\ubc95\uc5d0 \ub300\ud55c \uac00\uc774\ub4dc\uc640 \uad8c\uc7a5 \uc0ac\ud56d\ub3c4 \uc81c\uacf5\ud569\ub2c8\ub2e4. \ub610\ud55c \ub2e4\uc74c\uacfc \uac19\uc740 \ub0b4\uc6a9\ub3c4 \ub2e4\ub8f9\ub2c8\ub2e4. <strong>\uae30\uc220<\/strong>, \ud2b8\ub80c\ub4dc, \ub274\uc2a4, \uc124\uba85\uc744 \ub204\uad6c\ub098 \uc27d\uac8c \uc774\ud574\ud560 \uc218 \uc788\ub3c4\ub85d \uac04\uacb0\ud558\uac8c \uc804\ub2ec\ud569\ub2c8\ub2e4.<\/p>\n\n\n\n<p>ArtigoNews\uc5d0\uc11c\ub294 \ud0d0\uad6c\ud558\ub294 \uac83\ub3c4 \uc990\uae41\ub2c8\ub2e4. <strong>\ud765\ubbf8\ub85c\uc6b4 \uc0ac\uc2e4\ub4e4<\/strong> (\ud2b9\ud788 \uae30\uc220\uc801\uc778 \uce21\uba74\uc5d0\uc11c) \uc5ec\ub7ec\ubd84\uc774 \uc544\ub9c8 \ubab0\ub790\uc744 \ud765\ubbf8\ub85c\uc6b4 \uc815\ubcf4\ub4e4, \uadf8\ub9ac\uace0 \uadf8\ub7f0 \uc815\ubcf4\ub4e4\uc744 \ud1b5\ud574 \ud734\ub300\ud3f0\uacfc \uc778\ud130\ub137\uc744 \ub2e4\ub978 \uc2dc\uac01\uc73c\ub85c \ubc14\ub77c\ubcf4\uac8c \ub418\ub294 \uacbd\uc6b0\uac00 \ub9ce\uc2b5\ub2c8\ub2e4. \ubb3c\ub860, \uc800\ud76c\ub294 \uadf8\ub7f0 \uc815\ubcf4\ub4e4\ub85c \uac00\ub4dd\ud55c \ubd84\uc57c\ub97c \uac00\uc9c0\uace0 \uc788\uc2b5\ub2c8\ub2e4. <strong>\ud301<\/strong> \uc0dd\ud65c\uc744 \ub354\uc6b1 \ud3b8\ub9ac\ud558\uac8c \ud574\uc8fc\ub294 \ud301: \uc2a4\ub9c8\ud2b8\ud3f0 \ud65c\uc6a9\ubc95\ubd80\ud130 \uc571 \uc815\ub9ac, \uc131\ub2a5 \ud5a5\uc0c1, \uc228\uaca8\uc9c4 \uae30\ub2a5 \uc0ac\uc6a9\ubc95\uae4c\uc9c0 \ub2e4\uc591\ud558\uac8c \uc18c\uac1c\ud569\ub2c8\ub2e4.<\/p>\n\n\n\n<p>\uac8c\ub2e4\uac00, \uc800\ud76c\ub294 \ubaa8\ub4e0 \uac83\uc744 \ub2e4\ub8f9\ub2c8\ub2e4. <strong>\uacc4\ub7b5<\/strong>, \ubaa8\ubc14\uc77c, PC, \ucf58\uc194 \ub4f1 \uc5b4\ub5a4 \ud50c\ub7ab\ud3fc\uc5d0\uc11c \uac8c\uc784\uc744 \uc990\uae30\uc2dc\ub4e0, \ub274\uc2a4, \ud2b8\ub80c\ub4dc, \ubaa9\ub85d, \ucd94\ucc9c \ucf58\ud150\uce20 \ub4f1\uc744 \ud1b5\ud574 \ud50c\ub808\uc774\ud560 \ub9cc\ud55c \uac00\uce58\uac00 \uc788\ub294 \uac8c\uc784\uc744 \ucc3e\uc544\ubcf4\uc2e4 \uc218 \uc788\uc2b5\ub2c8\ub2e4.<\/p>\n\n\n\n<p>\uc800\ud76c\uc758 \ubaa9\ud45c\ub294 \uc720\uc775\ud558\uace0 \ub3c4\uc6c0\uc774 \ub418\uba70 \uc990\uac70\uc6c0\uc744 \uc8fc\ub294 \ucf58\ud150\uce20\ub97c \uc81c\uacf5\ud558\ub294 \uc2e0\ub8b0\ud560 \uc218 \uc788\uace0 \uc0ac\uc6a9\uc790 \uce5c\ud654\uc801\uc778 \ud3ec\ud138\uc774 \ub418\ub294 \uac83\uc785\ub2c8\ub2e4. \ud56d\uc0c1 \uc774\ud574\ud558\uae30 \uc26c\uc6b4 \uc5b8\uc5b4\ub97c \uc0ac\uc6a9\ud558\uace0 \uc9c4\uc815\uc73c\ub85c \uc911\uc694\ud55c \uac83\uc5d0 \uc9d1\uc911\ud560 \uac83\uc785\ub2c8\ub2e4.<\/p>\n\n\n\n<p>\ud658\uc601\ud569\ub2c8\ub2e4 <strong>\uae30\uc0ac \ub274\uc2a4<\/strong>. \ud83d\ude80<\/p>","protected":false},"excerpt":{"rendered":"<p>Somos o ArtigoNews, um site criado para quem gosta de estar sempre por dentro do que acontece no mundo digital \u2014 de um jeito simples, direto e atualizado. Aqui voc\u00ea encontra conte\u00fados sobre Aplicativos, com sugest\u00f5es e an\u00e1lises para ajudar a escolher ferramentas \u00fateis no dia a dia, al\u00e9m de guias e recomenda\u00e7\u00f5es para aproveitar [&hellip;]<\/p>\n","protected":false},"author":1,"featured_media":0,"parent":0,"menu_order":0,"comment_status":"closed","ping_status":"closed","template":"","meta":{"footnotes":""},"class_list":["post-344","page","type-page","status-publish"],"_links":{"self":[{"href":"https:\/\/artigonews.com\/ko\/wp-json\/wp\/v2\/pages\/344","targetHints":{"allow":["GET"]}}],"collection":[{"href":"https:\/\/artigonews.com\/ko\/wp-json\/wp\/v2\/pages"}],"about":[{"href":"https:\/\/artigonews.com\/ko\/wp-json\/wp\/v2\/types\/page"}],"author":[{"embeddable":true,"href":"https:\/\/artigonews.com\/ko\/wp-json\/wp\/v2\/users\/1"}],"replies":[{"embeddable":true,"href":"https:\/\/artigonews.com\/ko\/wp-json\/wp\/v2\/comments?post=344"}],"version-history":[{"count":1,"href":"https:\/\/artigonews.com\/ko\/wp-json\/wp\/v2\/pages\/344\/revisions"}],"predecessor-version":[{"id":345,"href":"https:\/\/artigonews.com\/ko\/wp-json\/wp\/v2\/pages\/344\/revisions\/345"}],"wp:attachment":[{"href":"https:\/\/artigonews.com\/ko\/wp-json\/wp\/v2\/media?parent=344"}],"curies":[{"name":"wp","href":"https:\/\/api.w.org\/{rel}","templated":true}]}}