{"id":344,"date":"2026-03-04T04:06:07","date_gmt":"2026-03-04T04:06:07","guid":{"rendered":"https:\/\/artigonews.com\/?page_id=344"},"modified":"2026-03-04T04:06:07","modified_gmt":"2026-03-04T04:06:07","slug":"kas-mes-esame","status":"publish","type":"page","link":"https:\/\/artigonews.com\/lt\/quem-somos\/","title":{"rendered":"Kas mes esame"},"content":{"rendered":"<p>Mes esame <strong>StraipsnisNaujienos<\/strong>, svetain\u0117, sukurta tiems, kurie m\u0117gsta paprastai, tiesiogiai ir aktualiai sekti skaitmeninio pasaulio naujienas.<\/p>\n\n\n\n<p>\u010cia rasite turin\u012f apie <strong>Parai\u0161kos<\/strong>, su pasi\u016blymais ir analiz\u0117mis, pad\u0117sian\u010diomis jums i\u0161sirinkti naudingus \u012frankius kasdieniam naudojimui, taip pat vadovais ir rekomendacijomis, kaip kuo geriau i\u0161naudoti kiekvien\u0105 program\u0117l\u0119. Taip pat kalbame apie <strong>Technologijos<\/strong>, Pateikiamos tendencijos, naujienos ir paai\u0161kinimai paprastai, kad kiekvienas gal\u0117t\u0173 suprasti.<\/p>\n\n\n\n<p>\u201eArtigoNews\u201c taip pat m\u0117gstame tyrin\u0117ti. <strong>\u012edom\u016bs faktai<\/strong> (ypa\u010d technologinius), \u012fdomios informacijos, kurios tikriausiai ne\u017einojote ir kuri priver\u010dia kitaip pa\u017evelgti \u012f savo mobil\u0173j\u012f telefon\u0105 ir internet\u0105. Ir, \u017einoma, turime srit\u012f, piln\u0105 <strong>Patarimai<\/strong> Patarimai, kaip palengvinti gyvenim\u0105: nuo i\u0161mani\u0173j\u0173 telefon\u0173 gudrybi\u0173 iki b\u016bd\u0173, kaip geriau tvarkyti programas, pagerinti na\u0161um\u0105 ir naudoti pasl\u0117ptas funkcijas.<\/p>\n\n\n\n<p>Ir u\u017ebaigdami, apr\u0117piame <strong>\u017daidimai<\/strong>, su turiniu tiems, kurie \u017eaid\u017eia mobiliuosiuose \u012frenginiuose, asmeniniuose kompiuteriuose ar konsol\u0117se: naujienos, tendencijos, s\u0105ra\u0161ai ir rekomendacijos, kad gal\u0117tum\u0117te atrasti, k\u0105 verta \u017eaisti.<\/p>\n\n\n\n<p>M\u016bs\u0173 tikslas \u2013 b\u016bti patikimu ir patogiu naudoti portalu, kurio turinys informuot\u0173, pad\u0117t\u0173 ir linksmint\u0173, visada vartojant suprantam\u0105 kalb\u0105 ir sutelkiant d\u0117mes\u012f \u012f tai, kas i\u0161 tikr\u0173j\u0173 svarbu.<\/p>\n\n\n\n<p>Sveiki atvyk\u0119 \u012f <strong>StraipsnisNaujienos<\/strong>. \ud83d\ude80<\/p>","protected":false},"excerpt":{"rendered":"<p>Somos o ArtigoNews, um site criado para quem gosta de estar sempre por dentro do que acontece no mundo digital \u2014 de um jeito simples, direto e atualizado. Aqui voc\u00ea encontra conte\u00fados sobre Aplicativos, com sugest\u00f5es e an\u00e1lises para ajudar a escolher ferramentas \u00fateis no dia a dia, al\u00e9m de guias e recomenda\u00e7\u00f5es para aproveitar [&hellip;]<\/p>\n","protected":false},"author":1,"featured_media":0,"parent":0,"menu_order":0,"comment_status":"closed","ping_status":"closed","template":"","meta":{"footnotes":""},"class_list":["post-344","page","type-page","status-publish"],"_links":{"self":[{"href":"https:\/\/artigonews.com\/lt\/wp-json\/wp\/v2\/pages\/344","targetHints":{"allow":["GET"]}}],"collection":[{"href":"https:\/\/artigonews.com\/lt\/wp-json\/wp\/v2\/pages"}],"about":[{"href":"https:\/\/artigonews.com\/lt\/wp-json\/wp\/v2\/types\/page"}],"author":[{"embeddable":true,"href":"https:\/\/artigonews.com\/lt\/wp-json\/wp\/v2\/users\/1"}],"replies":[{"embeddable":true,"href":"https:\/\/artigonews.com\/lt\/wp-json\/wp\/v2\/comments?post=344"}],"version-history":[{"count":1,"href":"https:\/\/artigonews.com\/lt\/wp-json\/wp\/v2\/pages\/344\/revisions"}],"predecessor-version":[{"id":345,"href":"https:\/\/artigonews.com\/lt\/wp-json\/wp\/v2\/pages\/344\/revisions\/345"}],"wp:attachment":[{"href":"https:\/\/artigonews.com\/lt\/wp-json\/wp\/v2\/media?parent=344"}],"curies":[{"name":"wp","href":"https:\/\/api.w.org\/{rel}","templated":true}]}}