{"id":344,"date":"2026-03-04T04:06:07","date_gmt":"2026-03-04T04:06:07","guid":{"rendered":"https:\/\/artigonews.com\/?page_id=344"},"modified":"2026-03-04T04:06:07","modified_gmt":"2026-03-04T04:06:07","slug":"siapa-kami","status":"publish","type":"page","link":"https:\/\/artigonews.com\/ms\/quem-somos\/","title":{"rendered":"Siapakah Kami"},"content":{"rendered":"<p>Kami adalah <strong>ArtikelBerita<\/strong>, sebuah laman web yang dicipta untuk mereka yang suka mengikuti perkembangan terkini dalam dunia digital \u2014 dengan cara yang mudah, langsung dan terkini.<\/p>\n\n\n\n<p>Di sini anda akan menemui kandungan tentang <strong>Aplikasi<\/strong>, dengan cadangan dan analisis untuk membantu anda memilih alat berguna untuk kegunaan harian, serta panduan dan cadangan untuk memanfaatkan setiap aplikasi sepenuhnya. Kami juga membincangkan tentang <strong>Teknologi<\/strong>, Membawakan trend, berita dan penjelasan dengan cara yang mudah difahami oleh sesiapa sahaja.<\/p>\n\n\n\n<p>Di ArtigoNews, kami juga gemar meneroka. <strong>Fakta menarik<\/strong> (terutamanya yang berteknologi), maklumat menarik yang mungkin anda tidak tahu\u2014dan yang membuatkan anda melihat telefon bimbit dan internet anda dengan cara yang berbeza. Dan, sudah tentu, kita mempunyai kawasan yang penuh dengan <strong>Petua<\/strong> Petua untuk memudahkan hidup: daripada helah telefon pintar kepada cara untuk mengatur aplikasi anda dengan lebih baik, meningkatkan prestasi dan menggunakan ciri tersembunyi.<\/p>\n\n\n\n<p>Dan untuk melengkapkannya, kami meliputi <strong>Permainan<\/strong>, dengan kandungan untuk mereka yang bermain di telefon bimbit, PC atau konsol: berita, trend, senarai dan cadangan untuk anda mengetahui apa yang berbaloi untuk dimainkan.<\/p>\n\n\n\n<p>Matlamat kami adalah untuk menjadi portal yang andal dan mesra pengguna, dengan kandungan yang memberi maklumat, membantu dan menghiburkan \u2014 sentiasa menggunakan bahasa yang mudah difahami dan memberi tumpuan kepada perkara yang benar-benar penting.<\/p>\n\n\n\n<p>Selamat datang ke <strong>ArtikelBerita<\/strong>. \ud83d\ude80<\/p>","protected":false},"excerpt":{"rendered":"<p>Somos o ArtigoNews, um site criado para quem gosta de estar sempre por dentro do que acontece no mundo digital \u2014 de um jeito simples, direto e atualizado. Aqui voc\u00ea encontra conte\u00fados sobre Aplicativos, com sugest\u00f5es e an\u00e1lises para ajudar a escolher ferramentas \u00fateis no dia a dia, al\u00e9m de guias e recomenda\u00e7\u00f5es para aproveitar [&hellip;]<\/p>\n","protected":false},"author":1,"featured_media":0,"parent":0,"menu_order":0,"comment_status":"closed","ping_status":"closed","template":"","meta":{"footnotes":""},"class_list":["post-344","page","type-page","status-publish"],"_links":{"self":[{"href":"https:\/\/artigonews.com\/ms\/wp-json\/wp\/v2\/pages\/344","targetHints":{"allow":["GET"]}}],"collection":[{"href":"https:\/\/artigonews.com\/ms\/wp-json\/wp\/v2\/pages"}],"about":[{"href":"https:\/\/artigonews.com\/ms\/wp-json\/wp\/v2\/types\/page"}],"author":[{"embeddable":true,"href":"https:\/\/artigonews.com\/ms\/wp-json\/wp\/v2\/users\/1"}],"replies":[{"embeddable":true,"href":"https:\/\/artigonews.com\/ms\/wp-json\/wp\/v2\/comments?post=344"}],"version-history":[{"count":1,"href":"https:\/\/artigonews.com\/ms\/wp-json\/wp\/v2\/pages\/344\/revisions"}],"predecessor-version":[{"id":345,"href":"https:\/\/artigonews.com\/ms\/wp-json\/wp\/v2\/pages\/344\/revisions\/345"}],"wp:attachment":[{"href":"https:\/\/artigonews.com\/ms\/wp-json\/wp\/v2\/media?parent=344"}],"curies":[{"name":"wp","href":"https:\/\/api.w.org\/{rel}","templated":true}]}}