{"id":344,"date":"2026-03-04T04:06:07","date_gmt":"2026-03-04T04:06:07","guid":{"rendered":"https:\/\/artigonews.com\/?page_id=344"},"modified":"2026-03-04T04:06:07","modified_gmt":"2026-03-04T04:06:07","slug":"wie-we-zijn","status":"publish","type":"page","link":"https:\/\/artigonews.com\/nl\/quem-somos\/","title":{"rendered":"Wie we zijn"},"content":{"rendered":"<p>Wij zijn de <strong>ArtikelNieuws<\/strong>, Een website speciaal gemaakt voor iedereen die graag op de hoogte blijft van de laatste ontwikkelingen in de digitale wereld \u2013 op een eenvoudige, directe en actuele manier.<\/p>\n\n\n\n<p>Hier vindt u inhoud over <strong>Toepassingen<\/strong>, met suggesties en analyses om je te helpen bij het kiezen van handige tools voor dagelijks gebruik, evenals handleidingen en aanbevelingen om het meeste uit elke app te halen. We bespreken ook <strong>Technologie<\/strong>, Trends, nieuws en uitleg worden op een eenvoudige manier gepresenteerd, zodat iedereen het kan begrijpen.<\/p>\n\n\n\n<p>Bij ArtigoNews gaan we ook graag op ontdekkingstocht. <strong>Interessante feiten<\/strong> (vooral technologische), interessante weetjes die je waarschijnlijk nog niet wist \u2013 en die ervoor zorgen dat je anders naar je mobiele telefoon en internet kijkt. En natuurlijk hebben we een gedeelte vol met <strong>Tips<\/strong> Tips om het leven gemakkelijker te maken: van smartphonetrucs tot manieren om je apps beter te organiseren, de prestaties te verbeteren en verborgen functies te gebruiken.<\/p>\n\n\n\n<p>En tot slot behandelen we het volgende: <strong>Spellen<\/strong>, Met content voor spelers op mobiel, pc of console: nieuws, trends, lijstjes en aanbevelingen om te ontdekken wat de moeite waard is om te spelen.<\/p>\n\n\n\n<p>Ons doel is een betrouwbaar en gebruiksvriendelijk portaal te zijn met inhoud die informeert, helpt en vermaakt \u2013 altijd in begrijpelijke taal en met de focus op wat er echt toe doet.<\/p>\n\n\n\n<p>Welkom bij <strong>ArtikelNieuws<\/strong>. \ud83d\ude80<\/p>","protected":false},"excerpt":{"rendered":"<p>Somos o ArtigoNews, um site criado para quem gosta de estar sempre por dentro do que acontece no mundo digital \u2014 de um jeito simples, direto e atualizado. Aqui voc\u00ea encontra conte\u00fados sobre Aplicativos, com sugest\u00f5es e an\u00e1lises para ajudar a escolher ferramentas \u00fateis no dia a dia, al\u00e9m de guias e recomenda\u00e7\u00f5es para aproveitar [&hellip;]<\/p>\n","protected":false},"author":1,"featured_media":0,"parent":0,"menu_order":0,"comment_status":"closed","ping_status":"closed","template":"","meta":{"footnotes":""},"class_list":["post-344","page","type-page","status-publish"],"_links":{"self":[{"href":"https:\/\/artigonews.com\/nl\/wp-json\/wp\/v2\/pages\/344","targetHints":{"allow":["GET"]}}],"collection":[{"href":"https:\/\/artigonews.com\/nl\/wp-json\/wp\/v2\/pages"}],"about":[{"href":"https:\/\/artigonews.com\/nl\/wp-json\/wp\/v2\/types\/page"}],"author":[{"embeddable":true,"href":"https:\/\/artigonews.com\/nl\/wp-json\/wp\/v2\/users\/1"}],"replies":[{"embeddable":true,"href":"https:\/\/artigonews.com\/nl\/wp-json\/wp\/v2\/comments?post=344"}],"version-history":[{"count":1,"href":"https:\/\/artigonews.com\/nl\/wp-json\/wp\/v2\/pages\/344\/revisions"}],"predecessor-version":[{"id":345,"href":"https:\/\/artigonews.com\/nl\/wp-json\/wp\/v2\/pages\/344\/revisions\/345"}],"wp:attachment":[{"href":"https:\/\/artigonews.com\/nl\/wp-json\/wp\/v2\/media?parent=344"}],"curies":[{"name":"wp","href":"https:\/\/api.w.org\/{rel}","templated":true}]}}