{"id":338,"date":"2026-03-04T04:02:45","date_gmt":"2026-03-04T04:02:45","guid":{"rendered":"https:\/\/artigonews.com\/?page_id=338"},"modified":"2026-03-04T04:08:10","modified_gmt":"2026-03-04T04:08:10","slug":"polityka-prywatnosci","status":"publish","type":"page","link":"https:\/\/artigonews.com\/pl\/politica-de-privacidade\/","title":{"rendered":"Polityka prywatno\u015bci"},"content":{"rendered":"<p>Twoja prywatno\u015b\u0107 jest dla nas wa\u017cna. Polityk\u0105 ArtigoNews jest poszanowanie Twojej prywatno\u015bci w odniesieniu do wszelkich informacji, kt\u00f3re mo\u017cemy od Ciebie gromadzi\u0107 na stronie internetowej. <a href=\"https:\/\/artigonews.com\/pl\/\">ArtigoNews.com<\/a>, oraz inne witryny internetowe, kt\u00f3rych jeste\u015bmy w\u0142a\u015bcicielami i kt\u00f3re obs\u0142ugujemy.<\/p>\n\n\n\n<p>\u017b\u0105damy podania danych osobowych tylko wtedy, gdy jest to rzeczywi\u015bcie niezb\u0119dne do \u015bwiadczenia Ci us\u0142ugi. Robimy to uczciwie i zgodnie z prawem, za Twoj\u0105 wiedz\u0105 i zgod\u0105. Informujemy Ci\u0119 r\u00f3wnie\u017c, dlaczego je gromadzimy i jak b\u0119d\u0105 wykorzystywane.<\/p>\n\n\n\n<p>Zebrane informacje przechowujemy tylko tak d\u0142ugo, jak jest to konieczne do \u015bwiadczenia \u017c\u0105danej us\u0142ugi. Przechowuj\u0105c dane, chronimy je w spos\u00f3b komercyjnie akceptowalny, aby zapobiec ich utracie i kradzie\u017cy, a tak\u017ce nieautoryzowanemu dost\u0119powi, ujawnieniu, kopiowaniu, wykorzystaniu lub modyfikacji.<\/p>\n\n\n\n<p>Nie udost\u0119pniamy danych osobowych publicznie ani osobom trzecim, chyba \u017ce wymaga tego prawo.<\/p>\n\n\n\n<p>Nasza strona internetowa mo\u017ce zawiera\u0107 linki do stron zewn\u0119trznych, kt\u00f3re nie s\u0105 przez nas obs\u0142ugiwane. Prosimy pami\u0119ta\u0107, \u017ce nie mamy kontroli nad tre\u015bci\u0105 ani praktykami stosowanymi na tych stronach i nie ponosimy odpowiedzialno\u015bci za ich polityk\u0119 prywatno\u015bci.<\/p>\n\n\n\n<p>Masz prawo odm\u00f3wi\u0107 podania danych osobowych, rozumiej\u0105c, \u017ce mo\u017cemy nie by\u0107 w stanie dostarczy\u0107 Ci niekt\u00f3rych us\u0142ug, kt\u00f3rych potrzebujesz.<\/p>\n\n\n\n<p>Dalsze korzystanie z naszej strony internetowej b\u0119dzie r\u00f3wnoznaczne z akceptacj\u0105 naszych zasad dotycz\u0105cych prywatno\u015bci i danych osobowych. W przypadku pyta\u0144 dotycz\u0105cych sposobu przetwarzania danych u\u017cytkownik\u00f3w i danych osobowych prosimy o kontakt.<\/p>\n\n\n\n<h3 class=\"wp-block-heading\" id=\"politica-de-cookies-Ler Artigos\">Polityka plik\u00f3w cookie Artyku\u0142Wiadomo\u015bci<\/h3>\n\n\n\n<h3 class=\"wp-block-heading\" id=\"o-que-sao-cookies\">Czym s\u0105 pliki cookie?<\/h3>\n\n\n\n<p>Zgodnie z powszechn\u0105 praktyk\u0105 stosowan\u0105 w przypadku niemal wszystkich profesjonalnych stron internetowych, ta witryna wykorzystuje pliki cookie, czyli niewielkie pliki pobierane na komputer u\u017cytkownika, w celu usprawnienia korzystania z witryny. Na tej stronie opisano, jakie informacje s\u0105 gromadzone, jak je wykorzystujemy i dlaczego czasami musimy przechowywa\u0107 te pliki cookie. Podamy r\u00f3wnie\u017c informacje o tym, jak mo\u017cna zapobiec przechowywaniu tych plik\u00f3w cookie, jednak mo\u017ce to pogorszy\u0107 lub \u2018uszkodzi\u0107\u2019 niekt\u00f3re elementy funkcjonalno\u015bci witryny.<\/p>\n\n\n\n<h3 class=\"wp-block-heading\" id=\"como-usamos-os-cookies\">Jak u\u017cywamy plik\u00f3w cookie?<\/h3>\n\n\n\n<p>U\u017cywamy plik\u00f3w cookie z r\u00f3\u017cnych powod\u00f3w, szczeg\u00f3\u0142owo opisanych poni\u017cej. Niestety, w wi\u0119kszo\u015bci przypadk\u00f3w nie ma standardowych w bran\u017cy opcji wy\u0142\u0105czania plik\u00f3w cookie bez ca\u0142kowitego wy\u0142\u0105czenia funkcjonalno\u015bci i funkcji, kt\u00f3re dodaj\u0105 one do tej witryny. Zalecamy pozostawienie wszystkich plik\u00f3w cookie w\u0142\u0105czonych, je\u015bli nie masz pewno\u015bci, czy ich potrzebujesz, na wypadek gdyby by\u0142y wykorzystywane do \u015bwiadczenia us\u0142ugi, z kt\u00f3rej korzystasz.<\/p>\n\n\n\n<h3 class=\"wp-block-heading\" id=\"desativar-cookies\">Wy\u0142\u0105cz pliki cookie<\/h3>\n\n\n\n<p>Mo\u017cesz zapobiec zapisywaniu plik\u00f3w cookie, zmieniaj\u0105c ustawienia w swojej przegl\u0105darce (wi\u0119cej informacji znajdziesz w Pomocy przegl\u0105darki). Pami\u0119taj, \u017ce wy\u0142\u0105czenie plik\u00f3w cookie wp\u0142ynie na funkcjonalno\u015b\u0107 tej i wielu innych odwiedzanych przez Ciebie stron internetowych. Wy\u0142\u0105czenie plik\u00f3w cookie zazwyczaj powoduje r\u00f3wnie\u017c wy\u0142\u0105czenie niekt\u00f3rych funkcji i mo\u017cliwo\u015bci tej witryny. Dlatego zaleca si\u0119, aby nie wy\u0142\u0105cza\u0107 plik\u00f3w cookie.<\/p>\n\n\n\n<h3 class=\"wp-block-heading\" id=\"cookies-que-definimos\">Pliki cookie, kt\u00f3re ustawiamy<\/h3>\n\n\n\n<ul class=\"wp-block-list\">\n<li>Pliki cookie zwi\u0105zane z kontem: Je\u015bli utworzysz u nas konto, b\u0119dziemy u\u017cywa\u0107 plik\u00f3w cookie do zarz\u0105dzania procesem rejestracji i og\u00f3lnym administrowaniem. Te pliki cookie s\u0105 zazwyczaj usuwane po wylogowaniu z systemu, jednak w niekt\u00f3rych przypadkach mog\u0105 pozosta\u0107, aby zapami\u0119ta\u0107 Twoje preferencje dotycz\u0105ce witryny po jej opuszczeniu.<\/li>\n\n\n\n<li>Pliki cookie zwi\u0105zane z logowaniem: U\u017cywamy plik\u00f3w cookie, gdy jeste\u015b zalogowany, aby zapami\u0119ta\u0107 t\u0119 czynno\u015b\u0107. Dzi\u0119ki temu nie musisz si\u0119 logowa\u0107 za ka\u017cdym razem, gdy odwiedzasz now\u0105 stron\u0119. Te pliki cookie s\u0105 zazwyczaj usuwane lub czyszczone po wylogowaniu, aby zapewni\u0107 dost\u0119p do zasob\u00f3w i obszar\u00f3w o ograniczonym dost\u0119pie tylko po zalogowaniu.<\/li>\n\n\n\n<li>Pliki cookie zwi\u0105zane z biuletynami e-mail: Ta strona internetowa oferuje us\u0142ugi subskrypcji biuletyn\u00f3w e-mail, a pliki cookie mog\u0105 by\u0107 u\u017cywane do zapami\u0119tywania, czy jeste\u015b ju\u017c zarejestrowany, a tak\u017ce do wy\u015bwietlania okre\u015blonych powiadomie\u0144, kt\u00f3re dotycz\u0105 wy\u0142\u0105cznie u\u017cytkownik\u00f3w zapisanych\/zrezygnowanych z subskrypcji.<\/li>\n\n\n\n<li>Pliki cookie zwi\u0105zane z przetwarzaniem zam\u00f3wie\u0144: Ta strona oferuje funkcje handlu elektronicznego i p\u0142atno\u015bci, a niekt\u00f3re pliki cookie s\u0105 niezb\u0119dne do zapami\u0119tania zam\u00f3wienia podczas kolejnych stron, aby\u015bmy mogli je prawid\u0142owo przetworzy\u0107.<\/li>\n\n\n\n<li>Pliki cookie zwi\u0105zane z ankietami: Okresowo oferujemy ankiety i kwestionariusze, aby dostarcza\u0107 interesuj\u0105cych informacji, przydatnych narz\u0119dzi lub lepiej zrozumie\u0107 nasz\u0105 baz\u0119 u\u017cytkownik\u00f3w. Ankiety te mog\u0105 wykorzystywa\u0107 pliki cookie do zapami\u0119tywania, kto ju\u017c wzi\u0105\u0142 udzia\u0142 w ankiecie, lub do dostarczania dok\u0142adnych wynik\u00f3w po zmianach na stronie.<\/li>\n\n\n\n<li>Pliki cookie zwi\u0105zane z formularzami: Kiedy przesy\u0142asz dane za pomoc\u0105 formularza, takiego jak te znajduj\u0105ce si\u0119 na stronach kontaktowych lub formularzach komentarzy, mog\u0105 zosta\u0107 ustawione pliki cookie, kt\u00f3re zapami\u0119taj\u0105 Twoje dane u\u017cytkownika na potrzeby przysz\u0142ej korespondencji.<\/li>\n\n\n\n<li>Pliki cookie preferencji witryny: Aby zapewni\u0107 Ci komfortowe korzystanie z tej witryny, udost\u0119pniamy funkcj\u0119 ustawiania preferencji dotycz\u0105cych zachowania witryny podczas korzystania z niej. Aby zapami\u0119ta\u0107 Twoje preferencje, musimy ustawi\u0107 pliki cookie, aby te informacje mog\u0142y zosta\u0107 przywo\u0142ane za ka\u017cdym razem, gdy wejdziesz na stron\u0119, kt\u00f3rej dotycz\u0105 Twoje preferencje.<\/li>\n<\/ul>\n\n\n\n<h3 class=\"wp-block-heading\" id=\"cookies-de-terceiros\">Pliki cookie stron trzecich<\/h3>\n\n\n\n<p>W niekt\u00f3rych szczeg\u00f3lnych przypadkach wykorzystujemy r\u00f3wnie\u017c pliki cookie dostarczane przez zaufane podmioty zewn\u0119trzne. W poni\u017cszej sekcji opisano, z jakimi plikami cookie podmiot\u00f3w zewn\u0119trznych mo\u017cesz si\u0119 spotka\u0107 za po\u015brednictwem tej witryny.<\/p>\n\n\n\n<ul class=\"wp-block-list\">\n<li>Ta strona korzysta z Google Analytics, jednego z najpopularniejszych i najbardziej zaufanych narz\u0119dzi analitycznych w sieci, aby pom\u00f3c nam zrozumie\u0107, w jaki spos\u00f3b korzystasz z witryny i jak mo\u017cemy ulepszy\u0107 Twoje do\u015bwiadczenia. Te pliki cookie mog\u0105 \u015bledzi\u0107 takie informacje, jak czas sp\u0119dzony na stronie i odwiedzane strony, aby\u015bmy mogli nadal tworzy\u0107 anga\u017cuj\u0105ce tre\u015bci.<\/li>\n<\/ul>\n\n\n\n<p>Wi\u0119cej informacji na temat plik\u00f3w cookie Google Analytics znajdziesz na oficjalnej stronie Google Analytics.<\/p>\n\n\n\n<ul class=\"wp-block-list\">\n<li>Analityka stron trzecich s\u0142u\u017cy do \u015bledzenia i pomiaru korzystania z tej witryny, aby\u015bmy mogli nadal tworzy\u0107 anga\u017cuj\u0105ce tre\u015bci. Te pliki cookie mog\u0105 rejestrowa\u0107 takie informacje, jak czas sp\u0119dzony na stronie lub odwiedzane strony, co pomaga nam zrozumie\u0107, jak mo\u017cemy ulepszy\u0107 witryn\u0119 dla Ciebie.<\/li>\n\n\n\n<li>Okresowo testujemy nowe funkcje i wprowadzamy drobne zmiany w wygl\u0105dzie witryny. Podczas testowania nowych funkcji pliki cookie mog\u0105 by\u0107 wykorzystywane do zapewnienia sp\u00f3jnego dzia\u0142ania witryny, a jednocze\u015bnie do zrozumienia, kt\u00f3re optymalizacje nasi u\u017cytkownicy ceni\u0105 najbardziej.<\/li>\n\n\n\n<li>Poniewa\u017c sprzedajemy produkty, wa\u017cne jest dla nas, aby zna\u0107 statystyki dotycz\u0105ce liczby os\u00f3b odwiedzaj\u0105cych nasz\u0105 witryn\u0119, kt\u00f3re faktycznie dokonuj\u0105 zakupu. W\u0142a\u015bnie takie dane b\u0119d\u0105 \u015bledzone przez te pliki cookie. Jest to dla Ciebie wa\u017cne, poniewa\u017c pozwala nam na formu\u0142owanie trafnych prognoz biznesowych, kt\u00f3re pozwalaj\u0105 nam analizowa\u0107 koszty reklam i produkt\u00f3w, aby zapewni\u0107 najlepsz\u0105 mo\u017cliw\u0105 cen\u0119.<\/li>\n\n\n\n<li>Us\u0142uga Google AdSense, z kt\u00f3rej korzystamy do wy\u015bwietlania reklam, korzysta z pliku cookie DoubleClick w celu wy\u015bwietlania trafniejszych reklam w sieci i ograniczania liczby wy\u015bwietle\u0144 danej reklamy.<br>Aby uzyska\u0107 wi\u0119cej informacji na temat us\u0142ugi Google AdSense, zapoznaj si\u0119 z oficjalnymi najcz\u0119\u015bciej zadawanymi pytaniami dotycz\u0105cymi ochrony prywatno\u015bci us\u0142ugi Google AdSense.<\/li>\n\n\n\n<li>Wykorzystujemy reklamy, aby pokry\u0107 koszty prowadzenia tej witryny i zapewni\u0107 finansowanie przysz\u0142ego rozwoju. Pliki cookie reklam behawioralnych u\u017cywane przez t\u0119 witryn\u0119 maj\u0105 na celu zapewnienie Ci najbardziej trafnych reklam, kiedy tylko jest to mo\u017cliwe, poprzez anonimowe \u015bledzenie Twoich zainteresowa\u0144 i prezentowanie podobnych tre\u015bci, kt\u00f3re mog\u0105 Ci\u0119 zainteresowa\u0107.<\/li>\n\n\n\n<li>Kilku partner\u00f3w reklamuje si\u0119 w naszym imieniu, a pliki cookie \u015bledz\u0105ce dzia\u0142ania partner\u00f3w pozwalaj\u0105 nam po prostu sprawdzi\u0107, czy nasi klienci uzyskali dost\u0119p do witryny za po\u015brednictwem jednej z naszych witryn partnerskich, dzi\u0119ki czemu mo\u017cemy odpowiednio je doceni\u0107, a w stosownych przypadkach umo\u017cliwi\u0107 naszym partnerom partnerskim oferowanie promocji, kt\u00f3re mog\u0105 zach\u0119ci\u0107 Ci\u0119 do dokonania zakupu.<\/li>\n<\/ul>\n\n\n\n<h3 class=\"wp-block-heading\" id=\"compromisso-do-usuario\">Zaanga\u017cowanie u\u017cytkownika<\/h3>\n\n\n\n<p>U\u017cytkownik wyra\u017ca zgod\u0119 na w\u0142a\u015bciwe wykorzystanie tre\u015bci i informacji udost\u0119pnianych przez ArtigoNews na stronie internetowej, w tym mi\u0119dzy innymi:<\/p>\n\n\n\n<ul class=\"wp-block-list\">\n<li>A) nie podejmowa\u0107 dzia\u0142a\u0144 niezgodnych z prawem lub z zasadami dobrej wiary i porz\u0105dkiem publicznym;<\/li>\n\n\n\n<li>B) Nie rozpowszechnia\u0107 propagandy ani tre\u015bci o charakterze rasistowskim, ksenofobicznym lub pechowym, \u017cadnego rodzaju nielegalnej pornografii ani tre\u015bci promuj\u0105cych terroryzm lub naruszaj\u0105cych prawa cz\u0142owieka;<\/li>\n\n\n\n<li>C) Nie powodowa\u0107 uszkodze\u0144 system\u00f3w fizycznych (sprz\u0119towych) i logicznych (programowych) ArtigoNews, jego dostawc\u00f3w lub os\u00f3b trzecich poprzez wprowadzanie lub rozpowszechnianie wirus\u00f3w komputerowych lub innych system\u00f3w sprz\u0119towych lub programowych, kt\u00f3re mog\u0105 spowodowa\u0107 ww. uszkodzenia.<\/li>\n<\/ul>\n\n\n\n<h3 class=\"wp-block-heading\" id=\"mais-informacoes\">Wi\u0119cej informacji<\/h3>\n\n\n\n<p>Mamy nadziej\u0119, \u017ce jest to jasne i, jak ju\u017c wcze\u015bniej wspomniano, je\u015bli masz w\u0105tpliwo\u015bci, czy czego\u015b potrzebujesz, na og\u00f3\u0142 bezpieczniej jest pozostawi\u0107 obs\u0142ug\u0119 plik\u00f3w cookie w\u0142\u0105czon\u0105 na wypadek interakcji z jedn\u0105 z funkcji naszej witryny.<\/p>\n\n\n\n<p>Niniejsza polityka obowi\u0105zuje od <strong>Stycze\u0144<\/strong>\/<strong>2022<\/strong>.<\/p>","protected":false},"excerpt":{"rendered":"<p>A sua privacidade \u00e9 importante para n\u00f3s. \u00c9 pol\u00edtica do ArtigoNews respeitar a sua privacidade em rela\u00e7\u00e3o a qualquer informa\u00e7\u00e3o sua que possamos coletar no site ArtigoNews.com, e outros sites que possu\u00edmos e operamos. Solicitamos informa\u00e7\u00f5es pessoais apenas quando realmente precisamos delas para lhe fornecer um servi\u00e7o. Fazemo-lo por meios justos e legais, com o [&hellip;]<\/p>\n","protected":false},"author":1,"featured_media":0,"parent":0,"menu_order":0,"comment_status":"closed","ping_status":"closed","template":"","meta":{"footnotes":""},"class_list":["post-338","page","type-page","status-publish"],"_links":{"self":[{"href":"https:\/\/artigonews.com\/pl\/wp-json\/wp\/v2\/pages\/338","targetHints":{"allow":["GET"]}}],"collection":[{"href":"https:\/\/artigonews.com\/pl\/wp-json\/wp\/v2\/pages"}],"about":[{"href":"https:\/\/artigonews.com\/pl\/wp-json\/wp\/v2\/types\/page"}],"author":[{"embeddable":true,"href":"https:\/\/artigonews.com\/pl\/wp-json\/wp\/v2\/users\/1"}],"replies":[{"embeddable":true,"href":"https:\/\/artigonews.com\/pl\/wp-json\/wp\/v2\/comments?post=338"}],"version-history":[{"count":2,"href":"https:\/\/artigonews.com\/pl\/wp-json\/wp\/v2\/pages\/338\/revisions"}],"predecessor-version":[{"id":351,"href":"https:\/\/artigonews.com\/pl\/wp-json\/wp\/v2\/pages\/338\/revisions\/351"}],"wp:attachment":[{"href":"https:\/\/artigonews.com\/pl\/wp-json\/wp\/v2\/media?parent=338"}],"curies":[{"name":"wp","href":"https:\/\/api.w.org\/{rel}","templated":true}]}}