{"id":340,"date":"2026-03-04T04:03:25","date_gmt":"2026-03-04T04:03:25","guid":{"rendered":"https:\/\/artigonews.com\/?page_id=340"},"modified":"2026-03-04T04:08:09","modified_gmt":"2026-03-04T04:08:09","slug":"warunki-uzytkowania","status":"publish","type":"page","link":"https:\/\/artigonews.com\/pl\/termos-de-uso\/","title":{"rendered":"Warunki korzystania"},"content":{"rendered":"<h3 class=\"wp-block-heading\" id=\"1-termos\">1. Warunki<\/h3>\n\n\n\n<p>Podczas uzyskiwania dost\u0119pu do witryny internetowej <a href=\"https:\/\/artigonews.com\/pl\/\">Artyku\u0142Wiadomo\u015bci<\/a>, Korzystaj\u0105c z tej witryny, zgadzasz si\u0119 na przestrzeganie niniejszych warunk\u00f3w korzystania z us\u0142ugi, wszystkich obowi\u0105zuj\u0105cych przepis\u00f3w i regulacji oraz przyjmujesz odpowiedzialno\u015b\u0107 za przestrzeganie wszystkich obowi\u0105zuj\u0105cych przepis\u00f3w lokalnych. W przypadku braku zgody na kt\u00f3rykolwiek z tych warunk\u00f3w korzystanie z tej witryny lub uzyskiwanie do niej dost\u0119pu jest zabronione. Materia\u0142y zawarte na tej stronie internetowej s\u0105 chronione obowi\u0105zuj\u0105cymi prawami autorskimi i prawami do znak\u00f3w towarowych.<\/p>\n\n\n\n<h3 class=\"wp-block-heading\" id=\"2-uso-de-licenca\">2. U\u017cytkowanie licencji<\/h3>\n\n\n\n<p>Udziela si\u0119 pozwolenia na tymczasowe pobranie jednej kopii materia\u0142\u00f3w (informacji lub oprogramowania) ze strony internetowej ArtigoNews wy\u0142\u0105cznie do osobistego, niekomercyjnego, przej\u015bciowego przegl\u0105dania. Jest to udzielenie licencji, a nie przeniesienie tytu\u0142u w\u0142asno\u015bci, a na mocy tej licencji nie wolno:&nbsp;<\/p>\n\n\n\n<ol class=\"wp-block-list\">\n<li>modyfikowa\u0107 lub kopiowa\u0107 materia\u0142y;&nbsp;<\/li>\n\n\n\n<li>U\u017cywa\u0107 materia\u0142\u00f3w w celach komercyjnych lub do publicznego wy\u015bwietlania (komercyjnego lub niekomercyjnego);&nbsp;<\/li>\n\n\n\n<li>Pr\u00f3ba dekompilacji lub in\u017cynierii wstecznej jakiegokolwiek oprogramowania zawartego na stronie internetowej ArtigoNews; ;&nbsp;<\/li>\n\n\n\n<li>usun\u0105\u0107 z materia\u0142\u00f3w wszelkie informacje o prawach autorskich lub inne informacje o w\u0142asno\u015bci; lub&nbsp;<\/li>\n\n\n\n<li>Przenie\u015b\u0107 materia\u0142y do innej osoby lub \u2018przes\u0142a\u0107\u2019 je na inny serwer.<\/li>\n<\/ol>\n\n\n\n<p>Niniejsza licencja ulega automatycznemu wyga\u015bni\u0119ciu w przypadku naruszenia kt\u00f3regokolwiek z tych ogranicze\u0144 i mo\u017ce zosta\u0107 rozwi\u0105zana przez ArtigoNews w dowolnym momencie. Po zako\u0144czeniu przegl\u0105dania tych materia\u0142\u00f3w lub rozwi\u0105zaniu niniejszej licencji, musisz zniszczy\u0107 wszystkie pobrane materia\u0142y b\u0119d\u0105ce w Twoim posiadaniu, zar\u00f3wno w formie elektronicznej, jak i drukowanej.<\/p>\n\n\n\n<h3 class=\"wp-block-heading\" id=\"3-isencao-de-responsabilidade\">3. Zastrze\u017cenie<\/h3>\n\n\n\n<ol class=\"wp-block-list\">\n<li>Materia\u0142y na stronie internetowej ArtigoNews s\u0105 udost\u0119pniane \u2018tak jak s\u0105\u2019. ArtigoNews nie udziela \u017cadnych gwarancji, wyra\u017anych ani dorozumianych, i niniejszym zrzeka si\u0119 i neguje wszelkie inne gwarancje, w tym mi\u0119dzy innymi dorozumiane gwarancje lub warunki przydatno\u015bci handlowej, przydatno\u015bci do okre\u015blonego celu lub nienaruszania praw w\u0142asno\u015bci intelektualnej lub innych narusze\u0144 praw.<\/li>\n\n\n\n<li>Ponadto ArtigoNews nie gwarantuje i nie sk\u0142ada \u017cadnych o\u015bwiadcze\u0144 dotycz\u0105cych dok\u0142adno\u015bci, prawdopodobnych wynik\u00f3w lub niezawodno\u015bci korzystania z materia\u0142\u00f3w zamieszczonych na swojej stronie internetowej lub w inny spos\u00f3b powi\u0105zanych z takimi materia\u0142ami b\u0105d\u017a z witrynami po\u0142\u0105czonymi z t\u0105 witryn\u0105.<\/li>\n<\/ol>\n\n\n\n<h3 class=\"wp-block-heading\" id=\"4-limitacoes\">4. Ograniczenia<\/h3>\n\n\n\n<p>W \u017cadnym wypadku ArtigoNews ani jego dostawcy nie ponosz\u0105 odpowiedzialno\u015bci za jakiekolwiek szkody (w tym, bez ogranicze\u0144, szkody z tytu\u0142u utraty danych lub zysk\u00f3w, lub z powodu przerwy w dzia\u0142alno\u015bci) wynikaj\u0105ce z korzystania lub niemo\u017cno\u015bci korzystania z materia\u0142\u00f3w dost\u0119pnych w ArtigoNews, nawet je\u015bli ArtigoNews lub upowa\u017cniony przedstawiciel ArtigoNews zosta\u0142 powiadomiony ustnie lub pisemnie o mo\u017cliwo\u015bci wyst\u0105pienia takich szk\u00f3d. Poniewa\u017c niekt\u00f3re jurysdykcje nie zezwalaj\u0105 na ograniczenia gwarancji dorozumianych ani ograniczenia odpowiedzialno\u015bci za szkody nast\u0119pcze lub przypadkowe, ograniczenia te mog\u0105 nie mie\u0107 zastosowania w Pa\u0144stwa przypadku.<\/p>\n\n\n\n<h3 class=\"wp-block-heading\" id=\"5-precisao-dos-materiais\">5. Precyzja materia\u0142\u00f3w<\/h3>\n\n\n\n<p>Materia\u0142y prezentowane na stronie internetowej ArtigoNews mog\u0105 zawiera\u0107 b\u0142\u0119dy techniczne, typograficzne lub fotograficzne. ArtigoNews nie gwarantuje dok\u0142adno\u015bci, kompletno\u015bci ani aktualno\u015bci materia\u0142\u00f3w na swojej stronie internetowej. ArtigoNews mo\u017ce wprowadza\u0107 zmiany w materia\u0142ach zawartych na swojej stronie internetowej w dowolnym momencie i bez uprzedzenia. ArtigoNews nie zobowi\u0105zuje si\u0119 jednak do aktualizacji tych materia\u0142\u00f3w.<\/p>\n\n\n\n<h3 class=\"wp-block-heading\" id=\"6-links\">6. Linki<\/h3>\n\n\n\n<p>ArtigoNews nie dokona\u0142o przegl\u0105du wszystkich stron internetowych, do kt\u00f3rych prowadz\u0105 linki z jego witryny, i nie ponosi odpowiedzialno\u015bci za tre\u015b\u0107 \u017cadnej z nich. Zamieszczenie linku nie oznacza rekomendacji strony przez ArtigoNews. Korzystanie z linkowanych stron internetowych odbywa si\u0119 na w\u0142asne ryzyko u\u017cytkownika.<\/p>\n\n\n\n<h3 class=\"wp-block-heading\" id=\"modificacoes\">Modyfikacje<\/h3>\n\n\n\n<p>ArtigoNews mo\u017ce zmieni\u0107 niniejsze warunki korzystania ze strony internetowej w dowolnym momencie i bez uprzedniego powiadomienia. Korzystaj\u0105c z tej strony internetowej, zgadzasz si\u0119 na obowi\u0105zywanie aktualnej wersji niniejszych warunk\u00f3w korzystania z us\u0142ugi.<\/p>\n\n\n\n<h3 class=\"wp-block-heading\" id=\"lei-aplicavel\">Prawo w\u0142a\u015bciwe<\/h3>\n\n\n\n<p>Niniejsze warunki podlegaj\u0105 przepisom prawa ArtigoNews i zgodnie z nimi b\u0119d\u0105 interpretowane. U\u017cytkownik nieodwo\u0142alnie poddaje si\u0119 wy\u0142\u0105cznej jurysdykcji s\u0105d\u00f3w danego stanu lub miejscowo\u015bci.<\/p>","protected":false},"excerpt":{"rendered":"<p>1. Termos Ao acessar ao site ArtigoNews, concorda em cumprir estes termos de servi\u00e7o, todas as leis e regulamentos aplic\u00e1veis \u200b\u200be concorda que \u00e9 respons\u00e1vel pelo cumprimento de todas as leis locais aplic\u00e1veis. Se voc\u00ea n\u00e3o concordar com algum desses termos, est\u00e1 proibido de usar ou acessar este site. Os materiais contidos neste site s\u00e3o [&hellip;]<\/p>\n","protected":false},"author":1,"featured_media":0,"parent":0,"menu_order":0,"comment_status":"closed","ping_status":"closed","template":"","meta":{"footnotes":""},"class_list":["post-340","page","type-page","status-publish"],"_links":{"self":[{"href":"https:\/\/artigonews.com\/pl\/wp-json\/wp\/v2\/pages\/340","targetHints":{"allow":["GET"]}}],"collection":[{"href":"https:\/\/artigonews.com\/pl\/wp-json\/wp\/v2\/pages"}],"about":[{"href":"https:\/\/artigonews.com\/pl\/wp-json\/wp\/v2\/types\/page"}],"author":[{"embeddable":true,"href":"https:\/\/artigonews.com\/pl\/wp-json\/wp\/v2\/users\/1"}],"replies":[{"embeddable":true,"href":"https:\/\/artigonews.com\/pl\/wp-json\/wp\/v2\/comments?post=340"}],"version-history":[{"count":2,"href":"https:\/\/artigonews.com\/pl\/wp-json\/wp\/v2\/pages\/340\/revisions"}],"predecessor-version":[{"id":350,"href":"https:\/\/artigonews.com\/pl\/wp-json\/wp\/v2\/pages\/340\/revisions\/350"}],"wp:attachment":[{"href":"https:\/\/artigonews.com\/pl\/wp-json\/wp\/v2\/media?parent=340"}],"curies":[{"name":"wp","href":"https:\/\/api.w.org\/{rel}","templated":true}]}}