{"id":344,"date":"2026-03-04T04:06:07","date_gmt":"2026-03-04T04:06:07","guid":{"rendered":"https:\/\/artigonews.com\/?page_id=344"},"modified":"2026-03-04T04:06:07","modified_gmt":"2026-03-04T04:06:07","slug":"kim-jestesmy","status":"publish","type":"page","link":"https:\/\/artigonews.com\/pl\/quem-somos\/","title":{"rendered":"Kim jeste\u015bmy"},"content":{"rendered":"<p>Jeste\u015bmy <strong>Artyku\u0142Wiadomo\u015bci<\/strong>, strona internetowa stworzona dla tych, kt\u00f3rzy chc\u0105 by\u0107 na bie\u017c\u0105co z tym, co dzieje si\u0119 w \u015bwiecie cyfrowym \u2014 w prosty, bezpo\u015bredni i aktualny spos\u00f3b.<\/p>\n\n\n\n<p>Tutaj znajdziesz tre\u015bci na temat <strong>Aplikacje<\/strong>, z sugestiami i analizami, kt\u00f3re pomog\u0105 Ci wybra\u0107 przydatne narz\u0119dzia do codziennego u\u017cytku, a tak\u017ce przewodnikami i rekomendacjami, kt\u00f3re pomog\u0105 Ci w pe\u0142ni wykorzysta\u0107 mo\u017cliwo\u015bci ka\u017cdej aplikacji. Rozmawiamy r\u00f3wnie\u017c o <strong>Technologia<\/strong>, Prezentujemy trendy, wiadomo\u015bci i wyja\u015bnienia w spos\u00f3b przyst\u0119pny i zrozumia\u0142y dla ka\u017cdego.<\/p>\n\n\n\n<p>My w ArtigoNews r\u00f3wnie\u017c lubimy odkrywa\u0107. <strong>Ciekawostki<\/strong> (zw\u0142aszcza te technologiczne), te interesuj\u0105ce informacje, o kt\u00f3rych prawdopodobnie nie wiedzia\u0142e\u015b \u2013 i kt\u00f3re sprawiaj\u0105, \u017ce inaczej patrzysz na sw\u00f3j telefon kom\u00f3rkowy i internet. I oczywi\u015bcie mamy obszar pe\u0142en <strong>Porady<\/strong> Porady u\u0142atwiaj\u0105ce \u017cycie: od trik\u00f3w dla smartfon\u00f3w po sposoby na lepsz\u0105 organizacj\u0119 aplikacji, popraw\u0119 wydajno\u015bci i korzystanie z ukrytych funkcji.<\/p>\n\n\n\n<p>A na dodatek, obejmujemy <strong>Zawody sportowe<\/strong>, z tre\u015bciami dla graczy na urz\u0105dzeniach mobilnych, komputerach PC i konsolach: wiadomo\u015bciami, trendami, listami i rekomendacjami, dzi\u0119ki kt\u00f3rym odkryjesz, w co warto zagra\u0107.<\/p>\n\n\n\n<p>Naszym celem jest stworzenie portalu wiarygodnego i przyjaznego u\u017cytkownikowi, kt\u00f3rego tre\u015bci informuj\u0105, pomagaj\u0105 i bawi\u0105 \u2014 zawsze u\u017cywaj\u0105c przyst\u0119pnego j\u0119zyka i koncentruj\u0105c si\u0119 na tym, co naprawd\u0119 wa\u017cne.<\/p>\n\n\n\n<p>Witamy w <strong>Artyku\u0142Wiadomo\u015bci<\/strong>. \ud83d\ude80<\/p>","protected":false},"excerpt":{"rendered":"<p>Somos o ArtigoNews, um site criado para quem gosta de estar sempre por dentro do que acontece no mundo digital \u2014 de um jeito simples, direto e atualizado. Aqui voc\u00ea encontra conte\u00fados sobre Aplicativos, com sugest\u00f5es e an\u00e1lises para ajudar a escolher ferramentas \u00fateis no dia a dia, al\u00e9m de guias e recomenda\u00e7\u00f5es para aproveitar [&hellip;]<\/p>\n","protected":false},"author":1,"featured_media":0,"parent":0,"menu_order":0,"comment_status":"closed","ping_status":"closed","template":"","meta":{"footnotes":""},"class_list":["post-344","page","type-page","status-publish"],"_links":{"self":[{"href":"https:\/\/artigonews.com\/pl\/wp-json\/wp\/v2\/pages\/344","targetHints":{"allow":["GET"]}}],"collection":[{"href":"https:\/\/artigonews.com\/pl\/wp-json\/wp\/v2\/pages"}],"about":[{"href":"https:\/\/artigonews.com\/pl\/wp-json\/wp\/v2\/types\/page"}],"author":[{"embeddable":true,"href":"https:\/\/artigonews.com\/pl\/wp-json\/wp\/v2\/users\/1"}],"replies":[{"embeddable":true,"href":"https:\/\/artigonews.com\/pl\/wp-json\/wp\/v2\/comments?post=344"}],"version-history":[{"count":1,"href":"https:\/\/artigonews.com\/pl\/wp-json\/wp\/v2\/pages\/344\/revisions"}],"predecessor-version":[{"id":345,"href":"https:\/\/artigonews.com\/pl\/wp-json\/wp\/v2\/pages\/344\/revisions\/345"}],"wp:attachment":[{"href":"https:\/\/artigonews.com\/pl\/wp-json\/wp\/v2\/media?parent=344"}],"curies":[{"name":"wp","href":"https:\/\/api.w.org\/{rel}","templated":true}]}}