{"id":344,"date":"2026-03-04T04:06:07","date_gmt":"2026-03-04T04:06:07","guid":{"rendered":"https:\/\/artigonews.com\/?page_id=344"},"modified":"2026-03-04T04:06:07","modified_gmt":"2026-03-04T04:06:07","slug":"cine-suntem","status":"publish","type":"page","link":"https:\/\/artigonews.com\/ro\/quem-somos\/","title":{"rendered":"Cine suntem"},"content":{"rendered":"<p>Noi suntem <strong>Articol\u0218tiri<\/strong>, un site web creat pentru cei c\u0103rora le place s\u0103 fie la curent cu ce se \u00eent\u00e2mpl\u0103 \u00een lumea digital\u0103 \u2014 \u00eentr-un mod simplu, direct \u0219i actual.<\/p>\n\n\n\n<p>Aici ve\u021bi g\u0103si con\u021binut despre <strong>Aplica\u021bii<\/strong>, cu sugestii \u0219i analize care s\u0103 v\u0103 ajute s\u0103 alege\u021bi instrumente utile pentru utilizarea zilnic\u0103, precum \u0219i ghiduri \u0219i recomand\u0103ri pentru a profita la maximum de fiecare aplica\u021bie. De asemenea, vorbim despre <strong>Tehnologie<\/strong>, Prezent\u0103m tendin\u021be, \u0219tiri \u0219i explica\u021bii \u00eentr-un mod direct, astfel \u00eenc\u00e2t oricine s\u0103 le poat\u0103 \u00een\u021belege.<\/p>\n\n\n\n<p>La ArtigoNews, ne place \u0219i s\u0103 explor\u0103m. <strong>Fapte interesante<\/strong> (\u00een special cele tehnologice), acele informa\u021bii interesante pe care probabil nu le \u0219tia\u021bi - \u0219i care v\u0103 fac s\u0103 privi\u021bi telefonul mobil \u0219i internetul \u00eentr-un mod diferit. \u0218i, bine\u00een\u021beles, avem o zon\u0103 plin\u0103 de <strong>Sfaturi<\/strong> Sfaturi pentru a v\u0103 u\u0219ura via\u021ba: de la trucuri pentru smartphone la modalit\u0103\u021bi de a v\u0103 organiza mai bine aplica\u021biile, de a \u00eembun\u0103t\u0103\u021bi performan\u021ba \u0219i de a utiliza func\u021bii ascunse.<\/p>\n\n\n\n<p>\u0218i, ca s\u0103 complet\u0103m totul, acoperim <strong>Jocuri<\/strong>, cu con\u021binut pentru cei care joac\u0103 pe mobil, PC sau consol\u0103: \u0219tiri, tendin\u021be, liste \u0219i recomand\u0103ri pentru ca tu s\u0103 descoperi ce merit\u0103 jucat.<\/p>\n\n\n\n<p>Scopul nostru este s\u0103 fim un portal fiabil \u0219i u\u0219or de utilizat, cu con\u021binut care informeaz\u0103, ajut\u0103 \u0219i distreaz\u0103 \u2014 folosind \u00eentotdeauna un limbaj accesibil \u0219i concentr\u00e2ndu-ne pe ceea ce conteaz\u0103 cu adev\u0103rat.<\/p>\n\n\n\n<p>Bine a\u021bi venit la <strong>Articol\u0218tiri<\/strong>. \ud83d\ude80<\/p>","protected":false},"excerpt":{"rendered":"<p>Somos o ArtigoNews, um site criado para quem gosta de estar sempre por dentro do que acontece no mundo digital \u2014 de um jeito simples, direto e atualizado. Aqui voc\u00ea encontra conte\u00fados sobre Aplicativos, com sugest\u00f5es e an\u00e1lises para ajudar a escolher ferramentas \u00fateis no dia a dia, al\u00e9m de guias e recomenda\u00e7\u00f5es para aproveitar [&hellip;]<\/p>\n","protected":false},"author":1,"featured_media":0,"parent":0,"menu_order":0,"comment_status":"closed","ping_status":"closed","template":"","meta":{"footnotes":""},"class_list":["post-344","page","type-page","status-publish"],"_links":{"self":[{"href":"https:\/\/artigonews.com\/ro\/wp-json\/wp\/v2\/pages\/344","targetHints":{"allow":["GET"]}}],"collection":[{"href":"https:\/\/artigonews.com\/ro\/wp-json\/wp\/v2\/pages"}],"about":[{"href":"https:\/\/artigonews.com\/ro\/wp-json\/wp\/v2\/types\/page"}],"author":[{"embeddable":true,"href":"https:\/\/artigonews.com\/ro\/wp-json\/wp\/v2\/users\/1"}],"replies":[{"embeddable":true,"href":"https:\/\/artigonews.com\/ro\/wp-json\/wp\/v2\/comments?post=344"}],"version-history":[{"count":1,"href":"https:\/\/artigonews.com\/ro\/wp-json\/wp\/v2\/pages\/344\/revisions"}],"predecessor-version":[{"id":345,"href":"https:\/\/artigonews.com\/ro\/wp-json\/wp\/v2\/pages\/344\/revisions\/345"}],"wp:attachment":[{"href":"https:\/\/artigonews.com\/ro\/wp-json\/wp\/v2\/media?parent=344"}],"curies":[{"name":"wp","href":"https:\/\/api.w.org\/{rel}","templated":true}]}}