{"id":340,"date":"2026-03-04T04:03:25","date_gmt":"2026-03-04T04:03:25","guid":{"rendered":"https:\/\/artigonews.com\/?page_id=340"},"modified":"2026-03-04T04:08:09","modified_gmt":"2026-03-04T04:08:09","slug":"podmienky-pouzivania","status":"publish","type":"page","link":"https:\/\/artigonews.com\/sk\/termos-de-uso\/","title":{"rendered":"Podmienky pou\u017e\u00edvania"},"content":{"rendered":"<h3 class=\"wp-block-heading\" id=\"1-termos\">1. Podmienky<\/h3>\n\n\n\n<p>Pri pr\u00edstupe na webov\u00fa str\u00e1nku <a href=\"https:\/\/artigonews.com\/sk\/\">\u010cl\u00e1nokNovinky<\/a>, Pou\u017e\u00edvan\u00edm tejto str\u00e1nky s\u00fahlas\u00edte s t\u00fdm, \u017ee budete viazan\u00ed t\u00fdmito podmienkami slu\u017eby, v\u0161etk\u00fdmi platn\u00fdmi z\u00e1konmi a predpismi a s\u00fahlas\u00edte s t\u00fdm, \u017ee ste zodpovedn\u00ed za dodr\u017eiavanie v\u0161etk\u00fdch platn\u00fdch miestnych z\u00e1konov. Ak nes\u00fahlas\u00edte s niektorou z t\u00fdchto podmienok, je v\u00e1m zak\u00e1zan\u00e9 pou\u017e\u00edva\u0165 t\u00fato str\u00e1nku alebo k nej pristupova\u0165. Materi\u00e1ly obsiahnut\u00e9 na tejto webovej str\u00e1nke s\u00fa chr\u00e1nen\u00e9 platn\u00fdmi z\u00e1konmi o autorsk\u00fdch pr\u00e1vach a ochrann\u00fdch zn\u00e1mkach.<\/p>\n\n\n\n<h3 class=\"wp-block-heading\" id=\"2-uso-de-licenca\">2. Pou\u017e\u00edvanie licencie<\/h3>\n\n\n\n<p>Ude\u013euje sa povolenie na do\u010dasn\u00e9 stiahnutie jednej k\u00f3pie materi\u00e1lov (inform\u00e1ci\u00ed alebo softv\u00e9ru) z webovej str\u00e1nky ArtigoNews len na osobn\u00e9, nekomer\u010dn\u00e9 a prechodn\u00e9 prezeranie. Ide o udelenie licencie, nie o prevod vlastn\u00edctva, a na z\u00e1klade tejto licencie nesmiete:&nbsp;<\/p>\n\n\n\n<ol class=\"wp-block-list\">\n<li>upravova\u0165 alebo kop\u00edrova\u0165 materi\u00e1ly;&nbsp;<\/li>\n\n\n\n<li>Pou\u017e\u00edva\u0165 materi\u00e1ly na ak\u00fdko\u013evek komer\u010dn\u00fd \u00fa\u010del alebo na verejn\u00e9 vystavenie (komer\u010dn\u00e9 alebo nekomer\u010dn\u00e9);&nbsp;<\/li>\n\n\n\n<li>Pokus o dekompil\u00e1ciu alebo sp\u00e4tn\u00e9 analyzovanie ak\u00e9hoko\u013evek softv\u00e9ru nach\u00e1dzaj\u00faceho sa na webovej str\u00e1nke ArtigoNews; ;&nbsp;<\/li>\n\n\n\n<li>odstr\u00e1ni\u0165 z materi\u00e1lov ak\u00e9ko\u013evek autorsk\u00e9 pr\u00e1va alebo in\u00e9 vlastn\u00edcke pozn\u00e1mky; alebo&nbsp;<\/li>\n\n\n\n<li>Preneste materi\u00e1ly na in\u00fa osobu alebo ich \u2018zrkadlite\u2019 na akomko\u013evek inom serveri.<\/li>\n<\/ol>\n\n\n\n<p>T\u00e1to licencia automaticky zanikne, ak poru\u0161\u00edte ktor\u00e9ko\u013evek z t\u00fdchto obmedzen\u00ed, a spolo\u010dnos\u0165 ArtigoNews ju m\u00f4\u017ee kedyko\u013evek ukon\u010di\u0165. Po ukon\u010den\u00ed prezerania t\u00fdchto materi\u00e1lov alebo po ukon\u010den\u00ed tejto licencie mus\u00edte zni\u010di\u0165 v\u0161etky stiahnut\u00e9 materi\u00e1ly, ktor\u00e9 m\u00e1te k dispoz\u00edcii, \u010di u\u017e v elektronickej alebo tla\u010denej forme.<\/p>\n\n\n\n<h3 class=\"wp-block-heading\" id=\"3-isencao-de-responsabilidade\">3. Vyhl\u00e1senie o odmietnut\u00ed zodpovednosti<\/h3>\n\n\n\n<ol class=\"wp-block-list\">\n<li>Materi\u00e1ly na webovej str\u00e1nke ArtigoNews s\u00fa poskytovan\u00e9 \u2018tak, ako s\u00fa\u2019. ArtigoNews neposkytuje \u017eiadne z\u00e1ruky, v\u00fdslovn\u00e9 ani implicitn\u00e9, a t\u00fdmto sa zrieka a popiera v\u0161etky ostatn\u00e9 z\u00e1ruky vr\u00e1tane, okrem in\u00e9ho, implicitn\u00fdch z\u00e1ruk alebo podmienok predajnosti, vhodnosti na konkr\u00e9tny \u00fa\u010del alebo neporu\u0161enia du\u0161evn\u00e9ho vlastn\u00edctva alebo in\u00e9ho poru\u0161enia pr\u00e1v.<\/li>\n\n\n\n<li>Okrem toho spolo\u010dnos\u0165 ArtigoNews nezaru\u010duje ani neposkytuje \u017eiadne vyhl\u00e1senia t\u00fdkaj\u00face sa presnosti, pravdepodobn\u00fdch v\u00fdsledkov alebo spo\u013eahlivosti pou\u017eitia materi\u00e1lov na svojej webovej str\u00e1nke alebo inak s\u00favisiacich s tak\u00fdmito materi\u00e1lmi alebo na ak\u00fdchko\u013evek str\u00e1nkach prepojen\u00fdch s touto str\u00e1nkou.<\/li>\n<\/ol>\n\n\n\n<h3 class=\"wp-block-heading\" id=\"4-limitacoes\">4. Obmedzenia<\/h3>\n\n\n\n<p>Spolo\u010dnos\u0165 ArtigoNews ani jej dod\u00e1vatelia v \u017eiadnom pr\u00edpade nenes\u00fa zodpovednos\u0165 za \u017eiadne \u0161kody (vr\u00e1tane, okrem in\u00e9ho, \u200b\u200b\u0161k\u00f4d sp\u00f4soben\u00fdch stratou \u00fadajov alebo zisku alebo \u0161k\u00f4d sp\u00f4soben\u00fdch preru\u0161en\u00edm podnikania) vypl\u00fdvaj\u00face z pou\u017e\u00edvania alebo neschopnosti pou\u017e\u00edva\u0165 materi\u00e1ly na str\u00e1nke ArtigoNews, a to ani v pr\u00edpade, \u017ee spolo\u010dnos\u0165 ArtigoNews alebo opr\u00e1vnen\u00fd z\u00e1stupca spolo\u010dnosti ArtigoNews boli \u00fastne alebo p\u00edsomne \u200b\u200bupozornen\u00ed na mo\u017enos\u0165 vzniku tak\u00fdchto \u0161k\u00f4d. Ke\u010f\u017ee niektor\u00e9 jurisdikcie nepovo\u013euj\u00fa obmedzenia implicitn\u00fdch z\u00e1ruk ani obmedzenia zodpovednosti za n\u00e1sledn\u00e9 alebo n\u00e1hodn\u00e9 \u0161kody, tieto obmedzenia sa na v\u00e1s nemusia vz\u0165ahova\u0165.<\/p>\n\n\n\n<h3 class=\"wp-block-heading\" id=\"5-precisao-dos-materiais\">5. Presnos\u0165 materi\u00e1lov<\/h3>\n\n\n\n<p>Materi\u00e1ly zobrazen\u00e9 na webovej str\u00e1nke ArtigoNews m\u00f4\u017eu obsahova\u0165 technick\u00e9, typografick\u00e9 alebo fotografick\u00e9 chyby. ArtigoNews nezaru\u010duje, \u017ee ak\u00fdko\u013evek materi\u00e1l na jej webovej str\u00e1nke je presn\u00fd, \u00fapln\u00fd alebo aktu\u00e1lny. ArtigoNews m\u00f4\u017ee kedyko\u013evek bez predch\u00e1dzaj\u00faceho upozornenia vykona\u0165 zmeny v materi\u00e1loch uveden\u00fdch na jej webovej str\u00e1nke. ArtigoNews sa v\u0161ak nezav\u00e4zuje k aktualiz\u00e1cii materi\u00e1lov.<\/p>\n\n\n\n<h3 class=\"wp-block-heading\" id=\"6-links\">6. Odkazy<\/h3>\n\n\n\n<p>Spolo\u010dnos\u0165 ArtigoNews nepresk\u00famala v\u0161etky str\u00e1nky prepojen\u00e9 s jej webovou str\u00e1nkou a nezodpoved\u00e1 za obsah \u017eiadnej prepojenej str\u00e1nky. Zahrnutie ak\u00e9hoko\u013evek odkazu neznamen\u00e1 schv\u00e1lenie str\u00e1nky spolo\u010dnos\u0165ou ArtigoNews. Pou\u017e\u00edvanie akejko\u013evek prepojenej webovej str\u00e1nky je na vlastn\u00e9 riziko pou\u017e\u00edvate\u013ea.<\/p>\n\n\n\n<h3 class=\"wp-block-heading\" id=\"modificacoes\">\u00dapravy<\/h3>\n\n\n\n<p>Spolo\u010dnos\u0165 ArtigoNews si vyhradzuje pr\u00e1vo kedyko\u013evek bez predch\u00e1dzaj\u00faceho upozornenia zmeni\u0165 tieto podmienky pou\u017e\u00edvania webovej str\u00e1nky. Pou\u017e\u00edvan\u00edm tejto webovej str\u00e1nky s\u00fahlas\u00edte s t\u00fdm, \u017ee budete viazan\u00ed aktu\u00e1lnou verziou t\u00fdchto podmienok pou\u017e\u00edvania.<\/p>\n\n\n\n<h3 class=\"wp-block-heading\" id=\"lei-aplicavel\">Rozhodn\u00e9 pr\u00e1vo<\/h3>\n\n\n\n<p>Tieto zmluvn\u00e9 podmienky sa riadia a vykladaj\u00fa v s\u00falade so z\u00e1konmi spolo\u010dnosti ArtigoNews a neodvolate\u013ene sa podria\u010fujete v\u00fdlu\u010dnej jurisdikcii s\u00fadov v danom \u0161t\u00e1te alebo lokalite.<\/p>","protected":false},"excerpt":{"rendered":"<p>1. Termos Ao acessar ao site ArtigoNews, concorda em cumprir estes termos de servi\u00e7o, todas as leis e regulamentos aplic\u00e1veis \u200b\u200be concorda que \u00e9 respons\u00e1vel pelo cumprimento de todas as leis locais aplic\u00e1veis. Se voc\u00ea n\u00e3o concordar com algum desses termos, est\u00e1 proibido de usar ou acessar este site. Os materiais contidos neste site s\u00e3o [&hellip;]<\/p>\n","protected":false},"author":1,"featured_media":0,"parent":0,"menu_order":0,"comment_status":"closed","ping_status":"closed","template":"","meta":{"footnotes":""},"class_list":["post-340","page","type-page","status-publish"],"_links":{"self":[{"href":"https:\/\/artigonews.com\/sk\/wp-json\/wp\/v2\/pages\/340","targetHints":{"allow":["GET"]}}],"collection":[{"href":"https:\/\/artigonews.com\/sk\/wp-json\/wp\/v2\/pages"}],"about":[{"href":"https:\/\/artigonews.com\/sk\/wp-json\/wp\/v2\/types\/page"}],"author":[{"embeddable":true,"href":"https:\/\/artigonews.com\/sk\/wp-json\/wp\/v2\/users\/1"}],"replies":[{"embeddable":true,"href":"https:\/\/artigonews.com\/sk\/wp-json\/wp\/v2\/comments?post=340"}],"version-history":[{"count":2,"href":"https:\/\/artigonews.com\/sk\/wp-json\/wp\/v2\/pages\/340\/revisions"}],"predecessor-version":[{"id":350,"href":"https:\/\/artigonews.com\/sk\/wp-json\/wp\/v2\/pages\/340\/revisions\/350"}],"wp:attachment":[{"href":"https:\/\/artigonews.com\/sk\/wp-json\/wp\/v2\/media?parent=340"}],"curies":[{"name":"pracovn\u00fd list","href":"https:\/\/api.w.org\/{rel}","templated":true}]}}