{"id":344,"date":"2026-03-04T04:06:07","date_gmt":"2026-03-04T04:06:07","guid":{"rendered":"https:\/\/artigonews.com\/?page_id=344"},"modified":"2026-03-04T04:06:07","modified_gmt":"2026-03-04T04:06:07","slug":"kto-sme","status":"publish","type":"page","link":"https:\/\/artigonews.com\/sk\/quem-somos\/","title":{"rendered":"Kto sme"},"content":{"rendered":"<p>My sme <strong>\u010cl\u00e1nokNovinky<\/strong>, webov\u00e1 str\u00e1nka vytvoren\u00e1 pre t\u00fdch, ktor\u00ed radi zost\u00e1vaj\u00fa informovan\u00ed o dian\u00ed v digit\u00e1lnom svete \u2013 jednoduch\u00fdm, priamym a aktu\u00e1lnym sp\u00f4sobom.<\/p>\n\n\n\n<p>Tu n\u00e1jdete obsah o <strong>Aplik\u00e1cie<\/strong>, s n\u00e1vrhmi a anal\u00fdzami, ktor\u00e9 v\u00e1m pom\u00f4\u017eu vybra\u0165 si u\u017eito\u010dn\u00e9 n\u00e1stroje na ka\u017edodenn\u00e9 pou\u017eitie, ako aj sprievodcov a odpor\u00fa\u010dan\u00ed, ako \u010do najlep\u0161ie vyu\u017ei\u0165 ka\u017ed\u00fa aplik\u00e1ciu. Hovor\u00edme aj o <strong>Technol\u00f3gia<\/strong>, Prin\u00e1\u0161a trendy, novinky a vysvetlenia jednoduch\u00fdm sp\u00f4sobom, aby im porozumel ka\u017ed\u00fd.<\/p>\n\n\n\n<p>V ArtigoNews si tie\u017e radi objavujeme. <strong>Zauj\u00edmav\u00e9 fakty<\/strong> (najm\u00e4 tie technologick\u00e9), tie zauj\u00edmav\u00e9 inform\u00e1cie, ktor\u00e9 ste pravdepodobne nevedeli \u2013 a ktor\u00e9 v\u00e1s n\u00fatia pozrie\u0165 sa na svoj mobiln\u00fd telef\u00f3n a internet in\u00fdm sp\u00f4sobom. A samozrejme, m\u00e1me oblas\u0165 pln\u00fa <strong>Tipy<\/strong> Tipy na u\u013eah\u010denie \u017eivota: od trikov so smartf\u00f3nmi a\u017e po sp\u00f4soby, ako lep\u0161ie usporiada\u0165 aplik\u00e1cie, zlep\u0161i\u0165 v\u00fdkon a pou\u017e\u00edva\u0165 skryt\u00e9 funkcie.<\/p>\n\n\n\n<p>A aby sme to dokon\u010dili, preberieme <strong>Hry<\/strong>, s obsahom pre t\u00fdch, ktor\u00ed hraj\u00fa na mobile, PC alebo konzole: novinky, trendy, zoznamy a odpor\u00fa\u010dania, aby ste zistili, \u010do sa oplat\u00ed hra\u0165.<\/p>\n\n\n\n<p>Na\u0161\u00edm cie\u013eom je by\u0165 spo\u013eahliv\u00fdm a u\u017e\u00edvate\u013esky pr\u00edvetiv\u00fdm port\u00e1lom s obsahom, ktor\u00fd informuje, pom\u00e1ha a zab\u00e1va \u2013 v\u017edy s pou\u017eit\u00edm pr\u00edstupn\u00e9ho jazyka a so zameran\u00edm na to, na \u010dom skuto\u010dne z\u00e1le\u017e\u00ed.<\/p>\n\n\n\n<p>Vitajte na <strong>\u010cl\u00e1nokNovinky<\/strong>. \ud83d\ude80<\/p>","protected":false},"excerpt":{"rendered":"<p>Somos o ArtigoNews, um site criado para quem gosta de estar sempre por dentro do que acontece no mundo digital \u2014 de um jeito simples, direto e atualizado. Aqui voc\u00ea encontra conte\u00fados sobre Aplicativos, com sugest\u00f5es e an\u00e1lises para ajudar a escolher ferramentas \u00fateis no dia a dia, al\u00e9m de guias e recomenda\u00e7\u00f5es para aproveitar [&hellip;]<\/p>\n","protected":false},"author":1,"featured_media":0,"parent":0,"menu_order":0,"comment_status":"closed","ping_status":"closed","template":"","meta":{"footnotes":""},"class_list":["post-344","page","type-page","status-publish"],"_links":{"self":[{"href":"https:\/\/artigonews.com\/sk\/wp-json\/wp\/v2\/pages\/344","targetHints":{"allow":["GET"]}}],"collection":[{"href":"https:\/\/artigonews.com\/sk\/wp-json\/wp\/v2\/pages"}],"about":[{"href":"https:\/\/artigonews.com\/sk\/wp-json\/wp\/v2\/types\/page"}],"author":[{"embeddable":true,"href":"https:\/\/artigonews.com\/sk\/wp-json\/wp\/v2\/users\/1"}],"replies":[{"embeddable":true,"href":"https:\/\/artigonews.com\/sk\/wp-json\/wp\/v2\/comments?post=344"}],"version-history":[{"count":1,"href":"https:\/\/artigonews.com\/sk\/wp-json\/wp\/v2\/pages\/344\/revisions"}],"predecessor-version":[{"id":345,"href":"https:\/\/artigonews.com\/sk\/wp-json\/wp\/v2\/pages\/344\/revisions\/345"}],"wp:attachment":[{"href":"https:\/\/artigonews.com\/sk\/wp-json\/wp\/v2\/media?parent=344"}],"curies":[{"name":"pracovn\u00fd list","href":"https:\/\/api.w.org\/{rel}","templated":true}]}}