{"id":340,"date":"2026-03-04T04:03:25","date_gmt":"2026-03-04T04:03:25","guid":{"rendered":"https:\/\/artigonews.com\/?page_id=340"},"modified":"2026-03-04T04:08:09","modified_gmt":"2026-03-04T04:08:09","slug":"pogoji-uporabe","status":"publish","type":"page","link":"https:\/\/artigonews.com\/sl\/termos-de-uso\/","title":{"rendered":"Pogoji uporabe"},"content":{"rendered":"<h3 class=\"wp-block-heading\" id=\"1-termos\">1. Pogoji<\/h3>\n\n\n\n<p>Pri dostopu do spletnega mesta <a href=\"https:\/\/artigonews.com\/sl\/\">\u010clanekNovice<\/a>, Z uporabo te spletne strani se strinjate, da vas zavezujejo ti pogoji storitve, vsi veljavni zakoni in predpisi ter da ste odgovorni za skladnost z vsemi veljavnimi lokalnimi zakoni. \u010ce se s katerim koli od teh pogojev ne strinjate, vam je uporaba ali dostop do te spletne strani prepovedana. Gradiva na tej spletni strani so za\u0161\u010ditena z veljavnimi zakoni o avtorskih pravicah in blagovnih znamkah.<\/p>\n\n\n\n<h3 class=\"wp-block-heading\" id=\"2-uso-de-licenca\">2. Uporaba licence<\/h3>\n\n\n\n<p>Dovoljeno je za\u010dasno prenesti eno kopijo gradiva (informacij ali programske opreme) s spletnega mesta ArtigoNews samo za osebni, nekomercialni in prehodni ogled. To je podelitev licence, ne prenos lastni\u0161tva, in v skladu s to licenco ne smete:&nbsp;<\/p>\n\n\n\n<ol class=\"wp-block-list\">\n<li>spreminjati ali kopirati gradiva;&nbsp;<\/li>\n\n\n\n<li>Uporabljati gradiva za kakr\u0161en koli komercialni namen ali za javno prikazovanje (komercialno ali nekomercialno);&nbsp;<\/li>\n\n\n\n<li>Poskus dekompilacije ali obratnega in\u017eeniringa katere koli programske opreme, ki je na voljo na spletnem mestu ArtigoNews; ;&nbsp;<\/li>\n\n\n\n<li>odstraniti vse avtorske pravice ali druge lastni\u0161ke oznake iz gradiv; ali&nbsp;<\/li>\n\n\n\n<li>Prenesite gradiva na drugo osebo ali jih \u2018zrcalite\u2019 na katerem koli drugem stre\u017eniku.<\/li>\n<\/ol>\n\n\n\n<p>Ta licenca bo samodejno prenehala veljati, \u010de kr\u0161ite katero koli od teh omejitev, in jo lahko ArtigoNews kadar koli prekine. Po prenehanju ogleda teh gradiv ali po prenehanju te licence morate uni\u010diti vsa prenesena gradiva, ki jih imate v lasti, bodisi v elektronski bodisi v tiskani obliki.<\/p>\n\n\n\n<h3 class=\"wp-block-heading\" id=\"3-isencao-de-responsabilidade\">3. Izjava o omejitvi odgovornosti<\/h3>\n\n\n\n<ol class=\"wp-block-list\">\n<li>Gradiva na spletni strani ArtigoNews so na voljo \u2018tak\u0161na, kot so\u2019. ArtigoNews ne daje nobenih jamstev, izrecnih ali implicitnih, in s tem zavra\u010da in zanika vsa druga jamstva, vklju\u010dno z, vendar ne omejeno na, implicitna jamstva ali pogoje prodajnosti, primernosti za dolo\u010den namen ali nekr\u0161itve intelektualne lastnine ali druge kr\u0161itve pravic.<\/li>\n\n\n\n<li>Poleg tega ArtigoNews ne jam\u010di ali daje nobenih zagotovil glede to\u010dnosti, verjetnih rezultatov ali zanesljivosti uporabe gradiv na svojem spletnem mestu ali kako druga\u010de povezanih s takimi gradivi ali na katerih koli spletnih mestih, povezanih s tem spletnim mestom.<\/li>\n<\/ol>\n\n\n\n<h3 class=\"wp-block-heading\" id=\"4-limitacoes\">4. Omejitve<\/h3>\n\n\n\n<p>ArtigoNews ali njegovi dobavitelji v nobenem primeru ne odgovarjajo za kakr\u0161no koli \u0161kodo (vklju\u010dno z, vendar ne omejeno na, \u0161kodo zaradi izgube podatkov ali dobi\u010dka ali zaradi prekinitve poslovanja), ki bi nastala zaradi uporabe ali nezmo\u017enosti uporabe gradiv na ArtigoNews, tudi \u010de je bil ArtigoNews ali poobla\u0161\u010deni zastopnik ArtigoNews ustno ali pisno obve\u0161\u010den o mo\u017enosti tak\u0161ne \u0161kode. Ker nekatere jurisdikcije ne dovoljujejo omejitev implicitnih jamstev ali omejitev odgovornosti za posledi\u010dno ali naklju\u010dno \u0161kodo, te omejitve morda ne veljajo za vas.<\/p>\n\n\n\n<h3 class=\"wp-block-heading\" id=\"5-precisao-dos-materiais\">5. Natan\u010dnost materialov<\/h3>\n\n\n\n<p>Gradiva, prikazana na spletni strani ArtigoNews, lahko vsebujejo tehni\u010dne, tipografske ali fotografske napake. ArtigoNews ne jam\u010di za to\u010dnost, popolnost ali a\u017eurnost gradiv na spletni strani. ArtigoNews lahko kadar koli brez predhodnega obvestila spremeni gradiva na svoji spletni strani. Vendar se ArtigoNews ne zavezuje k posodabljanju gradiv.<\/p>\n\n\n\n<h3 class=\"wp-block-heading\" id=\"6-links\">6. Povezave<\/h3>\n\n\n\n<p>ArtigoNews ni pregledal vseh spletnih mest, povezanih z njegovim spletnim mestom, in ni odgovoren za vsebino nobenega povezanega spletnega mesta. Vklju\u010ditev katere koli povezave ne pomeni, da ArtigoNews odobrava to spletno mesto. Uporaba katerega koli povezanega spletnega mesta je na lastno odgovornost uporabnika.<\/p>\n\n\n\n<h3 class=\"wp-block-heading\" id=\"modificacoes\">Spremembe<\/h3>\n\n\n\n<p>ArtigoNews lahko kadar koli spremeni te pogoje uporabe spletnega mesta brez predhodnega obvestila. Z uporabo tega spletnega mesta se strinjate, da vas zavezuje trenutna razli\u010dica teh pogojev uporabe.<\/p>\n\n\n\n<h3 class=\"wp-block-heading\" id=\"lei-aplicavel\">Veljavno pravo<\/h3>\n\n\n\n<p>Te pogoje poslovanja ureja in razlaga zakonodaja ArtigoNews, vi pa se nepreklicno podrejate izklju\u010dni pristojnosti sodi\u0161\u010d v tej dr\u017eavi ali kraju.<\/p>","protected":false},"excerpt":{"rendered":"<p>1. Termos Ao acessar ao site ArtigoNews, concorda em cumprir estes termos de servi\u00e7o, todas as leis e regulamentos aplic\u00e1veis \u200b\u200be concorda que \u00e9 respons\u00e1vel pelo cumprimento de todas as leis locais aplic\u00e1veis. Se voc\u00ea n\u00e3o concordar com algum desses termos, est\u00e1 proibido de usar ou acessar este site. Os materiais contidos neste site s\u00e3o [&hellip;]<\/p>\n","protected":false},"author":1,"featured_media":0,"parent":0,"menu_order":0,"comment_status":"closed","ping_status":"closed","template":"","meta":{"footnotes":""},"class_list":["post-340","page","type-page","status-publish"],"_links":{"self":[{"href":"https:\/\/artigonews.com\/sl\/wp-json\/wp\/v2\/pages\/340","targetHints":{"allow":["GET"]}}],"collection":[{"href":"https:\/\/artigonews.com\/sl\/wp-json\/wp\/v2\/pages"}],"about":[{"href":"https:\/\/artigonews.com\/sl\/wp-json\/wp\/v2\/types\/page"}],"author":[{"embeddable":true,"href":"https:\/\/artigonews.com\/sl\/wp-json\/wp\/v2\/users\/1"}],"replies":[{"embeddable":true,"href":"https:\/\/artigonews.com\/sl\/wp-json\/wp\/v2\/comments?post=340"}],"version-history":[{"count":2,"href":"https:\/\/artigonews.com\/sl\/wp-json\/wp\/v2\/pages\/340\/revisions"}],"predecessor-version":[{"id":350,"href":"https:\/\/artigonews.com\/sl\/wp-json\/wp\/v2\/pages\/340\/revisions\/350"}],"wp:attachment":[{"href":"https:\/\/artigonews.com\/sl\/wp-json\/wp\/v2\/media?parent=340"}],"curies":[{"name":"delovni list","href":"https:\/\/api.w.org\/{rel}","templated":true}]}}