{"id":344,"date":"2026-03-04T04:06:07","date_gmt":"2026-03-04T04:06:07","guid":{"rendered":"https:\/\/artigonews.com\/?page_id=344"},"modified":"2026-03-04T04:06:07","modified_gmt":"2026-03-04T04:06:07","slug":"kdo-smo","status":"publish","type":"page","link":"https:\/\/artigonews.com\/sl\/quem-somos\/","title":{"rendered":"Kdo smo"},"content":{"rendered":"<p>Mi smo <strong>\u010clanekNovice<\/strong>, spletna stran, ustvarjena za tiste, ki radi ostanejo na teko\u010dem z dogajanjem v digitalnem svetu \u2013 na preprost, neposreden in aktualen na\u010din.<\/p>\n\n\n\n<p>Tukaj boste na\u0161li vsebino o <strong>Aplikacije<\/strong>, s predlogi in analizami, ki vam bodo pomagale izbrati uporabna orodja za vsakodnevno uporabo, ter vodniki in priporo\u010dili, kako kar najbolje izkoristiti posamezno aplikacijo. Govorimo tudi o <strong>Tehnologija<\/strong>, Predstavljanje trendov, novic in razlag na preprost na\u010din, da jih lahko razume vsak.<\/p>\n\n\n\n<p>Pri ArtigoNews tudi mi u\u017eivamo v raziskovanju. <strong>Zanimiva dejstva<\/strong> (zlasti tehnolo\u0161kih), tiste zanimive informacije, ki jih verjetno niste poznali \u2013 in zaradi katerih na svoj mobilni telefon in internet gledate druga\u010de. In seveda imamo podro\u010dje, polno <strong>Nasveti<\/strong> Nasveti za la\u017eje \u017eivljenje: od trikov s pametnimi telefoni do na\u010dinov za bolj\u0161o organizacijo aplikacij, izbolj\u0161anje delovanja in uporabo skritih funkcij.<\/p>\n\n\n\n<p>In za zaklju\u010dek pokrivamo <strong>Igre<\/strong>, z vsebino za tiste, ki igrajo na mobilnih napravah, ra\u010dunalnikih ali konzolah: novice, trendi, seznami in priporo\u010dila, s katerimi boste odkrili, kaj se spla\u010da igrati.<\/p>\n\n\n\n<p>Na\u0161 cilj je biti zanesljiv in uporabniku prijazen portal z vsebino, ki obve\u0161\u010da, pomaga in zabava \u2013 vedno z uporabo dostopnega jezika in s poudarkom na tem, kar je resni\u010dno pomembno.<\/p>\n\n\n\n<p>Dobrodo\u0161li v <strong>\u010clanekNovice<\/strong>. \ud83d\ude80<\/p>","protected":false},"excerpt":{"rendered":"<p>Somos o ArtigoNews, um site criado para quem gosta de estar sempre por dentro do que acontece no mundo digital \u2014 de um jeito simples, direto e atualizado. Aqui voc\u00ea encontra conte\u00fados sobre Aplicativos, com sugest\u00f5es e an\u00e1lises para ajudar a escolher ferramentas \u00fateis no dia a dia, al\u00e9m de guias e recomenda\u00e7\u00f5es para aproveitar [&hellip;]<\/p>\n","protected":false},"author":1,"featured_media":0,"parent":0,"menu_order":0,"comment_status":"closed","ping_status":"closed","template":"","meta":{"footnotes":""},"class_list":["post-344","page","type-page","status-publish"],"_links":{"self":[{"href":"https:\/\/artigonews.com\/sl\/wp-json\/wp\/v2\/pages\/344","targetHints":{"allow":["GET"]}}],"collection":[{"href":"https:\/\/artigonews.com\/sl\/wp-json\/wp\/v2\/pages"}],"about":[{"href":"https:\/\/artigonews.com\/sl\/wp-json\/wp\/v2\/types\/page"}],"author":[{"embeddable":true,"href":"https:\/\/artigonews.com\/sl\/wp-json\/wp\/v2\/users\/1"}],"replies":[{"embeddable":true,"href":"https:\/\/artigonews.com\/sl\/wp-json\/wp\/v2\/comments?post=344"}],"version-history":[{"count":1,"href":"https:\/\/artigonews.com\/sl\/wp-json\/wp\/v2\/pages\/344\/revisions"}],"predecessor-version":[{"id":345,"href":"https:\/\/artigonews.com\/sl\/wp-json\/wp\/v2\/pages\/344\/revisions\/345"}],"wp:attachment":[{"href":"https:\/\/artigonews.com\/sl\/wp-json\/wp\/v2\/media?parent=344"}],"curies":[{"name":"delovni list","href":"https:\/\/api.w.org\/{rel}","templated":true}]}}