{"id":344,"date":"2026-03-04T04:06:07","date_gmt":"2026-03-04T04:06:07","guid":{"rendered":"https:\/\/artigonews.com\/?page_id=344"},"modified":"2026-03-04T04:06:07","modified_gmt":"2026-03-04T04:06:07","slug":"quem-somos","status":"publish","type":"page","link":"https:\/\/artigonews.com\/th\/quem-somos\/","title":{"rendered":"\u0e1e\u0e27\u0e01\u0e40\u0e23\u0e32\u0e04\u0e37\u0e2d\u0e43\u0e04\u0e23"},"content":{"rendered":"<p>Somos o <strong>\u0e1a\u0e17\u0e04\u0e27\u0e32\u0e21\u0e02\u0e48\u0e32\u0e27<\/strong>, um site criado para quem gosta de estar sempre por dentro do que acontece no mundo digital \u2014 de um jeito simples, direto e atualizado.<\/p>\n\n\n\n<p>Aqui voc\u00ea encontra conte\u00fados sobre <strong>\u0e41\u0e2d\u0e1b\u0e1e\u0e25\u0e34\u0e40\u0e04\u0e0a\u0e31\u0e19<\/strong>, com sugest\u00f5es e an\u00e1lises para ajudar a escolher ferramentas \u00fateis no dia a dia, al\u00e9m de guias e recomenda\u00e7\u00f5es para aproveitar melhor cada app. Tamb\u00e9m falamos de <strong>\u0e40\u0e17\u0e04\u0e42\u0e19\u0e42\u0e25\u0e22\u0e35<\/strong>, trazendo tend\u00eancias, novidades e explica\u00e7\u00f5es sem complica\u00e7\u00e3o, para qualquer pessoa entender.<\/p>\n\n\n\n<p>No ArtigoNews, a gente tamb\u00e9m curte explorar <strong>\u0e02\u0e49\u0e2d\u0e40\u0e17\u0e47\u0e08\u0e08\u0e23\u0e34\u0e07\u0e17\u0e35\u0e48\u0e19\u0e48\u0e32\u0e2a\u0e19\u0e43\u0e08<\/strong> (principalmente as tecnol\u00f3gicas), aquelas informa\u00e7\u00f5es interessantes que voc\u00ea provavelmente n\u00e3o sabia \u2014 e que fazem voc\u00ea olhar para o celular e a internet de outro jeito. E, claro, temos uma \u00e1rea cheia de <strong>\u0e40\u0e04\u0e25\u0e47\u0e14\u0e25\u0e31\u0e1a<\/strong> pr\u00e1ticas para facilitar a vida: desde truques no smartphone at\u00e9 formas de organizar melhor seus aplicativos, melhorar desempenho e usar recursos escondidos.<\/p>\n\n\n\n<p>E para completar, cobrimos <strong>\u0e40\u0e01\u0e21\u0e2a\u0e4c<\/strong>, com conte\u00fados para quem joga no celular, no PC ou no console: novidades, tend\u00eancias, listas e recomenda\u00e7\u00f5es para voc\u00ea descobrir o que vale a pena jogar.<\/p>\n\n\n\n<p>Nosso objetivo \u00e9 ser um portal confi\u00e1vel e leve, com conte\u00fado que informa, ajuda e entret\u00e9m \u2014 sempre com uma linguagem acess\u00edvel e focada no que realmente importa.<\/p>\n\n\n\n<p>Seja bem-vindo ao <strong>\u0e1a\u0e17\u0e04\u0e27\u0e32\u0e21\u0e02\u0e48\u0e32\u0e27<\/strong>. \ud83d\ude80<\/p>","protected":false},"excerpt":{"rendered":"<p>Somos o ArtigoNews, um site criado para quem gosta de estar sempre por dentro do que acontece no mundo digital \u2014 de um jeito simples, direto e atualizado. Aqui voc\u00ea encontra conte\u00fados sobre Aplicativos, com sugest\u00f5es e an\u00e1lises para ajudar a escolher ferramentas \u00fateis no dia a dia, al\u00e9m de guias e recomenda\u00e7\u00f5es para aproveitar [&hellip;]<\/p>\n","protected":false},"author":1,"featured_media":0,"parent":0,"menu_order":0,"comment_status":"closed","ping_status":"closed","template":"","meta":{"footnotes":""},"class_list":["post-344","page","type-page","status-publish"],"_links":{"self":[{"href":"https:\/\/artigonews.com\/th\/wp-json\/wp\/v2\/pages\/344","targetHints":{"allow":["GET"]}}],"collection":[{"href":"https:\/\/artigonews.com\/th\/wp-json\/wp\/v2\/pages"}],"about":[{"href":"https:\/\/artigonews.com\/th\/wp-json\/wp\/v2\/types\/page"}],"author":[{"embeddable":true,"href":"https:\/\/artigonews.com\/th\/wp-json\/wp\/v2\/users\/1"}],"replies":[{"embeddable":true,"href":"https:\/\/artigonews.com\/th\/wp-json\/wp\/v2\/comments?post=344"}],"version-history":[{"count":1,"href":"https:\/\/artigonews.com\/th\/wp-json\/wp\/v2\/pages\/344\/revisions"}],"predecessor-version":[{"id":345,"href":"https:\/\/artigonews.com\/th\/wp-json\/wp\/v2\/pages\/344\/revisions\/345"}],"wp:attachment":[{"href":"https:\/\/artigonews.com\/th\/wp-json\/wp\/v2\/media?parent=344"}],"curies":[{"name":"\u0e14\u0e31\u0e1a\u0e40\u0e1a\u0e34\u0e25\u0e22\u0e39\u0e1e\u0e35","href":"https:\/\/api.w.org\/{rel}","templated":true}]}}