{"id":344,"date":"2026-03-04T04:06:07","date_gmt":"2026-03-04T04:06:07","guid":{"rendered":"https:\/\/artigonews.com\/?page_id=344"},"modified":"2026-03-04T04:06:07","modified_gmt":"2026-03-04T04:06:07","slug":"kung-sino-tayo","status":"publish","type":"page","link":"https:\/\/artigonews.com\/tl\/quem-somos\/","title":{"rendered":"Sino Kami"},"content":{"rendered":"<p>Kami ang <strong>Balitang Artikulo<\/strong>, isang website na ginawa para sa mga gustong manatiling updated sa mga nangyayari sa digital na mundo \u2014 sa simple, direkta, at napapanahong paraan.<\/p>\n\n\n\n<p>Dito makikita mo ang nilalaman tungkol sa <strong>Mga Aplikasyon<\/strong>, kasama ang mga mungkahi at pagsusuri upang matulungan kang pumili ng mga kapaki-pakinabang na tool para sa pang-araw-araw na paggamit, pati na rin ang mga gabay at rekomendasyon upang masulit ang bawat app. Pinag-uusapan din natin ang tungkol sa <strong>Teknolohiya<\/strong>, Naghahatid ng mga uso, balita, at mga paliwanag sa isang direktang paraan, para maunawaan ng sinuman.<\/p>\n\n\n\n<p>Sa ArtigoNews, nasisiyahan din kami sa paggalugad. <strong>Mga kawili-wiling katotohanan<\/strong> (lalo na ang mga teknolohikal), ang mga kawili-wiling impormasyon na malamang ay hindi mo alam\u2014at nagpapaiba sa pagtingin mo sa iyong cellphone at internet. At, siyempre, mayroon tayong lugar na puno ng <strong>Mga Tip<\/strong> Mga tip para mas mapadali ang buhay: mula sa mga trick sa smartphone hanggang sa mga paraan para mas maayos na maisaayos ang iyong mga app, mapabuti ang performance, at magamit ang mga nakatagong feature.<\/p>\n\n\n\n<p>At para makumpleto, tatalakayin natin <strong>Mga Laro<\/strong>, na may nilalaman para sa mga naglalaro sa mobile, PC o console: balita, mga uso, listahan at rekomendasyon para matuklasan mo kung ano ang sulit laruin.<\/p>\n\n\n\n<p>Ang aming layunin ay maging isang maaasahan at madaling gamiting portal, na may nilalamang nagbibigay-kaalaman, nakakatulong, at nakakaaliw \u2014 palaging gumagamit ng wikang madaling maunawaan at nakatuon sa mga bagay na talagang mahalaga.<\/p>\n\n\n\n<p>Maligayang pagdating sa <strong>Balitang Artikulo<\/strong>. \ud83d\ude80<\/p>","protected":false},"excerpt":{"rendered":"<p>Somos o ArtigoNews, um site criado para quem gosta de estar sempre por dentro do que acontece no mundo digital \u2014 de um jeito simples, direto e atualizado. Aqui voc\u00ea encontra conte\u00fados sobre Aplicativos, com sugest\u00f5es e an\u00e1lises para ajudar a escolher ferramentas \u00fateis no dia a dia, al\u00e9m de guias e recomenda\u00e7\u00f5es para aproveitar [&hellip;]<\/p>\n","protected":false},"author":1,"featured_media":0,"parent":0,"menu_order":0,"comment_status":"closed","ping_status":"closed","template":"","meta":{"footnotes":""},"class_list":["post-344","page","type-page","status-publish"],"_links":{"self":[{"href":"https:\/\/artigonews.com\/tl\/wp-json\/wp\/v2\/pages\/344","targetHints":{"allow":["GET"]}}],"collection":[{"href":"https:\/\/artigonews.com\/tl\/wp-json\/wp\/v2\/pages"}],"about":[{"href":"https:\/\/artigonews.com\/tl\/wp-json\/wp\/v2\/types\/page"}],"author":[{"embeddable":true,"href":"https:\/\/artigonews.com\/tl\/wp-json\/wp\/v2\/users\/1"}],"replies":[{"embeddable":true,"href":"https:\/\/artigonews.com\/tl\/wp-json\/wp\/v2\/comments?post=344"}],"version-history":[{"count":1,"href":"https:\/\/artigonews.com\/tl\/wp-json\/wp\/v2\/pages\/344\/revisions"}],"predecessor-version":[{"id":345,"href":"https:\/\/artigonews.com\/tl\/wp-json\/wp\/v2\/pages\/344\/revisions\/345"}],"wp:attachment":[{"href":"https:\/\/artigonews.com\/tl\/wp-json\/wp\/v2\/media?parent=344"}],"curies":[{"name":"wp","href":"https:\/\/api.w.org\/{rel}","templated":true}]}}