{"id":338,"date":"2026-03-04T04:02:45","date_gmt":"2026-03-04T04:02:45","guid":{"rendered":"https:\/\/artigonews.com\/?page_id=338"},"modified":"2026-03-04T04:08:10","modified_gmt":"2026-03-04T04:08:10","slug":"gizlilik-politikasi","status":"publish","type":"page","link":"https:\/\/artigonews.com\/tr\/politica-de-privacidade\/","title":{"rendered":"Gizlilik Politikas\u0131"},"content":{"rendered":"<p>Gizlili\u011finiz bizim i\u00e7in \u00f6nemlidir. ArtigoNews&#039;in politikas\u0131, web sitesinde sizden toplayabilece\u011fimiz her t\u00fcrl\u00fc bilgiye ili\u015fkin gizlili\u011finize sayg\u0131 duymakt\u0131r. <a href=\"https:\/\/artigonews.com\/tr\/\">ArtigoNews.com<\/a>, ve sahip oldu\u011fumuz ve i\u015fletti\u011fimiz di\u011fer web siteleri.<\/p>\n\n\n\n<p>Ki\u015fisel bilgilerinizi yaln\u0131zca size bir hizmet sunmak i\u00e7in ger\u00e7ekten ihtiya\u00e7 duydu\u011fumuzda talep ederiz. Bunu adil ve yasal bir \u015fekilde, sizin bilginiz ve onay\u0131n\u0131zla yapar\u0131z. Ayr\u0131ca, neden toplad\u0131\u011f\u0131m\u0131z\u0131 ve nas\u0131l kullan\u0131laca\u011f\u0131n\u0131 da size bildiririz.<\/p>\n\n\n\n<p>Toplad\u0131\u011f\u0131m\u0131z bilgileri yaln\u0131zca talep edilen hizmeti sa\u011flamak i\u00e7in gerekli oldu\u011fu s\u00fcre boyunca sakl\u0131yoruz. Verileri saklarken, kay\u0131p ve h\u0131rs\u0131zl\u0131\u011f\u0131, ayr\u0131ca yetkisiz eri\u015fimi, if\u015fay\u0131, kopyalamay\u0131, kullan\u0131m\u0131 veya de\u011fi\u015ftirmeyi \u00f6nlemek i\u00e7in ticari olarak kabul edilebilir y\u00f6ntemlerle koruyoruz.<\/p>\n\n\n\n<p>Kanunen zorunlu haller d\u0131\u015f\u0131nda, ki\u015fisel olarak tan\u0131mlanabilir bilgileri kamuoyuyla veya \u00fc\u00e7\u00fcnc\u00fc taraflarla payla\u015fm\u0131yoruz.<\/p>\n\n\n\n<p>Web sitemiz, bizim taraf\u0131m\u0131zdan i\u015fletilmeyen harici sitelere ba\u011flant\u0131lar i\u00e7erebilir. Bu sitelerin i\u00e7eri\u011fi ve uygulamalar\u0131 \u00fczerinde hi\u00e7bir kontrol\u00fcm\u00fcz olmad\u0131\u011f\u0131n\u0131 ve ilgili gizlilik politikalar\u0131ndan sorumlu tutulamayaca\u011f\u0131m\u0131z\u0131 l\u00fctfen unutmay\u0131n.<\/p>\n\n\n\n<p>Ki\u015fisel bilgilerinizi payla\u015fma talebimizi reddetmekte \u00f6zg\u00fcrs\u00fcn\u00fcz; ancak bu durumda istedi\u011finiz baz\u0131 hizmetleri sa\u011flayamayabilece\u011fimizi l\u00fctfen unutmay\u0131n.<\/p>\n\n\n\n<p>Web sitemizi kullanmaya devam etmeniz, gizlilik ve ki\u015fisel bilgilerle ilgili uygulamalar\u0131m\u0131z\u0131 kabul etti\u011finiz anlam\u0131na gelecektir. Kullan\u0131c\u0131 verilerini ve ki\u015fisel bilgileri nas\u0131l i\u015fledi\u011fimizle ilgili herhangi bir sorunuz varsa, l\u00fctfen bizimle ileti\u015fime ge\u00e7in.<\/p>\n\n\n\n<h3 class=\"wp-block-heading\" id=\"politica-de-cookies-Ler Artigos\">\u00c7erez Politikas\u0131 MakalesiHaberler<\/h3>\n\n\n\n<h3 class=\"wp-block-heading\" id=\"o-que-sao-cookies\">\u00c7erezler nedir?<\/h3>\n\n\n\n<p>Hemen hemen t\u00fcm profesyonel web sitelerinde oldu\u011fu gibi, bu site de deneyiminizi iyile\u015ftirmek i\u00e7in bilgisayar\u0131n\u0131za indirilen k\u00fc\u00e7\u00fck dosyalar olan \u00e7erezleri kullanmaktad\u0131r. Bu sayfada, \u00e7erezlerin hangi bilgileri toplad\u0131\u011f\u0131, bunlar\u0131 nas\u0131l kulland\u0131\u011f\u0131m\u0131z ve neden bazen bu \u00e7erezleri saklamam\u0131z gerekti\u011fi a\u00e7\u0131klanmaktad\u0131r. Ayr\u0131ca, bu \u00e7erezlerin saklanmas\u0131n\u0131 nas\u0131l engelleyebilece\u011finizi de payla\u015faca\u011f\u0131z; ancak bu, sitenin i\u015flevselli\u011finin baz\u0131 unsurlar\u0131n\u0131 d\u00fc\u015f\u00fcrebilir veya &quot;bozabilir&quot;.<\/p>\n\n\n\n<h3 class=\"wp-block-heading\" id=\"como-usamos-os-cookies\">\u00c7erezleri nas\u0131l kullan\u0131yoruz?<\/h3>\n\n\n\n<p>A\u015fa\u011f\u0131da detaylar\u0131 verilen \u00e7e\u015fitli nedenlerle \u00e7erez kullan\u0131yoruz. Ne yaz\u0131k ki, \u00e7o\u011fu durumda, bu siteye ekledikleri i\u015flevselli\u011fi ve \u00f6zellikleri tamamen devre d\u0131\u015f\u0131 b\u0131rakmadan \u00e7erezleri devre d\u0131\u015f\u0131 b\u0131rakmak i\u00e7in sekt\u00f6r standard\u0131 se\u00e7enekler bulunmamaktad\u0131r. Kulland\u0131\u011f\u0131n\u0131z bir hizmeti sa\u011flamak i\u00e7in kullan\u0131l\u0131yor olmalar\u0131 ihtimaline kar\u015f\u0131, ihtiyac\u0131n\u0131z olup olmad\u0131\u011f\u0131ndan emin de\u011filseniz t\u00fcm \u00e7erezleri etkin b\u0131rakman\u0131z \u00f6nerilir.<\/p>\n\n\n\n<h3 class=\"wp-block-heading\" id=\"desativar-cookies\">\u00c7erezleri devre d\u0131\u015f\u0131 b\u0131rak<\/h3>\n\n\n\n<p>Taray\u0131c\u0131n\u0131z\u0131n ayarlar\u0131n\u0131 de\u011fi\u015ftirerek \u00e7erezlerin ayarlanmas\u0131n\u0131 engelleyebilirsiniz (bunu nas\u0131l yapaca\u011f\u0131n\u0131z konusunda taray\u0131c\u0131n\u0131z\u0131n Yard\u0131m b\u00f6l\u00fcm\u00fcne bak\u0131n). \u00c7erezleri devre d\u0131\u015f\u0131 b\u0131rakman\u0131n, bu ve ziyaret etti\u011finiz di\u011fer bir\u00e7ok web sitesinin i\u015flevselli\u011fini etkileyece\u011fini unutmay\u0131n. \u00c7erezleri devre d\u0131\u015f\u0131 b\u0131rakmak genellikle bu sitenin belirli i\u015flevlerini ve \u00f6zelliklerini de devre d\u0131\u015f\u0131 b\u0131rakacakt\u0131r. Bu nedenle, \u00e7erezleri devre d\u0131\u015f\u0131 b\u0131rakmaman\u0131z \u00f6nerilir.<\/p>\n\n\n\n<h3 class=\"wp-block-heading\" id=\"cookies-que-definimos\">Ayarlad\u0131\u011f\u0131m\u0131z \u00e7erezler<\/h3>\n\n\n\n<ul class=\"wp-block-list\">\n<li>Hesapla ilgili \u00e7erezler: Bizimle bir hesap olu\u015fturursan\u0131z, kay\u0131t s\u00fcrecini ve genel y\u00f6netimi sa\u011flamak i\u00e7in \u00e7erezler kullanaca\u011f\u0131z. Bu \u00e7erezler genellikle sistemden \u00e7\u0131k\u0131\u015f yapt\u0131\u011f\u0131n\u0131zda silinir; ancak baz\u0131 durumlarda, ayr\u0131ld\u0131ktan sonra site tercihlerinizi hat\u0131rlamak i\u00e7in kalabilirler.<\/li>\n\n\n\n<li>Giri\u015fle ilgili \u00e7erezler: Giri\u015f yapt\u0131\u011f\u0131n\u0131zda bu i\u015flemi hat\u0131rlayabilmemiz i\u00e7in \u00e7erezler kullan\u0131yoruz. Bu, yeni bir sayfay\u0131 her ziyaret etti\u011finizde tekrar giri\u015f yapman\u0131z\u0131 \u00f6nler. Bu \u00e7erezler, yaln\u0131zca giri\u015f yapt\u0131\u011f\u0131n\u0131zda k\u0131s\u0131tl\u0131 kaynaklara ve alanlara eri\u015febilmenizi sa\u011flamak i\u00e7in normalde \u00e7\u0131k\u0131\u015f yapt\u0131\u011f\u0131n\u0131zda kald\u0131r\u0131l\u0131r veya temizlenir.<\/li>\n\n\n\n<li>E-posta b\u00fcltenleriyle ilgili \u00e7erezler: Bu web sitesi, b\u00fclten veya e-posta abonelik hizmetleri sunmaktad\u0131r ve \u00e7erezler, zaten kay\u0131tl\u0131 olup olmad\u0131\u011f\u0131n\u0131z\u0131 ve yaln\u0131zca abone olan\/olmayan kullan\u0131c\u0131lar i\u00e7in ge\u00e7erli olan belirli bildirimleri g\u00f6sterip g\u00f6stermeyece\u011finizi hat\u0131rlamak i\u00e7in kullan\u0131labilir.<\/li>\n\n\n\n<li>Sipari\u015f i\u015fleme ile ilgili \u00e7erezler: Bu site e-ticaret veya \u00f6deme olanaklar\u0131 sunmaktad\u0131r ve sipari\u015finizin sayfalar aras\u0131nda hat\u0131rlanmas\u0131n\u0131 ve do\u011fru \u015fekilde i\u015flenmesini sa\u011flamak i\u00e7in baz\u0131 \u00e7erezler gereklidir.<\/li>\n\n\n\n<li>Anketlerle ilgili \u00e7erezler: Zaman zaman, ilgin\u00e7 bilgiler sunmak, faydal\u0131 ara\u00e7lar sa\u011flamak veya kullan\u0131c\u0131 taban\u0131m\u0131z\u0131 daha do\u011fru bir \u015fekilde anlamak i\u00e7in anketler ve soru formlar\u0131 sunuyoruz. Bu anketler, daha \u00f6nce ankete kat\u0131lanlar\u0131 hat\u0131rlamak veya sayfa de\u011fi\u015fikliklerinden sonra do\u011fru sonu\u00e7lar sa\u011flamak i\u00e7in \u00e7erezler kullanabilir.<\/li>\n\n\n\n<li>Formla ilgili \u00e7erezler: \u0130leti\u015fim sayfalar\u0131nda veya yorum formlar\u0131nda bulunanlar gibi bir form arac\u0131l\u0131\u011f\u0131yla veri g\u00f6nderdi\u011finizde, gelecekteki yaz\u0131\u015fmalar i\u00e7in kullan\u0131c\u0131 bilgilerinizi hat\u0131rlamak amac\u0131yla \u00e7erezler ayarlanabilir.<\/li>\n\n\n\n<li>Web Sitesi Tercih \u00c7erezleri: Bu sitede size harika bir deneyim sunmak i\u00e7in, siteyi kullan\u0131rken nas\u0131l davranaca\u011f\u0131na dair tercihlerinizi belirlemenize olanak sa\u011flayan bir i\u015flev sunuyoruz. Tercihlerinizi hat\u0131rlamak i\u00e7in, bu bilgilerin tercihlerinizden etkilenen bir sayfayla etkile\u015fim kurdu\u011funuzda hat\u0131rlanabilmesi i\u00e7in \u00e7erezler ayarlamam\u0131z gerekiyor.<\/li>\n<\/ul>\n\n\n\n<h3 class=\"wp-block-heading\" id=\"cookies-de-terceiros\">\u00dc\u00e7\u00fcnc\u00fc taraf \u00e7erezleri<\/h3>\n\n\n\n<p>Baz\u0131 \u00f6zel durumlarda, g\u00fcvenilir \u00fc\u00e7\u00fcnc\u00fc taraflarca sa\u011flanan \u00e7erezleri de kullan\u0131yoruz. A\u015fa\u011f\u0131daki b\u00f6l\u00fcmde, bu web sitesi arac\u0131l\u0131\u011f\u0131yla kar\u015f\u0131la\u015fabilece\u011finiz \u00fc\u00e7\u00fcnc\u00fc taraf \u00e7erezleri hakk\u0131nda ayr\u0131nt\u0131l\u0131 bilgi verilmektedir.<\/p>\n\n\n\n<ul class=\"wp-block-list\">\n<li>Bu web sitesi, siteyi nas\u0131l kulland\u0131\u011f\u0131n\u0131z\u0131 ve deneyiminizi nas\u0131l geli\u015ftirebilece\u011fimizi anlamam\u0131za yard\u0131mc\u0131 olmak i\u00e7in web \u00fczerindeki en yayg\u0131n ve g\u00fcvenilir analiz \u00e7\u00f6z\u00fcmlerinden biri olan Google Analytics&#039;i kullanmaktad\u0131r. Bu \u00e7erezler, sitede ne kadar zaman ge\u00e7irdi\u011finiz ve ziyaret etti\u011finiz sayfalar gibi \u015feyleri izleyebilir, b\u00f6ylece ilgi \u00e7ekici i\u00e7erik \u00fcretmeye devam edebiliriz.<\/li>\n<\/ul>\n\n\n\n<p>Google Analytics \u00e7erezleri hakk\u0131nda daha fazla bilgi i\u00e7in l\u00fctfen resmi Google Analytics sayfas\u0131n\u0131 ziyaret edin.<\/p>\n\n\n\n<ul class=\"wp-block-list\">\n<li>Bu sitenin kullan\u0131m\u0131n\u0131 izlemek ve \u00f6l\u00e7mek i\u00e7in \u00fc\u00e7\u00fcnc\u00fc taraf analiz ara\u00e7lar\u0131 kullan\u0131lmaktad\u0131r, b\u00f6ylece ilgi \u00e7ekici i\u00e7erikler \u00fcretmeye devam edebiliriz. Bu \u00e7erezler, sitede ne kadar zaman ge\u00e7irdi\u011finiz veya hangi sayfalar\u0131 ziyaret etti\u011finiz gibi bilgileri izleyebilir; bu da siteyi sizin i\u00e7in nas\u0131l geli\u015ftirebilece\u011fimizi anlamam\u0131za yard\u0131mc\u0131 olur.<\/li>\n\n\n\n<li>Zaman zaman yeni \u00f6zellikler test ediyor ve sitenin sunum \u015feklinde ufak de\u011fi\u015fiklikler yap\u0131yoruz. Yeni \u00f6zellikleri test ederken, bu \u00e7erezler, kullan\u0131c\u0131lar\u0131m\u0131z\u0131n hangi optimizasyonlar\u0131 en \u00e7ok be\u011fendi\u011fini anlayana kadar sitede tutarl\u0131 bir deneyim ya\u015faman\u0131z\u0131 sa\u011flamak i\u00e7in kullan\u0131labilir.<\/li>\n\n\n\n<li>\u00dcr\u00fcn satt\u0131\u011f\u0131m\u0131z i\u00e7in, web sitemizi ziyaret edenlerin ka\u00e7\u0131n\u0131n ger\u00e7ekten sat\u0131n alma i\u015flemi ger\u00e7ekle\u015ftirdi\u011fine dair istatistikleri anlamam\u0131z \u00f6nemlidir ve bu \u00e7erezler de bu t\u00fcr verileri izleyecektir. Bu sizin i\u00e7in de \u00f6nemlidir \u00e7\u00fcnk\u00fc bu sayede do\u011fru i\u015f tahminleri yapabilir, reklam ve \u00fcr\u00fcn maliyetlerimizi analiz ederek m\u00fcmk\u00fcn olan en iyi fiyat\u0131 sunabiliriz.<\/li>\n\n\n\n<li>Reklam yay\u0131nlamak i\u00e7in kulland\u0131\u011f\u0131m\u0131z Google AdSense hizmeti, web genelinde daha alakal\u0131 reklamlar sunmak ve belirli bir reklam\u0131n size g\u00f6sterilme say\u0131s\u0131n\u0131 s\u0131n\u0131rlamak i\u00e7in DoubleClick \u00e7erezini kullan\u0131r.<br>Google AdSense hakk\u0131nda daha fazla bilgi i\u00e7in l\u00fctfen resmi Google AdSense gizlilik SSS sayfas\u0131na bak\u0131n.<\/li>\n\n\n\n<li>Bu sitenin i\u015fletme maliyetlerini kar\u015f\u0131lamak ve gelecekteki geli\u015ftirmeler i\u00e7in fon sa\u011flamak amac\u0131yla reklam gelirlerinden yararlan\u0131yoruz. Bu sitede kullan\u0131lan davran\u0131\u015fsal reklam \u00e7erezleri, ilgi alanlar\u0131n\u0131z\u0131 anonim olarak takip ederek ve size ilgi \u00e7ekici olabilecek benzer \u015feyleri sunarak, m\u00fcmk\u00fcn olan her durumda size en alakal\u0131 reklamlar\u0131 g\u00f6stermeyi ama\u00e7lamaktad\u0131r.<\/li>\n\n\n\n<li>Birka\u00e7 i\u015f orta\u011f\u0131m\u0131z bizim ad\u0131m\u0131za reklam veriyor ve ortakl\u0131k izleme \u00e7erezleri, m\u00fc\u015fterilerimizin sitemize i\u015f orta\u011f\u0131 sitelerimizden biri arac\u0131l\u0131\u011f\u0131yla eri\u015fip eri\u015fmedi\u011fini g\u00f6rmemizi sa\u011fl\u0131yor; b\u00f6ylece onlara uygun \u015fekilde \u00f6deme yapabiliyor ve uygun durumlarda, i\u015f ortaklar\u0131m\u0131z\u0131n sizi sat\u0131n almaya te\u015fvik etmek i\u00e7in sunabilecekleri promosyonlar\u0131 sunmalar\u0131na olanak tan\u0131yoruz.<\/li>\n<\/ul>\n\n\n\n<h3 class=\"wp-block-heading\" id=\"compromisso-do-usuario\">Kullan\u0131c\u0131 Taahh\u00fcd\u00fc<\/h3>\n\n\n\n<p>Kullan\u0131c\u0131, ArtigoNews&#039;in web sitesinde sundu\u011fu i\u00e7erik ve bilgileri, bunlarla s\u0131n\u0131rl\u0131 olmamak \u00fczere, uygun \u015fekilde kullanmay\u0131 kabul eder:<\/p>\n\n\n\n<ul class=\"wp-block-list\">\n<li>A) Yasa d\u0131\u015f\u0131 veya iyi niyet ve kamu d\u00fczenine ayk\u0131r\u0131 faaliyetlerde bulunmamak;<\/li>\n\n\n\n<li>B) Irk\u00e7\u0131, yabanc\u0131 d\u00fc\u015fman\u0131 veya k\u00f6t\u00fc \u015fans getiren propaganda veya i\u00e7erik, her t\u00fcrl\u00fc yasad\u0131\u015f\u0131 pornografi veya ter\u00f6rizmi te\u015fvik eden veya insan haklar\u0131n\u0131 ihlal eden i\u00e7erik yaymamak;<\/li>\n\n\n\n<li>C) Bilgisayar vir\u00fcsleri veya yukar\u0131da belirtilen zarara neden olabilecek di\u011fer donan\u0131m veya yaz\u0131l\u0131m sistemlerini bula\u015ft\u0131rarak veya yayarak ArtigoNews&#039;in, tedarik\u00e7ilerinin veya \u00fc\u00e7\u00fcnc\u00fc taraflar\u0131n fiziksel (donan\u0131m) ve mant\u0131ksal (yaz\u0131l\u0131m) sistemlerine zarar vermemek.<\/li>\n<\/ul>\n\n\n\n<h3 class=\"wp-block-heading\" id=\"mais-informacoes\">Daha fazla bilgi<\/h3>\n\n\n\n<p>Umar\u0131z bu a\u00e7\u0131k ve anla\u015f\u0131l\u0131r olmu\u015ftur ve daha \u00f6nce de belirtti\u011fimiz gibi, ihtiyac\u0131n\u0131z olup olmad\u0131\u011f\u0131ndan emin olmad\u0131\u011f\u0131n\u0131z herhangi bir \u015fey varsa, web sitemizde kulland\u0131\u011f\u0131n\u0131z \u00f6zelliklerden biriyle etkile\u015fim kurman\u0131z ihtimaline kar\u015f\u0131 \u00e7erezleri etkin b\u0131rakmak genellikle daha g\u00fcvenlidir.<\/p>\n\n\n\n<p>Bu politika \u015fu tarihten itibaren ge\u00e7erlidir: <strong>Ocak<\/strong>\/<strong>2022<\/strong>.<\/p>","protected":false},"excerpt":{"rendered":"<p>A sua privacidade \u00e9 importante para n\u00f3s. \u00c9 pol\u00edtica do ArtigoNews respeitar a sua privacidade em rela\u00e7\u00e3o a qualquer informa\u00e7\u00e3o sua que possamos coletar no site ArtigoNews.com, e outros sites que possu\u00edmos e operamos. Solicitamos informa\u00e7\u00f5es pessoais apenas quando realmente precisamos delas para lhe fornecer um servi\u00e7o. Fazemo-lo por meios justos e legais, com o [&hellip;]<\/p>\n","protected":false},"author":1,"featured_media":0,"parent":0,"menu_order":0,"comment_status":"closed","ping_status":"closed","template":"","meta":{"footnotes":""},"class_list":["post-338","page","type-page","status-publish"],"_links":{"self":[{"href":"https:\/\/artigonews.com\/tr\/wp-json\/wp\/v2\/pages\/338","targetHints":{"allow":["GET"]}}],"collection":[{"href":"https:\/\/artigonews.com\/tr\/wp-json\/wp\/v2\/pages"}],"about":[{"href":"https:\/\/artigonews.com\/tr\/wp-json\/wp\/v2\/types\/page"}],"author":[{"embeddable":true,"href":"https:\/\/artigonews.com\/tr\/wp-json\/wp\/v2\/users\/1"}],"replies":[{"embeddable":true,"href":"https:\/\/artigonews.com\/tr\/wp-json\/wp\/v2\/comments?post=338"}],"version-history":[{"count":2,"href":"https:\/\/artigonews.com\/tr\/wp-json\/wp\/v2\/pages\/338\/revisions"}],"predecessor-version":[{"id":351,"href":"https:\/\/artigonews.com\/tr\/wp-json\/wp\/v2\/pages\/338\/revisions\/351"}],"wp:attachment":[{"href":"https:\/\/artigonews.com\/tr\/wp-json\/wp\/v2\/media?parent=338"}],"curies":[{"name":"wp","href":"https:\/\/api.w.org\/{rel}","templated":true}]}}