{"id":340,"date":"2026-03-04T04:03:25","date_gmt":"2026-03-04T04:03:25","guid":{"rendered":"https:\/\/artigonews.com\/?page_id=340"},"modified":"2026-03-04T04:08:09","modified_gmt":"2026-03-04T04:08:09","slug":"kullanim-sartlari","status":"publish","type":"page","link":"https:\/\/artigonews.com\/tr\/termos-de-uso\/","title":{"rendered":"Kullan\u0131m \u015eartlar\u0131"},"content":{"rendered":"<h3 class=\"wp-block-heading\" id=\"1-termos\">1. \u015eartlar<\/h3>\n\n\n\n<p>Web sitesine eri\u015firken <a href=\"https:\/\/artigonews.com\/tr\/\">MakaleHaberleri<\/a>, Bu siteyi kullanarak, bu hizmet \u015fartlar\u0131na, ge\u00e7erli t\u00fcm yasalara ve d\u00fczenlemelere ba\u011fl\u0131 kalmay\u0131 kabul edersiniz ve ge\u00e7erli t\u00fcm yerel yasalara uyumdan sorumlu oldu\u011funuzu kabul edersiniz. Bu \u015fartlar\u0131n herhangi birini kabul etmiyorsan\u0131z, bu siteyi kullanman\u0131z veya eri\u015fmeniz yasakt\u0131r. Bu web sitesinde yer alan materyaller, ge\u00e7erli telif hakk\u0131 ve marka yasalar\u0131yla korunmaktad\u0131r.<\/p>\n\n\n\n<h3 class=\"wp-block-heading\" id=\"2-uso-de-licenca\">2. Lisans Kullan\u0131m\u0131<\/h3>\n\n\n\n<p>ArtigoNews web sitesindeki materyallerin (bilgi veya yaz\u0131l\u0131m) bir kopyas\u0131n\u0131 yaln\u0131zca ki\u015fisel, ticari olmayan ve ge\u00e7ici g\u00f6r\u00fcnt\u00fcleme amac\u0131yla ge\u00e7ici olarak indirme izni verilmektedir. Bu bir lisans verilmesidir, m\u00fclkiyet devri de\u011fildir ve bu lisans kapsam\u0131nda \u015funlar\u0131 yapamazs\u0131n\u0131z:&nbsp;<\/p>\n\n\n\n<ol class=\"wp-block-list\">\n<li>Materyalleri de\u011fi\u015ftirmek veya kopyalamak;&nbsp;<\/li>\n\n\n\n<li>Bu materyalleri herhangi bir ticari ama\u00e7la veya halka a\u00e7\u0131k sergileme (ticari veya ticari olmayan) i\u00e7in kullanamazs\u0131n\u0131z;&nbsp;<\/li>\n\n\n\n<li>ArtigoNews web sitesinde yer alan herhangi bir yaz\u0131l\u0131m\u0131n kaynak kodunu \u00e7\u00f6zmeye veya tersine m\u00fchendislik yapmaya \u00e7al\u0131\u015fmak; ;&nbsp;<\/li>\n\n\n\n<li>Malzemelerden telif hakk\u0131 veya di\u011fer m\u00fclkiyet notlar\u0131n\u0131 kald\u0131r\u0131n; veya&nbsp;<\/li>\n\n\n\n<li>Materyalleri ba\u015fka bir ki\u015fiye aktar\u0131n veya materyalleri ba\u015fka bir sunucuda &#039;yans\u0131t\u0131n&#039;.<\/li>\n<\/ol>\n\n\n\n<p>Bu lisans, bu k\u0131s\u0131tlamalardan herhangi birini ihlal etmeniz durumunda otomatik olarak sona erecektir ve ArtigoNews taraf\u0131ndan herhangi bir zamanda feshedilebilir. Bu materyalleri g\u00f6r\u00fcnt\u00fclemeyi sonland\u0131rd\u0131\u011f\u0131n\u0131zda veya bu lisans\u0131n sona ermesi durumunda, elektronik veya bas\u0131l\u0131 formatta olsun, elinizde bulunan t\u00fcm indirilen materyalleri imha etmelisiniz.<\/p>\n\n\n\n<h3 class=\"wp-block-heading\" id=\"3-isencao-de-responsabilidade\">3. Yasal Uyar\u0131<\/h3>\n\n\n\n<ol class=\"wp-block-list\">\n<li>ArtigoNews web sitesindeki materyaller &quot;oldu\u011fu gibi&quot; sa\u011flanmaktad\u0131r. ArtigoNews, a\u00e7\u0131k veya \u00f6rt\u00fcl\u00fc hi\u00e7bir garanti vermez ve burada, s\u0131n\u0131rlama olmaks\u0131z\u0131n, sat\u0131labilirlik, belirli bir amaca uygunluk veya fikri m\u00fclkiyetin ihlal edilmemesi veya di\u011fer hak ihlalleri gibi \u00f6rt\u00fcl\u00fc garantiler veya ko\u015fullar da dahil olmak \u00fczere, di\u011fer t\u00fcm garantileri reddeder ve ge\u00e7ersiz k\u0131lar.<\/li>\n\n\n\n<li>Ayr\u0131ca, ArtigoNews, web sitesindeki materyallerin veya bu materyallerle ilgili di\u011fer sitelerdeki materyallerin kullan\u0131m\u0131n\u0131n do\u011frulu\u011fu, olas\u0131 sonu\u00e7lar\u0131 veya g\u00fcvenilirli\u011fi konusunda herhangi bir garanti vermez veya beyanda bulunmaz.<\/li>\n<\/ol>\n\n\n\n<h3 class=\"wp-block-heading\" id=\"4-limitacoes\">4. S\u0131n\u0131rlamalar<\/h3>\n\n\n\n<p>ArtigoNews veya tedarik\u00e7ileri, ArtigoNews&#039;teki materyallerin kullan\u0131m\u0131ndan veya kullan\u0131lamamas\u0131ndan kaynaklanan herhangi bir zarardan (veri veya kar kayb\u0131 veya i\u015f kesintisi nedeniyle olu\u015fan zararlar dahil ancak bunlarla s\u0131n\u0131rl\u0131 olmamak \u00fczere) hi\u00e7bir durumda sorumlu tutulamaz, hatta ArtigoNews veya ArtigoNews&#039;in yetkili bir temsilcisine bu t\u00fcr zararlar\u0131n olas\u0131l\u0131\u011f\u0131 s\u00f6zl\u00fc veya yaz\u0131l\u0131 olarak bildirilmi\u015f olsa bile. Baz\u0131 yarg\u0131 b\u00f6lgeleri, z\u0131mni garantilerde s\u0131n\u0131rlamalara veya dolayl\u0131 veya tesad\u00fcfi zararlar i\u00e7in sorumluluk s\u0131n\u0131rlamalar\u0131na izin vermedi\u011finden, bu s\u0131n\u0131rlamalar sizin i\u00e7in ge\u00e7erli olmayabilir.<\/p>\n\n\n\n<h3 class=\"wp-block-heading\" id=\"5-precisao-dos-materiais\">5. Malzemelerin hassasiyeti<\/h3>\n\n\n\n<p>ArtigoNews web sitesinde g\u00f6r\u00fcnt\u00fclenen materyaller teknik, tipografik veya foto\u011frafik hatalar i\u00e7erebilir. ArtigoNews, web sitesindeki herhangi bir materyalin do\u011fru, eksiksiz veya g\u00fcncel oldu\u011funu garanti etmez. ArtigoNews, web sitesinde yer alan materyallerde herhangi bir zamanda \u00f6nceden haber vermeksizin de\u011fi\u015fiklik yapabilir. Ancak ArtigoNews, materyalleri g\u00fcncelleme taahh\u00fcd\u00fcnde bulunmaz.<\/p>\n\n\n\n<h3 class=\"wp-block-heading\" id=\"6-links\">6. Ba\u011flant\u0131lar<\/h3>\n\n\n\n<p>ArtigoNews, web sitesine ba\u011flant\u0131 verilen t\u00fcm siteleri incelememi\u015ftir ve ba\u011flant\u0131 verilen sitelerin i\u00e7eri\u011finden sorumlu de\u011fildir. Herhangi bir ba\u011flant\u0131n\u0131n eklenmesi, ArtigoNews taraf\u0131ndan sitenin onayland\u0131\u011f\u0131 anlam\u0131na gelmez. Ba\u011flant\u0131 verilen herhangi bir web sitesinin kullan\u0131m\u0131, kullan\u0131c\u0131n\u0131n kendi sorumlulu\u011fundad\u0131r.<\/p>\n\n\n\n<h3 class=\"wp-block-heading\" id=\"modificacoes\">De\u011fi\u015fiklikler<\/h3>\n\n\n\n<p>ArtigoNews, bu web sitesi kullan\u0131m \u015fartlar\u0131n\u0131 \u00f6nceden bildirimde bulunmaks\u0131z\u0131n herhangi bir zamanda revize edebilir. Bu web sitesini kullanarak, bu kullan\u0131m \u015fartlar\u0131n\u0131n g\u00fcncel s\u00fcr\u00fcm\u00fcne ba\u011fl\u0131 kalmay\u0131 kabul edersiniz.<\/p>\n\n\n\n<h3 class=\"wp-block-heading\" id=\"lei-aplicavel\">Uygulanacak hukuk<\/h3>\n\n\n\n<p>Bu h\u00fck\u00fcm ve ko\u015fullar ArtigoNews yasalar\u0131na tabidir ve bunlara g\u00f6re yorumlan\u0131r; ayr\u0131ca, s\u00f6z konusu eyalet veya b\u00f6lgedeki mahkemelerin m\u00fcnhas\u0131r yarg\u0131 yetkisine geri d\u00f6n\u00fclmez bir \u015fekilde tabi olmay\u0131 kabul edersiniz.<\/p>","protected":false},"excerpt":{"rendered":"<p>1. Termos Ao acessar ao site ArtigoNews, concorda em cumprir estes termos de servi\u00e7o, todas as leis e regulamentos aplic\u00e1veis \u200b\u200be concorda que \u00e9 respons\u00e1vel pelo cumprimento de todas as leis locais aplic\u00e1veis. Se voc\u00ea n\u00e3o concordar com algum desses termos, est\u00e1 proibido de usar ou acessar este site. Os materiais contidos neste site s\u00e3o [&hellip;]<\/p>\n","protected":false},"author":1,"featured_media":0,"parent":0,"menu_order":0,"comment_status":"closed","ping_status":"closed","template":"","meta":{"footnotes":""},"class_list":["post-340","page","type-page","status-publish"],"_links":{"self":[{"href":"https:\/\/artigonews.com\/tr\/wp-json\/wp\/v2\/pages\/340","targetHints":{"allow":["GET"]}}],"collection":[{"href":"https:\/\/artigonews.com\/tr\/wp-json\/wp\/v2\/pages"}],"about":[{"href":"https:\/\/artigonews.com\/tr\/wp-json\/wp\/v2\/types\/page"}],"author":[{"embeddable":true,"href":"https:\/\/artigonews.com\/tr\/wp-json\/wp\/v2\/users\/1"}],"replies":[{"embeddable":true,"href":"https:\/\/artigonews.com\/tr\/wp-json\/wp\/v2\/comments?post=340"}],"version-history":[{"count":2,"href":"https:\/\/artigonews.com\/tr\/wp-json\/wp\/v2\/pages\/340\/revisions"}],"predecessor-version":[{"id":350,"href":"https:\/\/artigonews.com\/tr\/wp-json\/wp\/v2\/pages\/340\/revisions\/350"}],"wp:attachment":[{"href":"https:\/\/artigonews.com\/tr\/wp-json\/wp\/v2\/media?parent=340"}],"curies":[{"name":"wp","href":"https:\/\/api.w.org\/{rel}","templated":true}]}}