{"id":344,"date":"2026-03-04T04:06:07","date_gmt":"2026-03-04T04:06:07","guid":{"rendered":"https:\/\/artigonews.com\/?page_id=344"},"modified":"2026-03-04T04:06:07","modified_gmt":"2026-03-04T04:06:07","slug":"biz-kimiz","status":"publish","type":"page","link":"https:\/\/artigonews.com\/tr\/quem-somos\/","title":{"rendered":"Biz Kimiz"},"content":{"rendered":"<p>Bizler <strong>MakaleHaberleri<\/strong>, Dijital d\u00fcnyada olup bitenlerden basit, do\u011frudan ve g\u00fcncel bir \u015fekilde haberdar olmak isteyenler i\u00e7in olu\u015fturulmu\u015f bir web sitesi.<\/p>\n\n\n\n<p>Burada a\u015fa\u011f\u0131daki konularla ilgili i\u00e7erik bulacaks\u0131n\u0131z: <strong>Uygulamalar<\/strong>, G\u00fcnl\u00fck kullan\u0131m i\u00e7in faydal\u0131 ara\u00e7lar se\u00e7menize yard\u0131mc\u0131 olacak \u00f6neriler ve analizlerin yan\u0131 s\u0131ra, her uygulamadan en iyi \u015fekilde yararlanman\u0131z i\u00e7in k\u0131lavuzlar ve tavsiyeler de sunuyoruz. Ayr\u0131ca \u015funlardan da bahsediyoruz: <strong>Teknoloji<\/strong>, Trendleri, haberleri ve a\u00e7\u0131klamalar\u0131 herkesin anlayabilece\u011fi \u015fekilde, sade bir bi\u00e7imde sunuyoruz.<\/p>\n\n\n\n<p>ArtigoNews olarak biz de ke\u015ffetmekten keyif al\u0131yoruz. <strong>\u0130lgin\u00e7 bilgiler<\/strong> (\u00f6zellikle teknolojiyle ilgili olanlar), muhtemelen bilmedi\u011finiz ve cep telefonunuza ve internete farkl\u0131 bir g\u00f6zle bakman\u0131z\u0131 sa\u011flayan o ilgin\u00e7 bilgiler. Ve elbette, bunlarla dolu bir alan\u0131m\u0131z var. <strong>\u0130pu\u00e7lar\u0131<\/strong> Hayat\u0131 kolayla\u015ft\u0131racak ipu\u00e7lar\u0131: Ak\u0131ll\u0131 telefon p\u00fcf noktalar\u0131ndan uygulamalar\u0131n\u0131z\u0131 daha iyi organize etme, performans\u0131 art\u0131rma ve gizli \u00f6zelliklerden yararlanma yollar\u0131na kadar.<\/p>\n\n\n\n<p>Ve son olarak, \u015funlar\u0131 ele al\u0131yoruz: <strong>Oyunlar<\/strong>, Mobil, PC veya konsolda oynayanlar i\u00e7in i\u00e7erik: haberler, trendler, listeler ve \u00f6nerilerle nelerin oynanmaya de\u011fer oldu\u011funu ke\u015ffedin.<\/p>\n\n\n\n<p>Amac\u0131m\u0131z, bilgilendirici, yard\u0131mc\u0131 ve e\u011flendirici i\u00e7erikler sunan, g\u00fcvenilir ve kullan\u0131c\u0131 dostu bir portal olmak; bunu yaparken her zaman anla\u015f\u0131l\u0131r bir dil kullanmak ve ger\u00e7ekten \u00f6nemli olan konulara odaklanmakt\u0131r.<\/p>\n\n\n\n<p>Ho\u015f geldiniz <strong>MakaleHaberleri<\/strong>. \ud83d\ude80<\/p>","protected":false},"excerpt":{"rendered":"<p>Somos o ArtigoNews, um site criado para quem gosta de estar sempre por dentro do que acontece no mundo digital \u2014 de um jeito simples, direto e atualizado. Aqui voc\u00ea encontra conte\u00fados sobre Aplicativos, com sugest\u00f5es e an\u00e1lises para ajudar a escolher ferramentas \u00fateis no dia a dia, al\u00e9m de guias e recomenda\u00e7\u00f5es para aproveitar [&hellip;]<\/p>\n","protected":false},"author":1,"featured_media":0,"parent":0,"menu_order":0,"comment_status":"closed","ping_status":"closed","template":"","meta":{"footnotes":""},"class_list":["post-344","page","type-page","status-publish"],"_links":{"self":[{"href":"https:\/\/artigonews.com\/tr\/wp-json\/wp\/v2\/pages\/344","targetHints":{"allow":["GET"]}}],"collection":[{"href":"https:\/\/artigonews.com\/tr\/wp-json\/wp\/v2\/pages"}],"about":[{"href":"https:\/\/artigonews.com\/tr\/wp-json\/wp\/v2\/types\/page"}],"author":[{"embeddable":true,"href":"https:\/\/artigonews.com\/tr\/wp-json\/wp\/v2\/users\/1"}],"replies":[{"embeddable":true,"href":"https:\/\/artigonews.com\/tr\/wp-json\/wp\/v2\/comments?post=344"}],"version-history":[{"count":1,"href":"https:\/\/artigonews.com\/tr\/wp-json\/wp\/v2\/pages\/344\/revisions"}],"predecessor-version":[{"id":345,"href":"https:\/\/artigonews.com\/tr\/wp-json\/wp\/v2\/pages\/344\/revisions\/345"}],"wp:attachment":[{"href":"https:\/\/artigonews.com\/tr\/wp-json\/wp\/v2\/media?parent=344"}],"curies":[{"name":"wp","href":"https:\/\/api.w.org\/{rel}","templated":true}]}}