{"id":344,"date":"2026-03-04T04:06:07","date_gmt":"2026-03-04T04:06:07","guid":{"rendered":"https:\/\/artigonews.com\/?page_id=344"},"modified":"2026-03-04T04:06:07","modified_gmt":"2026-03-04T04:06:07","slug":"quem-somos","status":"publish","type":"page","link":"https:\/\/artigonews.com\/uk\/quem-somos\/","title":{"rendered":"\u0425\u0442\u043e \u043c\u0438"},"content":{"rendered":"<p>Somos o <strong>\u0421\u0442\u0430\u0442\u0442\u044f\u041d\u043e\u0432\u0438\u043d\u0438<\/strong>, um site criado para quem gosta de estar sempre por dentro do que acontece no mundo digital \u2014 de um jeito simples, direto e atualizado.<\/p>\n\n\n\n<p>Aqui voc\u00ea encontra conte\u00fados sobre <strong>\u0417\u0430\u0441\u0442\u043e\u0441\u0443\u0432\u0430\u043d\u043d\u044f<\/strong>, com sugest\u00f5es e an\u00e1lises para ajudar a escolher ferramentas \u00fateis no dia a dia, al\u00e9m de guias e recomenda\u00e7\u00f5es para aproveitar melhor cada app. Tamb\u00e9m falamos de <strong>\u0422\u0435\u0445\u043d\u043e\u043b\u043e\u0433\u0456\u0457<\/strong>, trazendo tend\u00eancias, novidades e explica\u00e7\u00f5es sem complica\u00e7\u00e3o, para qualquer pessoa entender.<\/p>\n\n\n\n<p>No ArtigoNews, a gente tamb\u00e9m curte explorar <strong>\u0426\u0456\u043a\u0430\u0432\u0456 \u0444\u0430\u043a\u0442\u0438<\/strong> (principalmente as tecnol\u00f3gicas), aquelas informa\u00e7\u00f5es interessantes que voc\u00ea provavelmente n\u00e3o sabia \u2014 e que fazem voc\u00ea olhar para o celular e a internet de outro jeito. E, claro, temos uma \u00e1rea cheia de <strong>\u041f\u043e\u0440\u0430\u0434\u0438<\/strong> pr\u00e1ticas para facilitar a vida: desde truques no smartphone at\u00e9 formas de organizar melhor seus aplicativos, melhorar desempenho e usar recursos escondidos.<\/p>\n\n\n\n<p>E para completar, cobrimos <strong>\u0406\u0433\u0440\u0438<\/strong>, com conte\u00fados para quem joga no celular, no PC ou no console: novidades, tend\u00eancias, listas e recomenda\u00e7\u00f5es para voc\u00ea descobrir o que vale a pena jogar.<\/p>\n\n\n\n<p>Nosso objetivo \u00e9 ser um portal confi\u00e1vel e leve, com conte\u00fado que informa, ajuda e entret\u00e9m \u2014 sempre com uma linguagem acess\u00edvel e focada no que realmente importa.<\/p>\n\n\n\n<p>Seja bem-vindo ao <strong>\u0421\u0442\u0430\u0442\u0442\u044f\u041d\u043e\u0432\u0438\u043d\u0438<\/strong>. \ud83d\ude80<\/p>","protected":false},"excerpt":{"rendered":"<p>Somos o ArtigoNews, um site criado para quem gosta de estar sempre por dentro do que acontece no mundo digital \u2014 de um jeito simples, direto e atualizado. Aqui voc\u00ea encontra conte\u00fados sobre Aplicativos, com sugest\u00f5es e an\u00e1lises para ajudar a escolher ferramentas \u00fateis no dia a dia, al\u00e9m de guias e recomenda\u00e7\u00f5es para aproveitar [&hellip;]<\/p>\n","protected":false},"author":1,"featured_media":0,"parent":0,"menu_order":0,"comment_status":"closed","ping_status":"closed","template":"","meta":{"footnotes":""},"class_list":["post-344","page","type-page","status-publish"],"_links":{"self":[{"href":"https:\/\/artigonews.com\/uk\/wp-json\/wp\/v2\/pages\/344","targetHints":{"allow":["GET"]}}],"collection":[{"href":"https:\/\/artigonews.com\/uk\/wp-json\/wp\/v2\/pages"}],"about":[{"href":"https:\/\/artigonews.com\/uk\/wp-json\/wp\/v2\/types\/page"}],"author":[{"embeddable":true,"href":"https:\/\/artigonews.com\/uk\/wp-json\/wp\/v2\/users\/1"}],"replies":[{"embeddable":true,"href":"https:\/\/artigonews.com\/uk\/wp-json\/wp\/v2\/comments?post=344"}],"version-history":[{"count":1,"href":"https:\/\/artigonews.com\/uk\/wp-json\/wp\/v2\/pages\/344\/revisions"}],"predecessor-version":[{"id":345,"href":"https:\/\/artigonews.com\/uk\/wp-json\/wp\/v2\/pages\/344\/revisions\/345"}],"wp:attachment":[{"href":"https:\/\/artigonews.com\/uk\/wp-json\/wp\/v2\/media?parent=344"}],"curies":[{"name":"wp","href":"https:\/\/api.w.org\/{rel}","templated":true}]}}