{"id":344,"date":"2026-03-04T04:06:07","date_gmt":"2026-03-04T04:06:07","guid":{"rendered":"https:\/\/artigonews.com\/?page_id=344"},"modified":"2026-03-04T04:06:07","modified_gmt":"2026-03-04T04:06:07","slug":"chung-ta-la-ai","status":"publish","type":"page","link":"https:\/\/artigonews.com\/vi\/quem-somos\/","title":{"rendered":"Ch\u00fang t\u00f4i l\u00e0 ai"},"content":{"rendered":"<p>Ch\u00fang t\u00f4i l\u00e0 <strong>B\u00e0i vi\u1ebft Tin t\u1ee9c<\/strong>, \u0110\u00e2y l\u00e0 m\u1ed9t trang web \u0111\u01b0\u1ee3c t\u1ea1o ra d\u00e0nh cho nh\u1eefng ng\u01b0\u1eddi th\u00edch c\u1eadp nh\u1eadt nh\u1eefng di\u1ec5n bi\u1ebfn trong th\u1ebf gi\u1edbi k\u1ef9 thu\u1eadt s\u1ed1 m\u1ed9t c\u00e1ch \u0111\u01a1n gi\u1ea3n, tr\u1ef1c ti\u1ebfp v\u00e0 hi\u1ec7n \u0111\u1ea1i.<\/p>\n\n\n\n<p>T\u1ea1i \u0111\u00e2y b\u1ea1n s\u1ebd t\u00ecm th\u1ea5y n\u1ed9i dung v\u1ec1 <strong>\u1ee8ng d\u1ee5ng<\/strong>, v\u1edbi nh\u1eefng g\u1ee3i \u00fd v\u00e0 ph\u00e2n t\u00edch gi\u00fap b\u1ea1n l\u1ef1a ch\u1ecdn c\u00e1c c\u00f4ng c\u1ee5 h\u1eefu \u00edch cho vi\u1ec7c s\u1eed d\u1ee5ng h\u00e0ng ng\u00e0y, c\u0169ng nh\u01b0 c\u00e1c h\u01b0\u1edbng d\u1eabn v\u00e0 khuy\u1ebfn ngh\u1ecb \u0111\u1ec3 t\u1eadn d\u1ee5ng t\u1ed1i \u0111a t\u1eebng \u1ee9ng d\u1ee5ng. Ch\u00fang t\u00f4i c\u0169ng th\u1ea3o lu\u1eadn v\u1ec1 <strong>C\u00f4ng ngh\u1ec7<\/strong>, Cung c\u1ea5p c\u00e1c xu h\u01b0\u1edbng, tin t\u1ee9c v\u00e0 gi\u1ea3i th\u00edch m\u1ed9t c\u00e1ch d\u1ec5 hi\u1ec3u, \u0111\u1ec3 b\u1ea5t c\u1ee9 ai c\u0169ng c\u00f3 th\u1ec3 n\u1eafm b\u1eaft.<\/p>\n\n\n\n<p>T\u1ea1i ArtigoNews, ch\u00fang t\u00f4i c\u0169ng r\u1ea5t th\u00edch kh\u00e1m ph\u00e1. <strong>Nh\u1eefng s\u1ef1 th\u1eadt th\u00fa v\u1ecb<\/strong> (\u0111\u1eb7c bi\u1ec7t l\u00e0 nh\u1eefng th\u00f4ng tin v\u1ec1 c\u00f4ng ngh\u1ec7), nh\u1eefng m\u1ea9u th\u00f4ng tin th\u00fa v\u1ecb m\u00e0 c\u00f3 l\u1ebd b\u1ea1n ch\u01b0a bi\u1ebft\u2014v\u00e0 khi\u1ebfn b\u1ea1n nh\u00ecn nh\u1eadn \u0111i\u1ec7n tho\u1ea1i di \u0111\u1ed9ng v\u00e0 internet theo m\u1ed9t c\u00e1ch kh\u00e1c. V\u00e0 t\u1ea5t nhi\u00ean, ch\u00fang ta c\u00f3 m\u1ed9t khu v\u1ef1c \u0111\u1ea7y \u1eafp nh\u1eefng th\u00f4ng tin \u0111\u00f3. <strong>M\u1eb9o<\/strong> M\u1eb9o gi\u00fap cu\u1ed9c s\u1ed1ng d\u1ec5 d\u00e0ng h\u01a1n: t\u1eeb nh\u1eefng th\u1ee7 thu\u1eadt tr\u00ean \u0111i\u1ec7n tho\u1ea1i th\u00f4ng minh \u0111\u1ebfn c\u00e1ch s\u1eafp x\u1ebfp \u1ee9ng d\u1ee5ng t\u1ed1t h\u01a1n, c\u1ea3i thi\u1ec7n hi\u1ec7u n\u0103ng v\u00e0 s\u1eed d\u1ee5ng c\u00e1c t\u00ednh n\u0103ng \u1ea9n.<\/p>\n\n\n\n<p>V\u00e0 tr\u00ean h\u1ebft, ch\u00fang t\u00f4i s\u1ebd \u0111\u1ec1 c\u1eadp \u0111\u1ebfn... <strong>Tr\u00f2 ch\u01a1i<\/strong>, V\u1edbi n\u1ed9i dung d\u00e0nh cho ng\u01b0\u1eddi ch\u01a1i tr\u00ean \u0111i\u1ec7n tho\u1ea1i di \u0111\u1ed9ng, PC ho\u1eb7c m\u00e1y ch\u01a1i game: tin t\u1ee9c, xu h\u01b0\u1edbng, danh s\u00e1ch v\u00e0 \u0111\u1ec1 xu\u1ea5t \u0111\u1ec3 b\u1ea1n kh\u00e1m ph\u00e1 nh\u1eefng t\u1ef1a game \u0111\u00e1ng ch\u01a1i.<\/p>\n\n\n\n<p>M\u1ee5c ti\u00eau c\u1ee7a ch\u00fang t\u00f4i l\u00e0 tr\u1edf th\u00e0nh m\u1ed9t c\u1ed5ng th\u00f4ng tin \u0111\u00e1ng tin c\u1eady v\u00e0 th\u00e2n thi\u1ec7n v\u1edbi ng\u01b0\u1eddi d\u00f9ng, v\u1edbi n\u1ed9i dung cung c\u1ea5p th\u00f4ng tin, h\u1ed7 tr\u1ee3 v\u00e0 gi\u1ea3i tr\u00ed \u2014 lu\u00f4n s\u1eed d\u1ee5ng ng\u00f4n ng\u1eef d\u1ec5 hi\u1ec3u v\u00e0 t\u1eadp trung v\u00e0o nh\u1eefng \u0111i\u1ec1u th\u1ef1c s\u1ef1 quan tr\u1ecdng.<\/p>\n\n\n\n<p>Ch\u00e0o m\u1eebng \u0111\u1ebfn v\u1edbi <strong>B\u00e0i vi\u1ebft Tin t\u1ee9c<\/strong>. \ud83d\ude80<\/p>","protected":false},"excerpt":{"rendered":"<p>Somos o ArtigoNews, um site criado para quem gosta de estar sempre por dentro do que acontece no mundo digital \u2014 de um jeito simples, direto e atualizado. Aqui voc\u00ea encontra conte\u00fados sobre Aplicativos, com sugest\u00f5es e an\u00e1lises para ajudar a escolher ferramentas \u00fateis no dia a dia, al\u00e9m de guias e recomenda\u00e7\u00f5es para aproveitar [&hellip;]<\/p>\n","protected":false},"author":1,"featured_media":0,"parent":0,"menu_order":0,"comment_status":"closed","ping_status":"closed","template":"","meta":{"footnotes":""},"class_list":["post-344","page","type-page","status-publish"],"_links":{"self":[{"href":"https:\/\/artigonews.com\/vi\/wp-json\/wp\/v2\/pages\/344","targetHints":{"allow":["GET"]}}],"collection":[{"href":"https:\/\/artigonews.com\/vi\/wp-json\/wp\/v2\/pages"}],"about":[{"href":"https:\/\/artigonews.com\/vi\/wp-json\/wp\/v2\/types\/page"}],"author":[{"embeddable":true,"href":"https:\/\/artigonews.com\/vi\/wp-json\/wp\/v2\/users\/1"}],"replies":[{"embeddable":true,"href":"https:\/\/artigonews.com\/vi\/wp-json\/wp\/v2\/comments?post=344"}],"version-history":[{"count":1,"href":"https:\/\/artigonews.com\/vi\/wp-json\/wp\/v2\/pages\/344\/revisions"}],"predecessor-version":[{"id":345,"href":"https:\/\/artigonews.com\/vi\/wp-json\/wp\/v2\/pages\/344\/revisions\/345"}],"wp:attachment":[{"href":"https:\/\/artigonews.com\/vi\/wp-json\/wp\/v2\/media?parent=344"}],"curies":[{"name":"wp","href":"https:\/\/api.w.org\/{rel}","templated":true}]}}